{"id":983,"date":"2026-03-22T15:33:44","date_gmt":"2026-03-22T15:33:44","guid":{"rendered":"https:\/\/thomasaudio.se\/?post_type=product&#038;p=983"},"modified":"2026-04-01T16:06:35","modified_gmt":"2026-04-01T16:06:35","slug":"jan-lundgren-trio-lagaylia-frazier-until-its-time-live","status":"publish","type":"product","link":"https:\/\/thomasaudio.se\/butik\/album\/jan-lundgren-trio-lagaylia-frazier-until-its-time-live\/","title":{"rendered":"Jan Lundgren Trio &#038; LaGaylia Frazier &#8211; Until It&#8217;s Time (live)"},"content":{"rendered":"<p>LaGaylia Frazier &#8211; s\u00e5ng<br \/>\nJan Lundgren &#8211; piano<br \/>\nMattias Svensson &#8211; bas<br \/>\nZoltan Cs\u00f6rsz &#8211; trummor<\/p>\n<p>G\u00e4startister:<br \/>\nHal Frazier &#8211; s\u00e5ng<br \/>\nAndy Pfeiler &#8211; gitarr<br \/>\nJonas Johansen &#8211; trummor<\/p>\n<p>LaGaylia Frazier \u00e4r souls\u00e5ngerska med jazzen i sina gener och Jan Lundgren \u00e4r internationellt ryktbar jazzpianist. N\u00e4r de m\u00f6ts p\u00e5 skivan &#8221;LaGaylia Frazier &amp; Jan Lundgren Trio &#8211; Until it&#8217;s Time&#8221; tar de varandras uttryck till nya niv\u00e5er. Soul med jazzens m\u00e5ngbottnade k\u00e4nsla och jazz med soulens intensiva v\u00e4rme.<\/p>\n<p>&#8221;LaGaylia har tillf\u00f6rt n\u00e5got nytt i min musik &#8211; inget snack om den saken&#8221;, s\u00e4ger Jan Lundgren som varit etablerad jazzmusiker sedan tidigt 1990-tal.<br \/>\n&#8221;Jag vill sjunga p\u00e5 samma s\u00e4tt som Jan spelar&#8221;, s\u00e4ger LaGaylia Frazier en av Sveriges mest hyllade souls\u00e5ngerskor.<\/p>\n<p>1 Until It&#8217;s Time For You To go<br \/>\n2 When We Say Goodbye<br \/>\n3 I&#8217;m All Smiles<br \/>\n4 The Shadow of Your Smile<br \/>\n5 Walkin&#8217; After Midnight<br \/>\n6 Jean<br \/>\n7 If You Go<br \/>\n8 Inner City Blues<br \/>\n9 What&#8217;s Going On<\/p>\n","protected":false},"excerpt":{"rendered":"<p>LaGaylia Frazier &#8211; s\u00e5ng Jan Lundgren &#8211; piano Mattias Svensson &#8211; bas Zoltan Cs\u00f6rsz &#8211; trummor G\u00e4startister: Hal Frazier &#8211; s\u00e5ng Andy Pfeiler &#8211; gitarr Jonas Johansen &#8211; trummor LaGaylia Frazier \u00e4r souls\u00e5ngerska med jazzen i sina gener och Jan Lundgren \u00e4r internationellt ryktbar jazzpianist. N\u00e4r de m\u00f6ts p\u00e5 skivan &#8221;LaGaylia Frazier &amp; Jan Lundgren&#8230;<\/p>\n","protected":false},"featured_media":1004,"template":"","meta":[],"product_brand":[32],"product_cat":[16],"product_tag":[18,257],"class_list":{"0":"post-983","1":"product","2":"type-product","3":"status-publish","4":"has-post-thumbnail","6":"product_brand-prophone","7":"product_cat-album","8":"product_tag-cd","9":"product_tag-jazz-soul","11":"first","12":"instock","13":"shipping-taxable","14":"purchasable","15":"product-type-simple"},"_links":{"self":[{"href":"https:\/\/thomasaudio.se\/wp-json\/wp\/v2\/product\/983","targetHints":{"allow":["GET"]}}],"collection":[{"href":"https:\/\/thomasaudio.se\/wp-json\/wp\/v2\/product"}],"about":[{"href":"https:\/\/thomasaudio.se\/wp-json\/wp\/v2\/types\/product"}],"wp:featuredmedia":[{"embeddable":true,"href":"https:\/\/thomasaudio.se\/wp-json\/wp\/v2\/media\/1004"}],"wp:attachment":[{"href":"https:\/\/thomasaudio.se\/wp-json\/wp\/v2\/media?parent=983"}],"wp:term":[{"taxonomy":"product_brand","embeddable":true,"href":"https:\/\/thomasaudio.se\/wp-json\/wp\/v2\/product_brand?post=983"},{"taxonomy":"product_cat","embeddable":true,"href":"https:\/\/thomasaudio.se\/wp-json\/wp\/v2\/product_cat?post=983"},{"taxonomy":"product_tag","embeddable":true,"href":"https:\/\/thomasaudio.se\/wp-json\/wp\/v2\/product_tag?post=983"}],"curies":[{"name":"wp","href":"https:\/\/api.w.org\/{rel}","templated":true}]}}