{"id":978,"date":"2026-03-22T13:38:05","date_gmt":"2026-03-22T13:38:05","guid":{"rendered":"https:\/\/thomasaudio.se\/?post_type=product&#038;p=978"},"modified":"2026-04-01T16:09:46","modified_gmt":"2026-04-01T16:09:46","slug":"anders-hagberg-with-hope","status":"publish","type":"product","link":"https:\/\/thomasaudio.se\/?product=anders-hagberg-with-hope","title":{"rendered":"Anders Hagberg &#8211; With Hope"},"content":{"rendered":"<p>En rad l\u00e4nkar till reviews som visar p\u00e5 en stor succ\u00e9:<br \/>\n<a href=\"https:\/\/www.kulturdelen.com\/2025\/10\/20\/cd-with-hope-med-anders-hagberg-quartet\/\" target=\"_blank\" rel=\"noopener\">Kulturdelen\/Sten Wistrand\u00a0<\/a><br \/>\n<a href=\"https:\/\/www.opulens.se\/musik\/kangas-klanger-svensk-jazz-lyser-upp-hostmorkret\/\" target=\"_blank\" rel=\"noopener\">Magazine Opulens<\/a><br \/>\n<a href=\"http:\/\/Anders Hagberg - With Hope - Paris Move\" target=\"_blank\" rel=\"noopener\">Frankrike<\/a><br \/>\n<a href=\"https:\/\/jazzweekly.com\/2025\/08\/anders-hagberg-with-hope-fuel\/\" target=\"_blank\" rel=\"noopener\">USA<\/a><br \/>\n<a href=\"https:\/\/salt-peanuts.eu\/record\/anders-hagberg-3\/\" target=\"_blank\" rel=\"noopener\">Danmark<\/a><br \/>\n<a href=\"http:\/\/www.adambaruch.com\/reviews_item.asp?item=108332\" target=\"_blank\" rel=\"noopener\">Israel<\/a><br \/>\n<a href=\"https:\/\/www.jazz-fun.de\/anders-hagberg-with-hope.html\" target=\"_blank\" rel=\"noopener\">Tyskland<\/a><br \/>\n<a href=\"https:\/\/wildernessviking.blogspot.com\/2025\/10\/anders-hagberg-2025-with-hope.html\" target=\"_blank\" rel=\"noopener\">Norge<\/a><br \/>\n<a href=\"https:\/\/donos.home.blog\/2025\/10\/08\/anders-hagberg-with-hope\/\" target=\"_blank\" rel=\"noopener\">Polen<\/a><br \/>\n<a href=\"https:\/\/www.textura.org\/archives\/h\/hagberg_withhope.htm\" target=\"_blank\" rel=\"noopener\">Canada<\/a><br \/>\n<a href=\"https:\/\/lahabitaciondeljazz.blogspot.com\/2025\/10\/anders-hagberg-cd-with-hope.html\" target=\"_blank\" rel=\"noopener\">Spanien<\/a><\/p>\n<p>1 Elasticity of Trees<br \/>\n2 Elegy<br \/>\n3 Ruins<br \/>\n4 Welcome for Allie<br \/>\n5 Circle no2<br \/>\n6 With Hope<br \/>\n7 Arctic Call<br \/>\n8 Evening Hymn from Gammelsvenskby<br \/>\n9 Sisters for Lo &amp; Ebba<br \/>\n10 Woods in Blue<br \/>\n11 O Magnum Mysterium<\/p>\n","protected":false},"excerpt":{"rendered":"<p>En rad l\u00e4nkar till reviews som visar p\u00e5 en stor succ\u00e9: Kulturdelen\/Sten Wistrand\u00a0 Magazine Opulens Frankrike USA Danmark Israel Tyskland Norge Polen Canada Spanien 1 Elasticity of Trees 2 Elegy 3 Ruins 4 Welcome for Allie 5 Circle no2 6 With Hope 7 Arctic Call 8 Evening Hymn from Gammelsvenskby 9 Sisters for Lo &amp;&#8230;<\/p>\n","protected":false},"featured_media":979,"template":"","meta":[],"product_brand":[32],"product_cat":[16],"product_tag":[18,19],"class_list":{"0":"post-978","1":"product","2":"type-product","3":"status-publish","4":"has-post-thumbnail","6":"product_brand-prophone","7":"product_cat-album","8":"product_tag-cd","9":"product_tag-jazz","11":"first","12":"instock","13":"shipping-taxable","14":"purchasable","15":"product-type-simple"},"_links":{"self":[{"href":"https:\/\/thomasaudio.se\/index.php?rest_route=\/wp\/v2\/product\/978","targetHints":{"allow":["GET"]}}],"collection":[{"href":"https:\/\/thomasaudio.se\/index.php?rest_route=\/wp\/v2\/product"}],"about":[{"href":"https:\/\/thomasaudio.se\/index.php?rest_route=\/wp\/v2\/types\/product"}],"wp:featuredmedia":[{"embeddable":true,"href":"https:\/\/thomasaudio.se\/index.php?rest_route=\/wp\/v2\/media\/979"}],"wp:attachment":[{"href":"https:\/\/thomasaudio.se\/index.php?rest_route=%2Fwp%2Fv2%2Fmedia&parent=978"}],"wp:term":[{"taxonomy":"product_brand","embeddable":true,"href":"https:\/\/thomasaudio.se\/index.php?rest_route=%2Fwp%2Fv2%2Fproduct_brand&post=978"},{"taxonomy":"product_cat","embeddable":true,"href":"https:\/\/thomasaudio.se\/index.php?rest_route=%2Fwp%2Fv2%2Fproduct_cat&post=978"},{"taxonomy":"product_tag","embeddable":true,"href":"https:\/\/thomasaudio.se\/index.php?rest_route=%2Fwp%2Fv2%2Fproduct_tag&post=978"}],"curies":[{"name":"wp","href":"https:\/\/api.w.org\/{rel}","templated":true}]}}