{"id":974,"date":"2026-03-22T09:11:03","date_gmt":"2026-03-22T09:11:03","guid":{"rendered":"https:\/\/thomasaudio.se\/?post_type=product&#038;p=974"},"modified":"2026-03-22T09:29:09","modified_gmt":"2026-03-22T09:29:09","slug":"anders-hagberg-north","status":"publish","type":"product","link":"https:\/\/thomasaudio.se\/?product=anders-hagberg-north","title":{"rendered":"Anders Hagberg &#8211; North"},"content":{"rendered":"<p>LIRA GILLAR!<br \/>\n&#8221;Dessa musikers id\u00e9er sm\u00e4lter samman till en enhet som str\u00e5lar av nordiskt ljus. Stundtals \u00e4r det \u00f6gont\u00e5rande vackert, melodiskt och harmoniskt, men aldrig f\u00f6r en sekund tr\u00e5kigt eller f\u00f6ruts\u00e4gbart.&#8221;<br \/>\n\/\/ Lira<\/p>\n<p>Anders Hagberg \u2013 tv\u00e4rfl\u00f6jt<br \/>\nJoona Toivanen \u2013 piano<br \/>\nJohannes Lundberg \u2013 kontrabas<br \/>\nHelge Norbakken \u2013 trummor<\/p>\n<p>1 Islands of the north<br \/>\n2 Inga<br \/>\n3 Avenue junot<br \/>\n4 North<br \/>\n5 Four three<br \/>\n6 Melodic modes<br \/>\n7 Gi??a<br \/>\n8 Silent ways<br \/>\n9 Children<\/p>\n","protected":false},"excerpt":{"rendered":"<p>LIRA GILLAR! &#8221;Dessa musikers id\u00e9er sm\u00e4lter samman till en enhet som str\u00e5lar av nordiskt ljus. Stundtals \u00e4r det \u00f6gont\u00e5rande vackert, melodiskt och harmoniskt, men aldrig f\u00f6r en sekund tr\u00e5kigt eller f\u00f6ruts\u00e4gbart.&#8221; \/\/ Lira Anders Hagberg \u2013 tv\u00e4rfl\u00f6jt Joona Toivanen \u2013 piano Johannes Lundberg \u2013 kontrabas Helge Norbakken \u2013 trummor 1 Islands of the north 2&#8230;<\/p>\n","protected":false},"featured_media":975,"template":"","meta":[],"product_brand":[32],"product_cat":[16],"product_tag":[18,19],"class_list":{"0":"post-974","1":"product","2":"type-product","3":"status-publish","4":"has-post-thumbnail","6":"product_brand-prophone","7":"product_cat-album","8":"product_tag-cd","9":"product_tag-jazz","11":"first","12":"instock","13":"shipping-taxable","14":"purchasable","15":"product-type-simple"},"_links":{"self":[{"href":"https:\/\/thomasaudio.se\/index.php?rest_route=\/wp\/v2\/product\/974","targetHints":{"allow":["GET"]}}],"collection":[{"href":"https:\/\/thomasaudio.se\/index.php?rest_route=\/wp\/v2\/product"}],"about":[{"href":"https:\/\/thomasaudio.se\/index.php?rest_route=\/wp\/v2\/types\/product"}],"wp:featuredmedia":[{"embeddable":true,"href":"https:\/\/thomasaudio.se\/index.php?rest_route=\/wp\/v2\/media\/975"}],"wp:attachment":[{"href":"https:\/\/thomasaudio.se\/index.php?rest_route=%2Fwp%2Fv2%2Fmedia&parent=974"}],"wp:term":[{"taxonomy":"product_brand","embeddable":true,"href":"https:\/\/thomasaudio.se\/index.php?rest_route=%2Fwp%2Fv2%2Fproduct_brand&post=974"},{"taxonomy":"product_cat","embeddable":true,"href":"https:\/\/thomasaudio.se\/index.php?rest_route=%2Fwp%2Fv2%2Fproduct_cat&post=974"},{"taxonomy":"product_tag","embeddable":true,"href":"https:\/\/thomasaudio.se\/index.php?rest_route=%2Fwp%2Fv2%2Fproduct_tag&post=974"}],"curies":[{"name":"wp","href":"https:\/\/api.w.org\/{rel}","templated":true}]}}