{"id":971,"date":"2026-03-22T08:39:39","date_gmt":"2026-03-22T08:39:39","guid":{"rendered":"https:\/\/thomasaudio.se\/?post_type=product&#038;p=971"},"modified":"2026-04-01T16:13:17","modified_gmt":"2026-04-01T16:13:17","slug":"bohuslan-big-band-kathrine-windfeld-determination","status":"publish","type":"product","link":"https:\/\/thomasaudio.se\/butik\/album\/bohuslan-big-band-kathrine-windfeld-determination\/","title":{"rendered":"Bohusl\u00e4n Big Band &#8211; Kathrine Windfeld: Determination"},"content":{"rendered":"<p>Komposit\u00f6r: Kathrine Windfeld<\/p>\n<p>&#8221;Att komponera f\u00f6r Bohusl\u00e4n Big Band har varit en stor utmaning och ett n\u00f6je.<br \/>\nMed de enskilda musikerna och bandets sound i \u00e5tanke f\u00f6rs\u00f6kte jag forma musiken p\u00e5 ett s\u00e4tt som framh\u00e4ver varje bandmedlems specifika egenskaper.<\/p>\n<p>Ist\u00e4llet f\u00f6r att begr\u00e4nsa skrivandet till ett specifikt tema l\u00e4t jag mina id\u00e9er fl\u00f6da och satte mig till pianot n\u00e4r en id\u00e9 d\u00f6k upp.<br \/>\nResultatet \u00e4r sju stycken, sammanbundna av bandets sound vilket speglar min syn p\u00e5 samtida storbandsmusik. Jag vill uttrycka en djup tacksamhet f\u00f6r fantastiska stunder i repetitionsrummet, p\u00e5 scenen och i studion. H\u00f6ga ambitioner och fantastisk entusiasm gav optimala f\u00f6ruts\u00e4ttningar f\u00f6r att skapa musik tillsammans med denna enast\u00e5ende orkester.<br \/>\n\/\/ Kathrine Windfeld<\/p>\n<p>1 Crescendo<br \/>\n2 Safe And Sorrow<br \/>\n3 Weaver<br \/>\n4 Determination<br \/>\n5 We Will Depart<br \/>\n6 Block<br \/>\n7 Bloom<\/p>\n","protected":false},"excerpt":{"rendered":"<p>Musiken har en detaljrik\u00a0 luftighet i ljudbilden som g\u00f6r att man inte t\u00e4nker &#8221;storband.&#8221;<br \/>\n\/Thomas<\/p>\n<p>H\u00f6gt betyg 4 (av 5) i Dagens Nyheter!<br \/>\n&#8221;Windfeld har f\u00f6rm\u00e5gan att pr\u00e4gla hela klangen hos en stor orkester&#8221;<br \/>\n\/ Johannes Cornell, DN<\/p>\n<p>&#8221;..In any case, in seven tracks, Windfeld and the Bohusl\u00e4n Big Band offer an extremely delicate album behind which Maria Schneider&#8217;s touch is evident. And when you follow in someone&#8217;s footsteps, you might as well choose a great talent. And that is precisely what happens here.&#8221;<br \/>\n\/ <a href=\"https:\/\/www.citizenjazz.com\/Kathrine-Windfeld-Bohuslan-Big-Band.html\" target=\"_blank\" rel=\"noopener\">Citizen Case<\/a><\/p>\n","protected":false},"featured_media":972,"template":"","meta":[],"product_brand":[32],"product_cat":[16],"product_tag":[18,19],"class_list":{"0":"post-971","1":"product","2":"type-product","3":"status-publish","4":"has-post-thumbnail","6":"product_brand-prophone","7":"product_cat-album","8":"product_tag-cd","9":"product_tag-jazz","11":"first","12":"instock","13":"shipping-taxable","14":"purchasable","15":"product-type-simple"},"_links":{"self":[{"href":"https:\/\/thomasaudio.se\/wp-json\/wp\/v2\/product\/971","targetHints":{"allow":["GET"]}}],"collection":[{"href":"https:\/\/thomasaudio.se\/wp-json\/wp\/v2\/product"}],"about":[{"href":"https:\/\/thomasaudio.se\/wp-json\/wp\/v2\/types\/product"}],"wp:featuredmedia":[{"embeddable":true,"href":"https:\/\/thomasaudio.se\/wp-json\/wp\/v2\/media\/972"}],"wp:attachment":[{"href":"https:\/\/thomasaudio.se\/wp-json\/wp\/v2\/media?parent=971"}],"wp:term":[{"taxonomy":"product_brand","embeddable":true,"href":"https:\/\/thomasaudio.se\/wp-json\/wp\/v2\/product_brand?post=971"},{"taxonomy":"product_cat","embeddable":true,"href":"https:\/\/thomasaudio.se\/wp-json\/wp\/v2\/product_cat?post=971"},{"taxonomy":"product_tag","embeddable":true,"href":"https:\/\/thomasaudio.se\/wp-json\/wp\/v2\/product_tag?post=971"}],"curies":[{"name":"wp","href":"https:\/\/api.w.org\/{rel}","templated":true}]}}