{"id":967,"date":"2026-03-21T20:11:56","date_gmt":"2026-03-21T20:11:56","guid":{"rendered":"https:\/\/thomasaudio.se\/?post_type=product&#038;p=967"},"modified":"2026-04-01T16:15:39","modified_gmt":"2026-04-01T16:15:39","slug":"967","status":"publish","type":"product","link":"https:\/\/thomasaudio.se\/?product=967","title":{"rendered":"Peter Bergander Trio &#8211; Kierkegaard\u00b4s Waltz"},"content":{"rendered":"<p>Petter Bergander &#8211; piano<br \/>\nEva Kruse &#8211; kontrabas<br \/>\nRobert Mehmet Sinan Ikiz &#8211; trummor<\/p>\n<p>Petter Bergander Trios Kierkegaard\u00b4s Waltz har energisk och melodi\u00f6s jazz, en uppf\u00f6ljare till den uppskattade debuten The Grand Dance fr\u00e5n 2015. De kallades \u201dinnovativa\u201d, \u201dr\u00e5-roliga\u201d och albumet f\u00f6r \u201den briljant debut\u201d, vilket genererade till livekonserter p\u00e5 b\u00e5de svenska och internationella scener. H\u00e4r finns den skickliga kontrabasisten Eva Kruse i studion.<\/p>\n<p>1 Kierkegaard\u2019s Waltz<br \/>\n2 Starman<br \/>\n3 Lyttel\u00e4 Paradise<br \/>\n4 The Return Of The Afghan Boy<br \/>\n5 One For Miss G<br \/>\n6 Laike<br \/>\n7 My Simple Song<br \/>\n8 Chickenized<br \/>\n9 One Night At Fasching<\/p>\n","protected":false},"excerpt":{"rendered":"<p>Petter Bergander &#8211; piano Eva Kruse &#8211; kontrabas Robert Mehmet Sinan Ikiz &#8211; trummor Petter Bergander Trios Kierkegaard\u00b4s Waltz har energisk och melodi\u00f6s jazz, en uppf\u00f6ljare till den uppskattade debuten The Grand Dance fr\u00e5n 2015. De kallades \u201dinnovativa\u201d, \u201dr\u00e5-roliga\u201d och albumet f\u00f6r \u201den briljant debut\u201d, vilket genererade till livekonserter p\u00e5 b\u00e5de svenska och internationella scener&#8230;.<\/p>\n","protected":false},"featured_media":968,"template":"","meta":[],"product_brand":[32],"product_cat":[16],"product_tag":[18,19],"class_list":{"0":"post-967","1":"product","2":"type-product","3":"status-publish","4":"has-post-thumbnail","6":"product_brand-prophone","7":"product_cat-album","8":"product_tag-cd","9":"product_tag-jazz","11":"first","12":"instock","13":"shipping-taxable","14":"purchasable","15":"product-type-simple"},"_links":{"self":[{"href":"https:\/\/thomasaudio.se\/index.php?rest_route=\/wp\/v2\/product\/967","targetHints":{"allow":["GET"]}}],"collection":[{"href":"https:\/\/thomasaudio.se\/index.php?rest_route=\/wp\/v2\/product"}],"about":[{"href":"https:\/\/thomasaudio.se\/index.php?rest_route=\/wp\/v2\/types\/product"}],"wp:featuredmedia":[{"embeddable":true,"href":"https:\/\/thomasaudio.se\/index.php?rest_route=\/wp\/v2\/media\/968"}],"wp:attachment":[{"href":"https:\/\/thomasaudio.se\/index.php?rest_route=%2Fwp%2Fv2%2Fmedia&parent=967"}],"wp:term":[{"taxonomy":"product_brand","embeddable":true,"href":"https:\/\/thomasaudio.se\/index.php?rest_route=%2Fwp%2Fv2%2Fproduct_brand&post=967"},{"taxonomy":"product_cat","embeddable":true,"href":"https:\/\/thomasaudio.se\/index.php?rest_route=%2Fwp%2Fv2%2Fproduct_cat&post=967"},{"taxonomy":"product_tag","embeddable":true,"href":"https:\/\/thomasaudio.se\/index.php?rest_route=%2Fwp%2Fv2%2Fproduct_tag&post=967"}],"curies":[{"name":"wp","href":"https:\/\/api.w.org\/{rel}","templated":true}]}}