{"id":960,"date":"2026-03-21T17:13:59","date_gmt":"2026-03-21T17:13:59","guid":{"rendered":"https:\/\/thomasaudio.se\/?post_type=product&#038;p=960"},"modified":"2026-04-01T16:19:51","modified_gmt":"2026-04-01T16:19:51","slug":"ingrid-schyborger-in-love-with-the-world","status":"publish","type":"product","link":"https:\/\/thomasaudio.se\/?product=ingrid-schyborger-in-love-with-the-world","title":{"rendered":"Ingrid Schyborger &#8211; In Love with the World"},"content":{"rendered":"<p>&#8221;In Love with the World&#8221; \u00e4r hennes debutalbum. Men det hon har med sig in i studion \u00e4r musik, berikad med en stor portion kunskap.<br \/>\nIngrid Schyborger \u00e4r en 25-\u00e5rig konstn\u00e4r, komposit\u00f6r, filmmusiker och basist som bor i Stockholm och vid endast nio \u00e5rs \u00e5lder b\u00f6rjade hon \u00e4ven spela cello och elbas. Hon h\u00f6r till de mest intressanta basisterna p\u00e5 den moderna jazzscenen just nu, d\u00e4r hon blir snabbt erk\u00e4nd b\u00e5de som komposit\u00f6r och musiker och har spelat med flera framst\u00e5ende artister i Europa och USA.<\/p>\n<p>Ingrid Schyborger &#8211; bas<br \/>\nIan Cleaver &#8211; Trumpet<br \/>\nTommaso Perazzo &#8211; Piano<br \/>\nRogerio Boccato &#8211; Trummor och slagverk<br \/>\nYuko Kawasaki &#8211; S\u00e5ng (Universum)<\/p>\n<p>Thu-An Duong &#8211; Fiol I<br \/>\nMark Chen &#8211; Fiol II<br \/>\nAriana Mascari &#8211; Viola<br \/>\nWick Simmons &#8211; Cello<\/p>\n<p>1 Beginning<br \/>\n2 Human Being<br \/>\n3 In the Deep Sea<br \/>\n4 Birds &amp; US PT. 1<br \/>\n5 Birds &amp; US PT. 2<br \/>\n6 Passion<br \/>\n7 In Love With the World<br \/>\n8 Universe<br \/>\n9 Vulnerable\/No Words<br \/>\n10 Interlude<br \/>\n11 Patience<br \/>\n12 Your Inner self<\/p>\n","protected":false},"excerpt":{"rendered":"<p>&#8221;In Love with the World&#8221; \u00e4r hennes debutalbum. Men det hon har med sig in i studion \u00e4r musik, berikad med en stor portion kunskap. Ingrid Schyborger \u00e4r en 25-\u00e5rig konstn\u00e4r, komposit\u00f6r, filmmusiker och basist som bor i Stockholm och vid endast nio \u00e5rs \u00e5lder b\u00f6rjade hon \u00e4ven spela cello och elbas. Hon h\u00f6r till&#8230;<\/p>\n","protected":false},"featured_media":961,"template":"","meta":[],"product_brand":[32],"product_cat":[16],"product_tag":[18,19],"class_list":{"0":"post-960","1":"product","2":"type-product","3":"status-publish","4":"has-post-thumbnail","6":"product_brand-prophone","7":"product_cat-album","8":"product_tag-cd","9":"product_tag-jazz","11":"first","12":"instock","13":"shipping-taxable","14":"purchasable","15":"product-type-simple"},"_links":{"self":[{"href":"https:\/\/thomasaudio.se\/index.php?rest_route=\/wp\/v2\/product\/960","targetHints":{"allow":["GET"]}}],"collection":[{"href":"https:\/\/thomasaudio.se\/index.php?rest_route=\/wp\/v2\/product"}],"about":[{"href":"https:\/\/thomasaudio.se\/index.php?rest_route=\/wp\/v2\/types\/product"}],"wp:featuredmedia":[{"embeddable":true,"href":"https:\/\/thomasaudio.se\/index.php?rest_route=\/wp\/v2\/media\/961"}],"wp:attachment":[{"href":"https:\/\/thomasaudio.se\/index.php?rest_route=%2Fwp%2Fv2%2Fmedia&parent=960"}],"wp:term":[{"taxonomy":"product_brand","embeddable":true,"href":"https:\/\/thomasaudio.se\/index.php?rest_route=%2Fwp%2Fv2%2Fproduct_brand&post=960"},{"taxonomy":"product_cat","embeddable":true,"href":"https:\/\/thomasaudio.se\/index.php?rest_route=%2Fwp%2Fv2%2Fproduct_cat&post=960"},{"taxonomy":"product_tag","embeddable":true,"href":"https:\/\/thomasaudio.se\/index.php?rest_route=%2Fwp%2Fv2%2Fproduct_tag&post=960"}],"curies":[{"name":"wp","href":"https:\/\/api.w.org\/{rel}","templated":true}]}}