{"id":955,"date":"2026-03-21T14:35:51","date_gmt":"2026-03-21T14:35:51","guid":{"rendered":"https:\/\/thomasaudio.se\/?post_type=product&#038;p=955"},"modified":"2026-04-01T16:21:48","modified_gmt":"2026-04-01T16:21:48","slug":"955","status":"publish","type":"product","link":"https:\/\/thomasaudio.se\/?product=955","title":{"rendered":"Emmalisa Hallander &#8211; Out Of Reach"},"content":{"rendered":"<p>S\u00e5ngerskor med fin k\u00e4nsla i finns det g\u00e5tt om i jazzgenren. Men en del f\u00e5r mig att lyssna med extra stort engagemang fr\u00e5n f\u00f6rsta sekunden och sedan hela albumet igenom. Emmalisa Hallander \u00e4r en s\u00e5dan s\u00e5ngerska. S\u00e4ttet hon sjunger p\u00e5 ger mig starka vibbar till de stora s\u00e5ngerskorna som fanns under 50-60-talet.<br \/>\n\/\/Thomas<\/p>\n<p>Emmalisa &#8211; s\u00e5ng<br \/>\nFilip Ekestubbe &#8211; piano<br \/>\nNiklas Fernqvist &#8211; kontrabas<br \/>\nHenrik J\u00e4derberg &#8211; trummor<br \/>\nG\u00e4ster:<br \/>\nPeter Asplund &#8211; trumpet<br \/>\nPer Texas Johansson &#8211; saxofon<br \/>\nStr\u00e5kkvartett:<br \/>\nDaniel Migdal &#8211; violin 1<br \/>\nJonna Simonsson &#8211; violin 2<br \/>\nRiikka Repo &#8211; viola<br \/>\nAmalie Stalheim &#8211; cello<\/p>\n<p>1 At the End of the Tunnel<br \/>\n2 I\u2019ll String Along with You<br \/>\n3 Month of May<br \/>\n4 Umbrella Drinks and Peaches<br \/>\n5 Before You<br \/>\n6 AndSoIt Begins<br \/>\n7 Rain in July<br \/>\n8 Seesaw<br \/>\n9 A Singer\u2019s Dilemma<br \/>\n10 Street of Dreams<\/p>\n","protected":false},"excerpt":{"rendered":"<p>S\u00e5ngerskor med fin k\u00e4nsla i finns det g\u00e5tt om i jazzgenren. Men en del f\u00e5r mig att lyssna med extra stort engagemang fr\u00e5n f\u00f6rsta sekunden och sedan hela albumet igenom. Emmalisa Hallander \u00e4r en s\u00e5dan s\u00e5ngerska. S\u00e4ttet hon sjunger p\u00e5 ger mig starka vibbar till de stora s\u00e5ngerskorna som fanns under 50-60-talet. \/\/Thomas Emmalisa &#8211;&#8230;<\/p>\n","protected":false},"featured_media":956,"template":"","meta":[],"product_brand":[32],"product_cat":[16],"product_tag":[18,19,23],"class_list":{"0":"post-955","1":"product","2":"type-product","3":"status-publish","4":"has-post-thumbnail","6":"product_brand-prophone","7":"product_cat-album","8":"product_tag-cd","9":"product_tag-jazz","10":"product_tag-vinyl","12":"first","13":"instock","14":"shipping-taxable","15":"purchasable","16":"product-type-variable"},"_links":{"self":[{"href":"https:\/\/thomasaudio.se\/index.php?rest_route=\/wp\/v2\/product\/955","targetHints":{"allow":["GET"]}}],"collection":[{"href":"https:\/\/thomasaudio.se\/index.php?rest_route=\/wp\/v2\/product"}],"about":[{"href":"https:\/\/thomasaudio.se\/index.php?rest_route=\/wp\/v2\/types\/product"}],"wp:featuredmedia":[{"embeddable":true,"href":"https:\/\/thomasaudio.se\/index.php?rest_route=\/wp\/v2\/media\/956"}],"wp:attachment":[{"href":"https:\/\/thomasaudio.se\/index.php?rest_route=%2Fwp%2Fv2%2Fmedia&parent=955"}],"wp:term":[{"taxonomy":"product_brand","embeddable":true,"href":"https:\/\/thomasaudio.se\/index.php?rest_route=%2Fwp%2Fv2%2Fproduct_brand&post=955"},{"taxonomy":"product_cat","embeddable":true,"href":"https:\/\/thomasaudio.se\/index.php?rest_route=%2Fwp%2Fv2%2Fproduct_cat&post=955"},{"taxonomy":"product_tag","embeddable":true,"href":"https:\/\/thomasaudio.se\/index.php?rest_route=%2Fwp%2Fv2%2Fproduct_tag&post=955"}],"curies":[{"name":"wp","href":"https:\/\/api.w.org\/{rel}","templated":true}]}}