{"id":95,"date":"2026-02-16T17:22:16","date_gmt":"2026-02-16T17:22:16","guid":{"rendered":"https:\/\/thomasaudio.se\/?post_type=product&#038;p=95"},"modified":"2026-03-07T09:03:25","modified_gmt":"2026-03-07T09:03:25","slug":"damian-marhulets-constellation-machine","status":"publish","type":"product","link":"https:\/\/thomasaudio.se\/?product=damian-marhulets-constellation-machine","title":{"rendered":"Damian Marhulets &#8211; Constellation Machine"},"content":{"rendered":"<p>S\u00e5ng &#8211; Line B\u00f8gh<br \/>\nNouvelle Philharmonie<\/p>\n<p>Det \u00e4r en fantastisk v\u00e4rld som existerar l\u00e5ngt fr\u00e5n verkligheten men \u00e4nd\u00e5 kan n\u00e5s av vem som helst.<br \/>\np\u00e5 albumet &#8221;Atlas of Imaginary Places&#8221; fr\u00e5n 2021, ritar den tysk-ukrainska pianisten och komposit\u00f6ren en karta \u00f6ver sin fantasi som han fyller med hj\u00e4lp av sin virtuositet, och beskriver platser som &#8221;Diamond Desert&#8221; eller &#8221;Leviathan Town&#8221; p\u00e5 pianot och ger dem liv i lyssnarens sinne. Damian Marhulets &#8221;Constellation Machine&#8221; \u00e4r nu en forts\u00e4ttning p\u00e5 detta koncept d\u00e4r hans album kan betraktas i sitt sammanhang men ocks\u00e5 som st\u00e5r p\u00e5 egna ben. S\u00e5ngen ber\u00e4ttar om fantastiska platser som formats ur hans unika fantasi. F\u00f6r detta lyckades han vinna \u00f6ver den danska s\u00e5ngerskan Line B\u00f8gh, som f\u00f6rstod hans musikaliska skisser utan m\u00e5nga f\u00f6rklaringar och berikade dem med ord, S\u00e5 h\u00e4r s\u00e4ger hon: &#8221;Jag blev f\u00f6rv\u00e5nad \u00f6ver hur skickligt hon kunde utvinna exakt det jag sj\u00e4lv hade i \u00e5tanke musikaliskt fr\u00e5n mina egna, ofullbordade musikaliska id\u00e9er. Det var fascinerande hur bra vi m\u00f6tte varandra.&#8221;<\/p>\n","protected":false},"excerpt":{"rendered":"<p>S\u00e5ng &#8211; Line B\u00f8gh Nouvelle Philharmonie Det \u00e4r en fantastisk v\u00e4rld som existerar l\u00e5ngt fr\u00e5n verkligheten men \u00e4nd\u00e5 kan n\u00e5s av vem som helst. p\u00e5 albumet &#8221;Atlas of Imaginary Places&#8221; fr\u00e5n 2021, ritar den tysk-ukrainska pianisten och komposit\u00f6ren en karta \u00f6ver sin fantasi som han fyller med hj\u00e4lp av sin virtuositet, och beskriver platser som&#8230;<\/p>\n","protected":false},"featured_media":96,"template":"","meta":[],"product_brand":[29],"product_cat":[16],"product_tag":[191,20,23],"class_list":{"0":"post-95","1":"product","2":"type-product","3":"status-publish","4":"has-post-thumbnail","6":"product_brand-neue-meister-musik","7":"product_cat-album","8":"product_tag-damian-marhulets","9":"product_tag-upplevelsemusik","10":"product_tag-vinyl","12":"first","13":"instock","14":"shipping-taxable","15":"purchasable","16":"product-type-simple"},"_links":{"self":[{"href":"https:\/\/thomasaudio.se\/index.php?rest_route=\/wp\/v2\/product\/95","targetHints":{"allow":["GET"]}}],"collection":[{"href":"https:\/\/thomasaudio.se\/index.php?rest_route=\/wp\/v2\/product"}],"about":[{"href":"https:\/\/thomasaudio.se\/index.php?rest_route=\/wp\/v2\/types\/product"}],"wp:featuredmedia":[{"embeddable":true,"href":"https:\/\/thomasaudio.se\/index.php?rest_route=\/wp\/v2\/media\/96"}],"wp:attachment":[{"href":"https:\/\/thomasaudio.se\/index.php?rest_route=%2Fwp%2Fv2%2Fmedia&parent=95"}],"wp:term":[{"taxonomy":"product_brand","embeddable":true,"href":"https:\/\/thomasaudio.se\/index.php?rest_route=%2Fwp%2Fv2%2Fproduct_brand&post=95"},{"taxonomy":"product_cat","embeddable":true,"href":"https:\/\/thomasaudio.se\/index.php?rest_route=%2Fwp%2Fv2%2Fproduct_cat&post=95"},{"taxonomy":"product_tag","embeddable":true,"href":"https:\/\/thomasaudio.se\/index.php?rest_route=%2Fwp%2Fv2%2Fproduct_tag&post=95"}],"curies":[{"name":"wp","href":"https:\/\/api.w.org\/{rel}","templated":true}]}}