{"id":948,"date":"2026-03-21T13:38:25","date_gmt":"2026-03-21T13:38:25","guid":{"rendered":"https:\/\/thomasaudio.se\/?post_type=product&#038;p=948"},"modified":"2026-04-01T17:16:17","modified_gmt":"2026-04-01T17:16:17","slug":"hans-backenrot-for-ray-milt-mjq","status":"publish","type":"product","link":"https:\/\/thomasaudio.se\/?product=hans-backenrot-for-ray-milt-mjq","title":{"rendered":"Hans Backenrot &#8211; For Ray, Milt &#038; MJQ"},"content":{"rendered":"<p>Att hylla Ray Brown borde vara en sj\u00e4lvklar l\u00e4ngtan f\u00f6r en basist.<br \/>\nRaymond Matthews Brown, f\u00f6dd 1926 i Pittsburgh och kom in i New Yorks jazzcentrum med en enkelbiljett 1945 och hade lyckan att f\u00e5 bli upplockad av Dizzy Gillespie och i hans explosiva storband utgjorde stor succ\u00e9. Han ingick sedan i huvuds\u00e4ttningen med Milt Jackson, John Lewis och Kenny Clarke.<\/p>\n<p>Den h\u00e4r fyrkl\u00f6vern gick senare p\u00e5 egen hand, \u00e4ven om han bara stannade i konstellationen en kort tid tack vare sitt nya arbete med s\u00e5ngerskan Ella Fitzgerald och jazz vid The Philharmonic. D\u00e4refter blev han medlem i Oscar Peterson-trion, vilket etablerade honom som en av jazzens mest oklanderligt p\u00e5litliga musiker: fyllig, varm ton, stadig puls och egensinnig, improvisatorisk fantasi.<\/p>\n<p>1 Ray\u2019s Idea<br \/>\n2 S K J<br \/>\n3 Delaunay\u2019s<br \/>\n4 F S R<br \/>\n5 Django<br \/>\n6 Lined With A Groove<br \/>\n7 Vendome<br \/>\n8 Bass Face<br \/>\n9 Reverence<br \/>\n10 Reunion Blues<br \/>\n11 Milano<br \/>\n12 Things Ain\u2019t What They Used To Be \/ Bag\u2019s Groove<\/p>\n","protected":false},"excerpt":{"rendered":"<p>Att hylla Ray Brown borde vara en sj\u00e4lvklar l\u00e4ngtan f\u00f6r en basist. Raymond Matthews Brown, f\u00f6dd 1926 i Pittsburgh och kom in i New Yorks jazzcentrum med en enkelbiljett 1945 och hade lyckan att f\u00e5 bli upplockad av Dizzy Gillespie och i hans explosiva storband utgjorde stor succ\u00e9. Han ingick sedan i huvuds\u00e4ttningen med Milt&#8230;<\/p>\n","protected":false},"featured_media":949,"template":"","meta":[],"product_brand":[32],"product_cat":[16],"product_tag":[18,19],"class_list":{"0":"post-948","1":"product","2":"type-product","3":"status-publish","4":"has-post-thumbnail","6":"product_brand-prophone","7":"product_cat-album","8":"product_tag-cd","9":"product_tag-jazz","11":"first","12":"instock","13":"shipping-taxable","14":"product-type-simple"},"_links":{"self":[{"href":"https:\/\/thomasaudio.se\/index.php?rest_route=\/wp\/v2\/product\/948","targetHints":{"allow":["GET"]}}],"collection":[{"href":"https:\/\/thomasaudio.se\/index.php?rest_route=\/wp\/v2\/product"}],"about":[{"href":"https:\/\/thomasaudio.se\/index.php?rest_route=\/wp\/v2\/types\/product"}],"wp:featuredmedia":[{"embeddable":true,"href":"https:\/\/thomasaudio.se\/index.php?rest_route=\/wp\/v2\/media\/949"}],"wp:attachment":[{"href":"https:\/\/thomasaudio.se\/index.php?rest_route=%2Fwp%2Fv2%2Fmedia&parent=948"}],"wp:term":[{"taxonomy":"product_brand","embeddable":true,"href":"https:\/\/thomasaudio.se\/index.php?rest_route=%2Fwp%2Fv2%2Fproduct_brand&post=948"},{"taxonomy":"product_cat","embeddable":true,"href":"https:\/\/thomasaudio.se\/index.php?rest_route=%2Fwp%2Fv2%2Fproduct_cat&post=948"},{"taxonomy":"product_tag","embeddable":true,"href":"https:\/\/thomasaudio.se\/index.php?rest_route=%2Fwp%2Fv2%2Fproduct_tag&post=948"}],"curies":[{"name":"wp","href":"https:\/\/api.w.org\/{rel}","templated":true}]}}