{"id":943,"date":"2026-03-21T09:26:07","date_gmt":"2026-03-21T09:26:07","guid":{"rendered":"https:\/\/thomasaudio.se\/?post_type=product&#038;p=943"},"modified":"2026-04-01T17:27:03","modified_gmt":"2026-04-01T17:27:03","slug":"ellas-kapell","status":"publish","type":"product","link":"https:\/\/thomasaudio.se\/?product=ellas-kapell","title":{"rendered":"Ellas Kapell &#8211; Ember"},"content":{"rendered":"<p>Lovisa Jennervall &#8211; S\u00e5ng<br \/>\nManne Skafvenstedt &#8211; piano, synthesizers<br \/>\nAugust Eriksson &#8211; kontrabas, elbas, violin<br \/>\nEdvin Gl\u00e4nte &#8211; trummor, percussion<\/p>\n<p>Allt sedan deras bildande 2016 har den <em>svenska jazzkvartetten<\/em>, kollektivt k\u00e4nd som Ellas Kapel, s\u00f6kt sitt eget unika sound. Deras mantra \u00e4r alltid att respektera jazztraditionen samtidigt som de troget f\u00f6ljer sina skandinaviska, kulturella r\u00f6tter.<\/p>\n<p>Som ett resultat av detta har kvartetten sett sj\u00e4lvutveckling som nyckeln till sin egen framg\u00e5ng och under det senaste decenniet har de st\u00e4ndigt utvecklat b\u00e5da metoderna i att arrangera och spela in k\u00e4llmaterialet.<\/p>\n<p>Med albumet Ember har bandet avst\u00e5tt fr\u00e5n att spela in live i studion och ist\u00e4llet tagit sig tid att f\u00f6rbereda varje utvald l\u00e5t och ist\u00e4llet anv\u00e4nt typisk studioteknik f\u00f6r att forma musiken. Anv\u00e4ndningen av olika p\u00e5l\u00e4gg och redigering gjorde det m\u00f6jligt f\u00f6r Ellas Kapell att ge sina fans ny k\u00e4nsla till musiken genom att till altsaxofon och kornett g\u00f6ra till\u00e4gg av elektroniska keyboards och elbas. Det \u00e4r v\u00e5gat men noggrant genomt\u00e4nkt.<\/p>\n<p>Kvartetten har bjudit in nya musiker till studion. Johan Christoffersson, Tobia Wiklund och Gustave Alte finns med p\u00e5 ett par l\u00e5tar.<\/p>\n<p>1 Very Early<br \/>\n2 Didn\u2019t Know What Time It Was<br \/>\n3 All the Things You Are<br \/>\n4 I Cover the Waterfront<br \/>\n5 How Deep Is the Ocean<br \/>\n6 The Very Thought of You<br \/>\n7 Don\u2019t Explain<br \/>\n8 I Fall In Love Too Easily<\/p>\n","protected":false},"excerpt":{"rendered":"<p>Lovisa Jennervall &#8211; S\u00e5ng Manne Skafvenstedt &#8211; piano, synthesizers August Eriksson &#8211; kontrabas, elbas, violin Edvin Gl\u00e4nte &#8211; trummor, percussion Allt sedan deras bildande 2016 har den svenska jazzkvartetten, kollektivt k\u00e4nd som Ellas Kapel, s\u00f6kt sitt eget unika sound. Deras mantra \u00e4r alltid att respektera jazztraditionen samtidigt som de troget f\u00f6ljer sina skandinaviska, kulturella r\u00f6tter&#8230;.<\/p>\n","protected":false},"featured_media":944,"template":"","meta":[],"product_brand":[32],"product_cat":[16],"product_tag":[18,19,23],"class_list":{"0":"post-943","1":"product","2":"type-product","3":"status-publish","4":"has-post-thumbnail","6":"product_brand-prophone","7":"product_cat-album","8":"product_tag-cd","9":"product_tag-jazz","10":"product_tag-vinyl","12":"first","13":"instock","14":"shipping-taxable","15":"purchasable","16":"product-type-variable"},"_links":{"self":[{"href":"https:\/\/thomasaudio.se\/index.php?rest_route=\/wp\/v2\/product\/943","targetHints":{"allow":["GET"]}}],"collection":[{"href":"https:\/\/thomasaudio.se\/index.php?rest_route=\/wp\/v2\/product"}],"about":[{"href":"https:\/\/thomasaudio.se\/index.php?rest_route=\/wp\/v2\/types\/product"}],"wp:featuredmedia":[{"embeddable":true,"href":"https:\/\/thomasaudio.se\/index.php?rest_route=\/wp\/v2\/media\/944"}],"wp:attachment":[{"href":"https:\/\/thomasaudio.se\/index.php?rest_route=%2Fwp%2Fv2%2Fmedia&parent=943"}],"wp:term":[{"taxonomy":"product_brand","embeddable":true,"href":"https:\/\/thomasaudio.se\/index.php?rest_route=%2Fwp%2Fv2%2Fproduct_brand&post=943"},{"taxonomy":"product_cat","embeddable":true,"href":"https:\/\/thomasaudio.se\/index.php?rest_route=%2Fwp%2Fv2%2Fproduct_cat&post=943"},{"taxonomy":"product_tag","embeddable":true,"href":"https:\/\/thomasaudio.se\/index.php?rest_route=%2Fwp%2Fv2%2Fproduct_tag&post=943"}],"curies":[{"name":"wp","href":"https:\/\/api.w.org\/{rel}","templated":true}]}}