{"id":937,"date":"2026-03-20T17:06:06","date_gmt":"2026-03-20T17:06:06","guid":{"rendered":"https:\/\/thomasaudio.se\/?post_type=product&#038;p=937"},"modified":"2026-04-01T17:29:38","modified_gmt":"2026-04-01T17:29:38","slug":"marilyn-crispell-anders-jormin-memento","status":"publish","type":"product","link":"https:\/\/thomasaudio.se\/?product=marilyn-crispell-anders-jormin-memento","title":{"rendered":"Marilyn Crispell &#038; Anders Jormin &#8211; Memento"},"content":{"rendered":"<p>P\u00e5 ECM medverkade den amerikanske pianisten Crispell tidigare i Jormins cykel av sakrala s\u00e5nger, &#8217;In Winds, In Light&#8217; och hon har tillskrivit den svenska basisten som en influens p\u00e5 sitt eget musikaliska t\u00e4nkande: &#8221;N\u00e4r jag h\u00f6rde Anders spela, ber\u00f6rde det en ton i mig som resonerade starkt.&#8221;<\/p>\n<p>Memento b\u00f6rjar med en kraftfull sekvens av\u00a0 duo-improvisationer innan den forts\u00e4tter till kompositioner av var och en av musikerna. Albumet avslutas med &#8221;Dragonfly&#8221;, till\u00e4gnad minnet av Gary Peacock. Genom hela albumet finns i ljud\u00e5tergivningen den detaljh\u00f6jande akustiken i Luganos Auditorio Stelio Molo RSI.<\/p>\n<p>1 For the Children<br \/>\n2 Dialogue<br \/>\n3 Embracing the Otherness<br \/>\n4 Contemplation in D<br \/>\n5 Three Shades of a House &#8211; Morning<br \/>\n6 Three Shades of a House &#8211; Evening<br \/>\n7 Song<br \/>\n8 Memento<br \/>\n9 Beach at Newquay<br \/>\n10 The Dark Light<br \/>\n11 Dragonfly<\/p>\n","protected":false},"excerpt":{"rendered":"<p>P\u00e5 ECM medverkade den amerikanske pianisten Crispell tidigare i Jormins cykel av sakrala s\u00e5nger, &#8217;In Winds, In Light&#8217; och hon har tillskrivit den svenska basisten som en influens p\u00e5 sitt eget musikaliska t\u00e4nkande: &#8221;N\u00e4r jag h\u00f6rde Anders spela, ber\u00f6rde det en ton i mig som resonerade starkt.&#8221; Memento b\u00f6rjar med en kraftfull sekvens av\u00a0 duo-improvisationer&#8230;<\/p>\n","protected":false},"featured_media":938,"template":"","meta":[],"product_brand":[26],"product_cat":[16],"product_tag":[18,19],"class_list":{"0":"post-937","1":"product","2":"type-product","3":"status-publish","4":"has-post-thumbnail","6":"product_brand-ecm","7":"product_cat-album","8":"product_tag-cd","9":"product_tag-jazz","11":"first","12":"instock","13":"shipping-taxable","14":"purchasable","15":"product-type-simple"},"_links":{"self":[{"href":"https:\/\/thomasaudio.se\/index.php?rest_route=\/wp\/v2\/product\/937","targetHints":{"allow":["GET"]}}],"collection":[{"href":"https:\/\/thomasaudio.se\/index.php?rest_route=\/wp\/v2\/product"}],"about":[{"href":"https:\/\/thomasaudio.se\/index.php?rest_route=\/wp\/v2\/types\/product"}],"wp:featuredmedia":[{"embeddable":true,"href":"https:\/\/thomasaudio.se\/index.php?rest_route=\/wp\/v2\/media\/938"}],"wp:attachment":[{"href":"https:\/\/thomasaudio.se\/index.php?rest_route=%2Fwp%2Fv2%2Fmedia&parent=937"}],"wp:term":[{"taxonomy":"product_brand","embeddable":true,"href":"https:\/\/thomasaudio.se\/index.php?rest_route=%2Fwp%2Fv2%2Fproduct_brand&post=937"},{"taxonomy":"product_cat","embeddable":true,"href":"https:\/\/thomasaudio.se\/index.php?rest_route=%2Fwp%2Fv2%2Fproduct_cat&post=937"},{"taxonomy":"product_tag","embeddable":true,"href":"https:\/\/thomasaudio.se\/index.php?rest_route=%2Fwp%2Fv2%2Fproduct_tag&post=937"}],"curies":[{"name":"wp","href":"https:\/\/api.w.org\/{rel}","templated":true}]}}