{"id":935,"date":"2026-03-20T07:14:39","date_gmt":"2026-03-20T07:14:39","guid":{"rendered":"https:\/\/thomasaudio.se\/?post_type=product&#038;p=935"},"modified":"2026-04-01T17:33:26","modified_gmt":"2026-04-01T17:33:26","slug":"bach-collegium-japan-bach-the-vocal-works","status":"publish","type":"product","link":"https:\/\/thomasaudio.se\/?product=bach-collegium-japan-bach-the-vocal-works","title":{"rendered":"Bach Collegium Japan &#8211; Bach: The Vocal Works"},"content":{"rendered":"<p>Hyllade av den internationella musikpressen och h\u00f6gt prisade av musikk\u00e4nnare.<br \/>\nBoxen inneh\u00e5ller alla inspelningarna av Bachs vokala musik, gjorda av Bach Collegium Japan med m\u00e5nga prestigefyllda solister.<\/p>\n<p>Bach Collegium Japan&#8217;s musik k\u00e4nnetecknas av s\u00e4rskild uppm\u00e4rksamhet p\u00e5 naturlig frasering och homogenitet i transparensens, fint artikulerat uttryck utan affekt. De har en uts\u00f6kt klangbalans mellan r\u00f6ster och instrument.<\/p>\n<p>Ut\u00f6ver dessa 78 SACD finns fyra stycken bokh\u00e4ften med texter om musiken, formulerade av v\u00e4rldsber\u00f6mda experter p\u00e5 tons\u00e4ttarens musik, samt alla sjungna texter i tysk och engelsk \u00f6vers\u00e4ttning.<\/p>\n","protected":false},"excerpt":{"rendered":"<p>78 SACD-BOX<br \/>\n24 kr per disk<\/p>\n","protected":false},"featured_media":936,"template":"","meta":[],"product_brand":[256],"product_cat":[16],"product_tag":[36,122],"class_list":{"0":"post-935","1":"product","2":"type-product","3":"status-publish","4":"has-post-thumbnail","6":"product_brand-bis","7":"product_cat-album","8":"product_tag-klassiskt","9":"product_tag-sacd-hybrid","11":"first","12":"instock","13":"sale","14":"shipping-taxable","15":"purchasable","16":"product-type-simple"},"_links":{"self":[{"href":"https:\/\/thomasaudio.se\/index.php?rest_route=\/wp\/v2\/product\/935","targetHints":{"allow":["GET"]}}],"collection":[{"href":"https:\/\/thomasaudio.se\/index.php?rest_route=\/wp\/v2\/product"}],"about":[{"href":"https:\/\/thomasaudio.se\/index.php?rest_route=\/wp\/v2\/types\/product"}],"wp:featuredmedia":[{"embeddable":true,"href":"https:\/\/thomasaudio.se\/index.php?rest_route=\/wp\/v2\/media\/936"}],"wp:attachment":[{"href":"https:\/\/thomasaudio.se\/index.php?rest_route=%2Fwp%2Fv2%2Fmedia&parent=935"}],"wp:term":[{"taxonomy":"product_brand","embeddable":true,"href":"https:\/\/thomasaudio.se\/index.php?rest_route=%2Fwp%2Fv2%2Fproduct_brand&post=935"},{"taxonomy":"product_cat","embeddable":true,"href":"https:\/\/thomasaudio.se\/index.php?rest_route=%2Fwp%2Fv2%2Fproduct_cat&post=935"},{"taxonomy":"product_tag","embeddable":true,"href":"https:\/\/thomasaudio.se\/index.php?rest_route=%2Fwp%2Fv2%2Fproduct_tag&post=935"}],"curies":[{"name":"wp","href":"https:\/\/api.w.org\/{rel}","templated":true}]}}