{"id":929,"date":"2026-03-19T16:33:31","date_gmt":"2026-03-19T16:33:31","guid":{"rendered":"https:\/\/thomasaudio.se\/?post_type=product&#038;p=929"},"modified":"2026-04-01T17:39:30","modified_gmt":"2026-04-01T17:39:30","slug":"swedish-chamber-orchestra-johannes-brahms-orchestral-works","status":"publish","type":"product","link":"https:\/\/thomasaudio.se\/?product=swedish-chamber-orchestra-johannes-brahms-orchestral-works","title":{"rendered":"Swedish Chamber Orchestra &#8211; Johannes Brahms: Orchestral Works"},"content":{"rendered":"<p>Inneh\u00e5llet i denna box \u00e4r ursprungligen utgivet som fyra separata skivalbum.<br \/>\nVarje symfoni kombineras med noggrant utvalda verk f\u00f6r att h\u00e4r ge en v\u00e4l sammanfl\u00e4tad bild av komposit\u00f6rens orkesterproduktion. Favoriter som tv\u00e5 omtyckta konsertouvertyrer ing\u00e5r. Anna Larsson sjunger ett soloparti. Brahms orkestreringar av nr 1, 3 och 10 har hedersplatsen p\u00e5 CD 1, medan de \u00e5terst\u00e5ende arton hyllade orkesterversioner dirigerade av Thomas Dausgaard.<\/p>\n<p>I recensioner av de enskilda skivorna har kritiker ber\u00f6mt den h\u00f6ga ljudkvaliteten med ord som &#8217;klarhet&#8217;, &#8217;transparens&#8217; och &#8217;engagerande&#8217; f\u00f6r att beskriva framf\u00f6randena, d\u00e4r kritikern i Fanfare uttryckte sin gl\u00e4dje \u00f6ver att h\u00f6ra &#8217;Brahms framf\u00f6r h\u00f6gtalarna med full focus&#8217;<\/p>\n<p>Symphony No.1 in C minor, Op.68<br \/>\nSymphony No.2 in D major, Op.73<br \/>\nSymphony No.3 in F major, Op.90<br \/>\nSymphony No.3 in F major, Op.90<br \/>\nSymphony No. 4 in E minor, Op.98<br \/>\nTragic Overture, Op.81<br \/>\nRhapsody for Contralto, Male Chorus and Orchestra,<\/p>\n","protected":false},"excerpt":{"rendered":"<p>4 CD-BOX<br \/>\n92, 25 kr per CD<\/p>\n","protected":false},"featured_media":930,"template":"","meta":[],"product_brand":[256],"product_cat":[16],"product_tag":[18,36],"class_list":{"0":"post-929","1":"product","2":"type-product","3":"status-publish","4":"has-post-thumbnail","6":"product_brand-bis","7":"product_cat-album","8":"product_tag-cd","9":"product_tag-klassiskt","11":"first","12":"instock","13":"shipping-taxable","14":"purchasable","15":"product-type-simple"},"_links":{"self":[{"href":"https:\/\/thomasaudio.se\/index.php?rest_route=\/wp\/v2\/product\/929","targetHints":{"allow":["GET"]}}],"collection":[{"href":"https:\/\/thomasaudio.se\/index.php?rest_route=\/wp\/v2\/product"}],"about":[{"href":"https:\/\/thomasaudio.se\/index.php?rest_route=\/wp\/v2\/types\/product"}],"wp:featuredmedia":[{"embeddable":true,"href":"https:\/\/thomasaudio.se\/index.php?rest_route=\/wp\/v2\/media\/930"}],"wp:attachment":[{"href":"https:\/\/thomasaudio.se\/index.php?rest_route=%2Fwp%2Fv2%2Fmedia&parent=929"}],"wp:term":[{"taxonomy":"product_brand","embeddable":true,"href":"https:\/\/thomasaudio.se\/index.php?rest_route=%2Fwp%2Fv2%2Fproduct_brand&post=929"},{"taxonomy":"product_cat","embeddable":true,"href":"https:\/\/thomasaudio.se\/index.php?rest_route=%2Fwp%2Fv2%2Fproduct_cat&post=929"},{"taxonomy":"product_tag","embeddable":true,"href":"https:\/\/thomasaudio.se\/index.php?rest_route=%2Fwp%2Fv2%2Fproduct_tag&post=929"}],"curies":[{"name":"wp","href":"https:\/\/api.w.org\/{rel}","templated":true}]}}