{"id":926,"date":"2026-03-19T16:03:43","date_gmt":"2026-03-19T16:03:43","guid":{"rendered":"https:\/\/thomasaudio.se\/?post_type=product&#038;p=926"},"modified":"2026-04-01T17:49:26","modified_gmt":"2026-04-01T17:49:26","slug":"bbc-philharmonic-orchestra-toru-takemitsu-spectral-canticle","status":"publish","type":"product","link":"https:\/\/thomasaudio.se\/?product=bbc-philharmonic-orchestra-toru-takemitsu-spectral-canticle","title":{"rendered":"BBC Philharmonic Orchestra &#8211; Toru Takemitsu: Spectral Canticle"},"content":{"rendered":"<p>Viviane Hagner\u00a0 &#8211; Stradivarius violin<br \/>\nJuliana Kochs\u00a0 &#8211; oboe<br \/>\nJacob Kellermann &#8211; gitarr<br \/>\nDirigent &#8211; \u00a0Christian Karlsen<\/p>\n<p>Tre av dessa fyra sena verken av Toru Takemitsu baseras p\u00e5 textilkonstverket &#8217;Twill for Twilight&#8217;.<br \/>\nMusiken \u00e4r v\u00e4sterl\u00e4ndsk men det finns \u00e4nd\u00e5 en japans k\u00e4nsla \u00f6ver Takemitsus texturer med en rikedom av detaljer i lugna milj\u00f6er som ibland p\u00e5minner om Debussy och Messiaen.<br \/>\nDet mest konsertliknande stycket \u00e4r det underbart suggestiva &#8217;To the Edge of Dream&#8217; , inspirerat av en surrealistisk m\u00e5lning av Paul Delvaux, men \u00e4ven h\u00e4r \u00e4r det de dr\u00f6mskt skiftande passagerna som fascinerar. En underbar, melankolisk musik av en tons\u00e4ttare vars bidrag ibland hamnar i skuggan av de stora m\u00e4starna.<\/p>\n<p>1 pectral Canticle<br \/>\n2 To the edge of dream<br \/>\n3 Vers, l\u2019arc-en-ciel, Palma<br \/>\n4 Twill by twilight<\/p>\n","protected":false},"excerpt":{"rendered":"<p><img loading=\"lazy\" decoding=\"async\" class=\"alignnone size-full wp-image-928\" src=\"https:\/\/thomasaudio.se\/wp-content\/uploads\/2026\/03\/Takemitsu-Photo.jpeg\" alt=\"\" width=\"224\" height=\"225\" srcset=\"https:\/\/thomasaudio.se\/wp-content\/uploads\/2026\/03\/Takemitsu-Photo.jpeg 224w, https:\/\/thomasaudio.se\/wp-content\/uploads\/2026\/03\/Takemitsu-Photo-100x100.jpeg 100w, https:\/\/thomasaudio.se\/wp-content\/uploads\/2026\/03\/Takemitsu-Photo-64x64.jpeg 64w, https:\/\/thomasaudio.se\/wp-content\/uploads\/2026\/03\/Takemitsu-Photo-200x200.jpeg 200w\" sizes=\"auto, (max-width: 224px) 100vw, 224px\" \/><\/p>\n","protected":false},"featured_media":927,"template":"","meta":[],"product_brand":[256],"product_cat":[16],"product_tag":[18,36],"class_list":{"0":"post-926","1":"product","2":"type-product","3":"status-publish","4":"has-post-thumbnail","6":"product_brand-bis","7":"product_cat-album","8":"product_tag-cd","9":"product_tag-klassiskt","11":"first","12":"instock","13":"sale","14":"shipping-taxable","15":"purchasable","16":"product-type-simple"},"_links":{"self":[{"href":"https:\/\/thomasaudio.se\/index.php?rest_route=\/wp\/v2\/product\/926","targetHints":{"allow":["GET"]}}],"collection":[{"href":"https:\/\/thomasaudio.se\/index.php?rest_route=\/wp\/v2\/product"}],"about":[{"href":"https:\/\/thomasaudio.se\/index.php?rest_route=\/wp\/v2\/types\/product"}],"wp:featuredmedia":[{"embeddable":true,"href":"https:\/\/thomasaudio.se\/index.php?rest_route=\/wp\/v2\/media\/927"}],"wp:attachment":[{"href":"https:\/\/thomasaudio.se\/index.php?rest_route=%2Fwp%2Fv2%2Fmedia&parent=926"}],"wp:term":[{"taxonomy":"product_brand","embeddable":true,"href":"https:\/\/thomasaudio.se\/index.php?rest_route=%2Fwp%2Fv2%2Fproduct_brand&post=926"},{"taxonomy":"product_cat","embeddable":true,"href":"https:\/\/thomasaudio.se\/index.php?rest_route=%2Fwp%2Fv2%2Fproduct_cat&post=926"},{"taxonomy":"product_tag","embeddable":true,"href":"https:\/\/thomasaudio.se\/index.php?rest_route=%2Fwp%2Fv2%2Fproduct_tag&post=926"}],"curies":[{"name":"wp","href":"https:\/\/api.w.org\/{rel}","templated":true}]}}