{"id":921,"date":"2026-03-18T07:38:10","date_gmt":"2026-03-18T07:38:10","guid":{"rendered":"https:\/\/thomasaudio.se\/?post_type=product&#038;p=921"},"modified":"2026-04-27T14:03:44","modified_gmt":"2026-04-27T14:03:44","slug":"ifi-headphone-adapter","status":"publish","type":"product","link":"https:\/\/thomasaudio.se\/?product=ifi-headphone-adapter","title":{"rendered":"ifi Adapter"},"content":{"rendered":"<p>4,4 mm balanserade utg\u00e5ngar blir allt vanligare, inte bara i produkter fr\u00e5n ifi audio.<br \/>\nTr\u00f6tt p\u00e5 att inte kunna anv\u00e4nda dina \u00e4lskade 3,5 mm h\u00f6rlurar ihop med enheter som har 4,4 mm balanserad utg\u00e5ng? Nu kan du det!<\/p>\n<p>44 x 24 mm<\/p>\n","protected":false},"excerpt":{"rendered":"<p>4,4 mm balanserade utg\u00e5ngar blir allt vanligare, inte bara i produkter fr\u00e5n ifi audio. Tr\u00f6tt p\u00e5 att inte kunna anv\u00e4nda dina \u00e4lskade 3,5 mm h\u00f6rlurar ihop med enheter som har 4,4 mm balanserad utg\u00e5ng? Nu kan du det! 44 x 24 mm<\/p>\n","protected":false},"featured_media":922,"template":"","meta":[],"product_brand":[71],"product_cat":[56],"product_tag":[58,60],"class_list":{"0":"post-921","1":"product","2":"type-product","3":"status-publish","4":"has-post-thumbnail","6":"product_brand-ifi","7":"product_cat-hifi","8":"product_tag-adaptet","9":"product_tag-kringutrustning","11":"first","12":"instock","13":"shipping-taxable","14":"purchasable","15":"product-type-simple"},"_links":{"self":[{"href":"https:\/\/thomasaudio.se\/index.php?rest_route=\/wp\/v2\/product\/921","targetHints":{"allow":["GET"]}}],"collection":[{"href":"https:\/\/thomasaudio.se\/index.php?rest_route=\/wp\/v2\/product"}],"about":[{"href":"https:\/\/thomasaudio.se\/index.php?rest_route=\/wp\/v2\/types\/product"}],"wp:featuredmedia":[{"embeddable":true,"href":"https:\/\/thomasaudio.se\/index.php?rest_route=\/wp\/v2\/media\/922"}],"wp:attachment":[{"href":"https:\/\/thomasaudio.se\/index.php?rest_route=%2Fwp%2Fv2%2Fmedia&parent=921"}],"wp:term":[{"taxonomy":"product_brand","embeddable":true,"href":"https:\/\/thomasaudio.se\/index.php?rest_route=%2Fwp%2Fv2%2Fproduct_brand&post=921"},{"taxonomy":"product_cat","embeddable":true,"href":"https:\/\/thomasaudio.se\/index.php?rest_route=%2Fwp%2Fv2%2Fproduct_cat&post=921"},{"taxonomy":"product_tag","embeddable":true,"href":"https:\/\/thomasaudio.se\/index.php?rest_route=%2Fwp%2Fv2%2Fproduct_tag&post=921"}],"curies":[{"name":"wp","href":"https:\/\/api.w.org\/{rel}","templated":true}]}}