{"id":919,"date":"2026-03-18T08:38:27","date_gmt":"2026-03-18T08:38:27","guid":{"rendered":"https:\/\/thomasaudio.se\/?post_type=product&#038;p=919"},"modified":"2026-04-10T15:45:35","modified_gmt":"2026-04-10T15:45:35","slug":"ifi-go-link-max-horlursforstarkare","status":"publish","type":"product","link":"https:\/\/thomasaudio.se\/?product=ifi-go-link-max-horlursforstarkare","title":{"rendered":"ifi GO link MAX h\u00f6rlursf\u00f6rst\u00e4rkare"},"content":{"rendered":"<p>Den h\u00e4r h\u00f6rlurs-ampen \u00e4r en prism\u00e4ssig utmanare.<br \/>\nEn dubbel upps\u00e4ttning av ESS Labs kraftfulla Sabre-DAC \u00e4r anledningen till den fina ljud\u00e5tergivningen.<br \/>\nHi-Res True Native\u00ae: DSD256, PCM384, DXD384 plus att den ger \u00f6kad kvalitet \u00e4ven p\u00e5 MP3-filer.<\/p>\n<p>DRE\u00ae (Dynamic Range Enhancements): I musikproduktion betyder dynamik vad som blir skillnaden mellan h\u00f6gsta och l\u00e4gsta ljudniv\u00e5n i musiken. Den m\u00e4ts i decibell. Det dynamiska omf\u00e5nget inneb\u00e4r en extra l\u00e5g brusniv\u00e5.<br \/>\nDRE\u00ae \u00e4r en elektronisk uppfinning som g\u00f6r musiken n\u00e4stan helt fri fr\u00e5n brus &#8211; vilket g\u00f6r ljudet extra klart och \u00f6ppet.<\/p>\n<p>DAC: ESS Sabre ES9219<br \/>\nINPUT USB-C<br \/>\nUtg\u00e5ngsimpedans: Bal 4,4 mm 0.35 Ohm, SE 3,5 mm 0.7 Ohm<br \/>\nSNR: Bal 4,4 mm 130 dBA, SE 3,5 mm 125 dBA<br \/>\nTHD+N: \u22640.0016 % (32 Ohm) via Bal 4.4 mm, \u22640.0015 % (32 Ohm) via SE 3.5 mm<br \/>\n150 x 15 x 10 mm<br \/>\n14,5 g<\/p>\n","protected":false},"excerpt":{"rendered":"<p>HiFi-ljud i fickan.<\/p>\n","protected":false},"featured_media":923,"template":"","meta":[],"product_brand":[71],"product_cat":[56],"product_tag":[73],"class_list":{"0":"post-919","1":"product","2":"type-product","3":"status-publish","4":"has-post-thumbnail","6":"product_brand-ifi","7":"product_cat-hifi","8":"product_tag-horlursforstarkare","10":"first","11":"instock","12":"shipping-taxable","13":"purchasable","14":"product-type-simple"},"_links":{"self":[{"href":"https:\/\/thomasaudio.se\/index.php?rest_route=\/wp\/v2\/product\/919","targetHints":{"allow":["GET"]}}],"collection":[{"href":"https:\/\/thomasaudio.se\/index.php?rest_route=\/wp\/v2\/product"}],"about":[{"href":"https:\/\/thomasaudio.se\/index.php?rest_route=\/wp\/v2\/types\/product"}],"wp:featuredmedia":[{"embeddable":true,"href":"https:\/\/thomasaudio.se\/index.php?rest_route=\/wp\/v2\/media\/923"}],"wp:attachment":[{"href":"https:\/\/thomasaudio.se\/index.php?rest_route=%2Fwp%2Fv2%2Fmedia&parent=919"}],"wp:term":[{"taxonomy":"product_brand","embeddable":true,"href":"https:\/\/thomasaudio.se\/index.php?rest_route=%2Fwp%2Fv2%2Fproduct_brand&post=919"},{"taxonomy":"product_cat","embeddable":true,"href":"https:\/\/thomasaudio.se\/index.php?rest_route=%2Fwp%2Fv2%2Fproduct_cat&post=919"},{"taxonomy":"product_tag","embeddable":true,"href":"https:\/\/thomasaudio.se\/index.php?rest_route=%2Fwp%2Fv2%2Fproduct_tag&post=919"}],"curies":[{"name":"wp","href":"https:\/\/api.w.org\/{rel}","templated":true}]}}