{"id":908,"date":"2026-03-14T13:48:02","date_gmt":"2026-03-14T13:48:02","guid":{"rendered":"https:\/\/thomasaudio.se\/?post_type=product&#038;p=908"},"modified":"2026-04-01T18:17:44","modified_gmt":"2026-04-01T18:17:44","slug":"aune-x8xviii-bt-dac","status":"publish","type":"product","link":"https:\/\/thomasaudio.se\/?product=aune-x8xviii-bt-dac","title":{"rendered":"aune X8XVIII BT DAC"},"content":{"rendered":"<p>En liten DAC, v\u00e4lfylld med elektronik av h\u00f6g kvalitet som ger h\u00f6g ljudkvalitet.<br \/>\nBluetooth-anten.<br \/>\nTRS-anslutning.<br \/>\nF\u00f6rslag: Sl\u00e4ng den medf\u00f6ljande str\u00f6madaptern och best\u00e4ll en <a href=\"https:\/\/thomasaudio.se\/produkt\/ifi-silentpower-ipowerx\/\" target=\"_blank\" rel=\"noopener\">ifi iPowerX<\/a> f\u00f6r en p\u00e5tagligt f\u00f6rb\u00e4ttrad ljudkvalitet.<\/p>\n","protected":false},"excerpt":{"rendered":"<p>En liten DAC, v\u00e4lfylld med elektronik av h\u00f6g kvalitet som ger h\u00f6g ljudkvalitet. Bluetooth-anten. TRS-anslutning. F\u00f6rslag: Sl\u00e4ng den medf\u00f6ljande str\u00f6madaptern och best\u00e4ll en ifi iPowerX f\u00f6r en p\u00e5tagligt f\u00f6rb\u00e4ttrad ljudkvalitet.<\/p>\n","protected":false},"featured_media":909,"template":"","meta":[],"product_brand":[254],"product_cat":[56],"product_tag":[72,76],"class_list":{"0":"post-908","1":"product","2":"type-product","3":"status-publish","4":"has-post-thumbnail","6":"product_brand-aune","7":"product_cat-hifi","8":"product_tag-dac","9":"product_tag-streamer","11":"first","12":"instock","13":"shipping-taxable","14":"purchasable","15":"product-type-variable"},"_links":{"self":[{"href":"https:\/\/thomasaudio.se\/index.php?rest_route=\/wp\/v2\/product\/908","targetHints":{"allow":["GET"]}}],"collection":[{"href":"https:\/\/thomasaudio.se\/index.php?rest_route=\/wp\/v2\/product"}],"about":[{"href":"https:\/\/thomasaudio.se\/index.php?rest_route=\/wp\/v2\/types\/product"}],"wp:featuredmedia":[{"embeddable":true,"href":"https:\/\/thomasaudio.se\/index.php?rest_route=\/wp\/v2\/media\/909"}],"wp:attachment":[{"href":"https:\/\/thomasaudio.se\/index.php?rest_route=%2Fwp%2Fv2%2Fmedia&parent=908"}],"wp:term":[{"taxonomy":"product_brand","embeddable":true,"href":"https:\/\/thomasaudio.se\/index.php?rest_route=%2Fwp%2Fv2%2Fproduct_brand&post=908"},{"taxonomy":"product_cat","embeddable":true,"href":"https:\/\/thomasaudio.se\/index.php?rest_route=%2Fwp%2Fv2%2Fproduct_cat&post=908"},{"taxonomy":"product_tag","embeddable":true,"href":"https:\/\/thomasaudio.se\/index.php?rest_route=%2Fwp%2Fv2%2Fproduct_tag&post=908"}],"curies":[{"name":"wp","href":"https:\/\/api.w.org\/{rel}","templated":true}]}}