{"id":900,"date":"2026-03-13T20:38:15","date_gmt":"2026-03-13T20:38:15","guid":{"rendered":"https:\/\/thomasaudio.se\/?post_type=product&#038;p=900"},"modified":"2026-04-01T18:37:12","modified_gmt":"2026-04-01T18:37:12","slug":"dominic-miller-silent-night","status":"publish","type":"product","link":"https:\/\/thomasaudio.se\/?product=dominic-miller-silent-night","title":{"rendered":"Dominic Miller &#8211; Silent Night"},"content":{"rendered":"<p>Dominic Miller v\u00e4xte upp med en amerikansk far och en irl\u00e4ndsk mor i Argentina och sedan i USA fr\u00e5n 10 \u00e5rs \u00e5lder. Hon bor i Frankrike men\u00a0 har rest runt i v\u00e4rlden de senaste tre decennierna.<br \/>\nPassande nog har albumet &#8221;Silent Light&#8221; &#8211; som \u00e4r Millers ECM-debut &#8211; en mycket behaglig k\u00e4nsla att lyssna till, med ett starkt latininflytande i stycken som &#8221;Baden&#8221; som till\u00e4gnas den brasilianske gitarristen Baden Powell. &#8221;Fields of Gold&#8221; \u00e4r h\u00e4r en d\u00e4mpad instrumental version av en av Stings mest k\u00e4nda ballader. Miller \u00e4r k\u00e4nd som Stings h\u00f6gra hand p\u00e5 gitarr och medf\u00f6rfattare till &#8221;Shape of My Heart&#8221;.<\/p>\n<p>1 What You Didn&#8217;t Say<br \/>\n2 Urban Waltz<br \/>\n3 Wate<br \/>\n4 Baden<br \/>\n5 En Passant<br \/>\n6 Angel<br \/>\n7 Chaos Theory<br \/>\n8 Fields Of Gold<br \/>\n9 Tisane<br \/>\n10 Valium<br \/>\n11 Le Pont<\/p>\n","protected":false},"excerpt":{"rendered":"<p>Dominic Miller v\u00e4xte upp med en amerikansk far och en irl\u00e4ndsk mor i Argentina och sedan i USA fr\u00e5n 10 \u00e5rs \u00e5lder. Hon bor i Frankrike men\u00a0 har rest runt i v\u00e4rlden de senaste tre decennierna. Passande nog har albumet &#8221;Silent Light&#8221; &#8211; som \u00e4r Millers ECM-debut &#8211; en mycket behaglig k\u00e4nsla att lyssna till,&#8230;<\/p>\n","protected":false},"featured_media":902,"template":"","meta":[],"product_brand":[26],"product_cat":[16],"product_tag":[39,23],"class_list":{"0":"post-900","1":"product","2":"type-product","3":"status-publish","4":"has-post-thumbnail","6":"product_brand-ecm","7":"product_cat-album","8":"product_tag-nutida-instrumentellt","9":"product_tag-vinyl","11":"first","12":"instock","13":"shipping-taxable","14":"purchasable","15":"product-type-simple"},"_links":{"self":[{"href":"https:\/\/thomasaudio.se\/index.php?rest_route=\/wp\/v2\/product\/900","targetHints":{"allow":["GET"]}}],"collection":[{"href":"https:\/\/thomasaudio.se\/index.php?rest_route=\/wp\/v2\/product"}],"about":[{"href":"https:\/\/thomasaudio.se\/index.php?rest_route=\/wp\/v2\/types\/product"}],"wp:featuredmedia":[{"embeddable":true,"href":"https:\/\/thomasaudio.se\/index.php?rest_route=\/wp\/v2\/media\/902"}],"wp:attachment":[{"href":"https:\/\/thomasaudio.se\/index.php?rest_route=%2Fwp%2Fv2%2Fmedia&parent=900"}],"wp:term":[{"taxonomy":"product_brand","embeddable":true,"href":"https:\/\/thomasaudio.se\/index.php?rest_route=%2Fwp%2Fv2%2Fproduct_brand&post=900"},{"taxonomy":"product_cat","embeddable":true,"href":"https:\/\/thomasaudio.se\/index.php?rest_route=%2Fwp%2Fv2%2Fproduct_cat&post=900"},{"taxonomy":"product_tag","embeddable":true,"href":"https:\/\/thomasaudio.se\/index.php?rest_route=%2Fwp%2Fv2%2Fproduct_tag&post=900"}],"curies":[{"name":"wp","href":"https:\/\/api.w.org\/{rel}","templated":true}]}}