{"id":896,"date":"2026-03-13T18:01:42","date_gmt":"2026-03-13T18:01:42","guid":{"rendered":"https:\/\/thomasaudio.se\/?post_type=product&#038;p=896"},"modified":"2026-04-01T18:42:56","modified_gmt":"2026-04-01T18:42:56","slug":"linnea-jonsson-hive-mind","status":"publish","type":"product","link":"https:\/\/thomasaudio.se\/?product=linnea-jonsson-hive-mind","title":{"rendered":"Linnea Jonsson &#8211; Hive Mind"},"content":{"rendered":"<p>Linnea Jonsson ett v\u00e4lbekant ansikte p\u00e5 storbandsscenen i New Places Orchestra, Fredrik Nordstr\u00f6m Big Band, Bohusl\u00e4n Big Band, Gothenburg Art Ensemble, Bluehouse Jazz Orchestra, Tengholm Ullberg Big Band och s\u00e4kert n\u00e5gra till. De senaste \u00e5ren har hon ocks\u00e5 dykt upp p\u00e5 skivor med Lina Nyberg, Fredrik Nordstr\u00f6m och Lovisa Jennervall.<\/p>\n<p>Linnea Jonssons luftiga trumpetspel speglar jazzmusik som f\u00f6renar det estetiska hos skivetiketten ECM med det skandinaviska vemodet, men ocks\u00e5 med impulser fr\u00e5n jazzlivet p\u00e5 tidigare platser som jazzen i New York.<\/p>\n<p>Gitarristen Bjarni M\u00e1r Ing\u00f3lfsson \u00e4r enda musikern kvar fr\u00e5n debuten. Tillsammans med nytillskotten Johan Tengholm (kontrabas), Henrik J\u00e4derberg (trummor) och Lina L\u00f6vstrand (altfl\u00f6jt) levererar Linnea Jonsson en stark jazzskiva med melankoliska meloditeman. Och s\u00e5 \u00e4r pianistlegenden Lars Jansson med och bidrar dessutom med egna kompositionen &#8217;Writing in water&#8217; som perfekt sm\u00e4lter in i sammanhanget.<br \/>\n\/ k\u00e4lla\/utdrag: Timo Kangas fr\u00e5n Lira magazine.<\/p>\n","protected":false},"excerpt":{"rendered":"<p><a href=\"https:\/\/www.orkesterjournalen.se\/linnea-jonsson-hive-mind\/\" target=\"_blank\" rel=\"noopener\">Review: Orksterjournalen<\/a><\/p>\n","protected":false},"featured_media":897,"template":"","meta":[],"product_brand":[26],"product_cat":[16],"product_tag":[18,19,23],"class_list":{"0":"post-896","1":"product","2":"type-product","3":"status-publish","4":"has-post-thumbnail","6":"product_brand-ecm","7":"product_cat-album","8":"product_tag-cd","9":"product_tag-jazz","10":"product_tag-vinyl","12":"first","13":"instock","14":"shipping-taxable","15":"purchasable","16":"product-type-variable"},"_links":{"self":[{"href":"https:\/\/thomasaudio.se\/index.php?rest_route=\/wp\/v2\/product\/896","targetHints":{"allow":["GET"]}}],"collection":[{"href":"https:\/\/thomasaudio.se\/index.php?rest_route=\/wp\/v2\/product"}],"about":[{"href":"https:\/\/thomasaudio.se\/index.php?rest_route=\/wp\/v2\/types\/product"}],"wp:featuredmedia":[{"embeddable":true,"href":"https:\/\/thomasaudio.se\/index.php?rest_route=\/wp\/v2\/media\/897"}],"wp:attachment":[{"href":"https:\/\/thomasaudio.se\/index.php?rest_route=%2Fwp%2Fv2%2Fmedia&parent=896"}],"wp:term":[{"taxonomy":"product_brand","embeddable":true,"href":"https:\/\/thomasaudio.se\/index.php?rest_route=%2Fwp%2Fv2%2Fproduct_brand&post=896"},{"taxonomy":"product_cat","embeddable":true,"href":"https:\/\/thomasaudio.se\/index.php?rest_route=%2Fwp%2Fv2%2Fproduct_cat&post=896"},{"taxonomy":"product_tag","embeddable":true,"href":"https:\/\/thomasaudio.se\/index.php?rest_route=%2Fwp%2Fv2%2Fproduct_tag&post=896"}],"curies":[{"name":"wp","href":"https:\/\/api.w.org\/{rel}","templated":true}]}}