{"id":864,"date":"2026-03-13T11:35:20","date_gmt":"2026-03-13T11:35:20","guid":{"rendered":"https:\/\/thomasaudio.se\/?post_type=product&#038;p=864"},"modified":"2026-04-06T14:28:02","modified_gmt":"2026-04-06T14:28:02","slug":"mr-mibbler-falling-ladder","status":"publish","type":"product","link":"https:\/\/thomasaudio.se\/?product=mr-mibbler-falling-ladder","title":{"rendered":"Mr Mibbler &#8211; Falling Ladder"},"content":{"rendered":"<p>Albumet &#8221;Leave Your Thoughts Here&#8221; fr\u00e5n 2021 beskrevs som &#8221;tydligt \u00e5rets stora inspelningsh\u00e4ndelse&#8221; av <em>Jazz Views<\/em><em> och &#8221;tio l\u00e4ckra musikstycken&#8221; av <em>UK Vibe<\/em> och omfamnades av lyssnare v\u00e4rlden \u00f6ver. <\/em><\/p>\n<p>Mr Mibblers uppf\u00f6ljare inneh\u00e5ller tv\u00e5 musikstycken. \u00c4ven om detta inte har n\u00e5gon given genre s\u00e5 kan man k\u00e4nna igen ljuden och atmosf\u00e4ren som k\u00e4nnetecknar denna sp\u00e4nnande norska tremannagrupp.<\/p>\n<p>1 Runaway Bride (side 1)<br \/>\n2 Track audio2 play buttonInside a can \/ divider for jars<\/p>\n","protected":false},"excerpt":{"rendered":"<p>Albumet &#8221;Leave Your Thoughts Here&#8221; fr\u00e5n 2021 beskrevs som &#8221;tydligt \u00e5rets stora inspelningsh\u00e4ndelse&#8221; av Jazz Views och &#8221;tio l\u00e4ckra musikstycken&#8221; av UK Vibe och omfamnades av lyssnare v\u00e4rlden \u00f6ver. Mr Mibblers uppf\u00f6ljare inneh\u00e5ller tv\u00e5 musikstycken. \u00c4ven om detta inte har n\u00e5gon given genre s\u00e5 kan man k\u00e4nna igen ljuden och atmosf\u00e4ren som k\u00e4nnetecknar denna sp\u00e4nnande&#8230;<\/p>\n","protected":false},"featured_media":872,"template":"","meta":[],"product_brand":[251],"product_cat":[16],"product_tag":[18,20],"class_list":{"0":"post-864","1":"product","2":"type-product","3":"status-publish","4":"has-post-thumbnail","6":"product_brand-nxn-recordings","7":"product_cat-album","8":"product_tag-cd","9":"product_tag-upplevelsemusik","11":"first","12":"instock","13":"shipping-taxable","14":"purchasable","15":"product-type-simple"},"_links":{"self":[{"href":"https:\/\/thomasaudio.se\/index.php?rest_route=\/wp\/v2\/product\/864","targetHints":{"allow":["GET"]}}],"collection":[{"href":"https:\/\/thomasaudio.se\/index.php?rest_route=\/wp\/v2\/product"}],"about":[{"href":"https:\/\/thomasaudio.se\/index.php?rest_route=\/wp\/v2\/types\/product"}],"wp:featuredmedia":[{"embeddable":true,"href":"https:\/\/thomasaudio.se\/index.php?rest_route=\/wp\/v2\/media\/872"}],"wp:attachment":[{"href":"https:\/\/thomasaudio.se\/index.php?rest_route=%2Fwp%2Fv2%2Fmedia&parent=864"}],"wp:term":[{"taxonomy":"product_brand","embeddable":true,"href":"https:\/\/thomasaudio.se\/index.php?rest_route=%2Fwp%2Fv2%2Fproduct_brand&post=864"},{"taxonomy":"product_cat","embeddable":true,"href":"https:\/\/thomasaudio.se\/index.php?rest_route=%2Fwp%2Fv2%2Fproduct_cat&post=864"},{"taxonomy":"product_tag","embeddable":true,"href":"https:\/\/thomasaudio.se\/index.php?rest_route=%2Fwp%2Fv2%2Fproduct_tag&post=864"}],"curies":[{"name":"wp","href":"https:\/\/api.w.org\/{rel}","templated":true}]}}