{"id":857,"date":"2026-03-13T11:18:47","date_gmt":"2026-03-13T11:18:47","guid":{"rendered":"https:\/\/thomasaudio.se\/?post_type=product&#038;p=857"},"modified":"2026-04-01T19:36:45","modified_gmt":"2026-04-01T19:36:45","slug":"christina-sandsengen-solace","status":"publish","type":"product","link":"https:\/\/thomasaudio.se\/?product=christina-sandsengen-solace","title":{"rendered":"Christina Sandsengen &#8211; Solace"},"content":{"rendered":"<p>Christina Sandsengen \u00e4r en klassisk konsertgitarrist som har upptr\u00e4tt i konserthus runt om i v\u00e4rlden.<br \/>\n&#8217;Solace&#8217; \u00e4r hennes debutalbum som komposit\u00f6r och albumet lyfter fram hennes tekniska f\u00e4rdigheter samt ett brett spektrum av kontraster, k\u00e4nslor. Christina s\u00e4ger s\u00e5 h\u00e4r: &#8221;Den klassiska gitarren \u00e4r nyckeln till min omedvetna v\u00e4rld av k\u00e4nslor och tankar, s\u00e5 jag placerar den klassiska gitarren i centrum och anv\u00e4nder olika ljudlandskap och element till att framh\u00e4va eller f\u00f6rst\u00e4rka f\u00e4rgerna och uttrycken fr\u00e5n gitarren&#8221;.<br \/>\nFredrik Falk har producerat albumet och bidrar \u00e4ven med piano och ljudlandskap.<\/p>\n<p>1 Prelude of the Ocean<br \/>\n2 1991<br \/>\n3 Void<br \/>\n4 Desolation<br \/>\n5 Hiraeth<br \/>\n6 After<br \/>\n7 Sanctum<br \/>\n8 Adagio Desiderium<br \/>\n9 Nova<br \/>\n10 Solace<br \/>\n11 Droplets<br \/>\n12 To Ashes<br \/>\n13 No More<br \/>\n14 Solace<br \/>\n15 After<\/p>\n","protected":false},"excerpt":{"rendered":"<p>Klassisk gitarr<\/p>\n","protected":false},"featured_media":860,"template":"","meta":[],"product_brand":[251],"product_cat":[16],"product_tag":[18,39],"class_list":{"0":"post-857","1":"product","2":"type-product","3":"status-publish","4":"has-post-thumbnail","6":"product_brand-nxn-recordings","7":"product_cat-album","8":"product_tag-cd","9":"product_tag-nutida-instrumentellt","11":"first","12":"instock","13":"shipping-taxable","14":"purchasable","15":"product-type-simple"},"_links":{"self":[{"href":"https:\/\/thomasaudio.se\/index.php?rest_route=\/wp\/v2\/product\/857","targetHints":{"allow":["GET"]}}],"collection":[{"href":"https:\/\/thomasaudio.se\/index.php?rest_route=\/wp\/v2\/product"}],"about":[{"href":"https:\/\/thomasaudio.se\/index.php?rest_route=\/wp\/v2\/types\/product"}],"wp:featuredmedia":[{"embeddable":true,"href":"https:\/\/thomasaudio.se\/index.php?rest_route=\/wp\/v2\/media\/860"}],"wp:attachment":[{"href":"https:\/\/thomasaudio.se\/index.php?rest_route=%2Fwp%2Fv2%2Fmedia&parent=857"}],"wp:term":[{"taxonomy":"product_brand","embeddable":true,"href":"https:\/\/thomasaudio.se\/index.php?rest_route=%2Fwp%2Fv2%2Fproduct_brand&post=857"},{"taxonomy":"product_cat","embeddable":true,"href":"https:\/\/thomasaudio.se\/index.php?rest_route=%2Fwp%2Fv2%2Fproduct_cat&post=857"},{"taxonomy":"product_tag","embeddable":true,"href":"https:\/\/thomasaudio.se\/index.php?rest_route=%2Fwp%2Fv2%2Fproduct_tag&post=857"}],"curies":[{"name":"wp","href":"https:\/\/api.w.org\/{rel}","templated":true}]}}