{"id":854,"date":"2026-03-13T10:53:33","date_gmt":"2026-03-13T10:53:33","guid":{"rendered":"https:\/\/thomasaudio.se\/?post_type=product&#038;p=854"},"modified":"2026-04-01T19:40:31","modified_gmt":"2026-04-01T19:40:31","slug":"after-in-paris-time-circle","status":"publish","type":"product","link":"https:\/\/thomasaudio.se\/?product=after-in-paris-time-circle","title":{"rendered":"After In Paris &#8211; Time Circle"},"content":{"rendered":"<p>P\u00e5 deras f\u00f6rsta skiva 2004, med den eponyma titeln och utgiven under Jean-Jacques Pussiaus skivbolag Night Bird, hade Claire Michael, Jean-Michel Vallet och Patrick Chartol dedikerat ett sp\u00e5r till David Lynch. Detta avsl\u00f6jade redan en dragningskraft till en viss typ av filmskapande, mystisk, fantasifull och och samtidigt tilldragande. Den h\u00e4r g\u00e5ngen, med \u00ab Time Circle \u00bb, placeras hela albumet under filmens tecken. Exakt 51 minuter, n\u00e4stan de 52 minuter som definierar en dokument\u00e4r. J\u00e4mf\u00f6relsen slutar d\u00e4r. Detta \u00e4r p\u00e5 intet s\u00e4tt ett uppslagsverk \u00f6ver filmmusik.<\/p>\n<p>Claire Michael &#8211; saxofoner, s\u00e5ng, fl\u00f6jt, programmering,<br \/>\nJean-Michel Vallet &#8211; Fender Rhodes, keyboard, programmering,<br \/>\nPatrick &#8211; basslagverk, keyboard och programmering,\u00a0 antar en helt subjektiv vision. Tillsammans med sina v\u00e4nner Paolo Fresu och Dave Liebman skapar de en hypnotiskt mystisk och fantastisk upplevelse.<\/p>\n","protected":false},"excerpt":{"rendered":"<p>P\u00e5 deras f\u00f6rsta skiva 2004, med den eponyma titeln och utgiven under Jean-Jacques Pussiaus skivbolag Night Bird, hade Claire Michael, Jean-Michel Vallet och Patrick Chartol dedikerat ett sp\u00e5r till David Lynch. Detta avsl\u00f6jade redan en dragningskraft till en viss typ av filmskapande, mystisk, fantasifull och och samtidigt tilldragande. Den h\u00e4r g\u00e5ngen, med \u00ab Time Circle&#8230;<\/p>\n","protected":false},"featured_media":856,"template":"","meta":[],"product_brand":[250],"product_cat":[16],"product_tag":[18,20],"class_list":{"0":"post-854","1":"product","2":"type-product","3":"status-publish","4":"has-post-thumbnail","6":"product_brand-outnote","7":"product_cat-album","8":"product_tag-cd","9":"product_tag-upplevelsemusik","11":"first","12":"instock","13":"shipping-taxable","14":"purchasable","15":"product-type-simple"},"_links":{"self":[{"href":"https:\/\/thomasaudio.se\/index.php?rest_route=\/wp\/v2\/product\/854","targetHints":{"allow":["GET"]}}],"collection":[{"href":"https:\/\/thomasaudio.se\/index.php?rest_route=\/wp\/v2\/product"}],"about":[{"href":"https:\/\/thomasaudio.se\/index.php?rest_route=\/wp\/v2\/types\/product"}],"wp:featuredmedia":[{"embeddable":true,"href":"https:\/\/thomasaudio.se\/index.php?rest_route=\/wp\/v2\/media\/856"}],"wp:attachment":[{"href":"https:\/\/thomasaudio.se\/index.php?rest_route=%2Fwp%2Fv2%2Fmedia&parent=854"}],"wp:term":[{"taxonomy":"product_brand","embeddable":true,"href":"https:\/\/thomasaudio.se\/index.php?rest_route=%2Fwp%2Fv2%2Fproduct_brand&post=854"},{"taxonomy":"product_cat","embeddable":true,"href":"https:\/\/thomasaudio.se\/index.php?rest_route=%2Fwp%2Fv2%2Fproduct_cat&post=854"},{"taxonomy":"product_tag","embeddable":true,"href":"https:\/\/thomasaudio.se\/index.php?rest_route=%2Fwp%2Fv2%2Fproduct_tag&post=854"}],"curies":[{"name":"wp","href":"https:\/\/api.w.org\/{rel}","templated":true}]}}