{"id":849,"date":"2026-03-11T16:52:13","date_gmt":"2026-03-11T16:52:13","guid":{"rendered":"https:\/\/thomasaudio.se\/?post_type=product&#038;p=849"},"modified":"2026-04-01T19:44:14","modified_gmt":"2026-04-01T19:44:14","slug":"carlos-cippelletti-hybrid-c","status":"publish","type":"product","link":"https:\/\/thomasaudio.se\/butik\/album\/carlos-cippelletti-hybrid-c\/","title":{"rendered":"Carlos Cippelletti &#8211; Hybrid \/ C"},"content":{"rendered":"<p>HYBRID\/C \u00e4r ett musikaliskt och kulturellt fusionprojekt med en gemensam n\u00e4mnare: afro-kubansk musik och europeisk jazz. Cippeletti har en kubansk far och en fransk mor, vilket speglar Carlos Cippellettis kompositioner.<\/p>\n<p>Jazz, kubansk musikkultur, neo-soul och klassisk musik kombineras f\u00f6r att skapa ett unikt sound. Detta album spelades in med fantastiska musiker i en traditionell afro-kubansk jazzsextett med trumpet, tenorsaxofon, piano, kontrabas, congas \/ bat\u00e1-trummor och ett trumset plus ett extra inslag av synthesizers f\u00f6r att skapa en f\u00f6rening mellan tradition och modernitet.<\/p>\n<p>1 Moyugba<br \/>\n2 Il\u00e9-If\u00e9<br \/>\n3 Ebi<br \/>\n4 Iya Mi il\u00e9<br \/>\n5 Aite<br \/>\n6 Amewa<br \/>\n7 Dinza<br \/>\n8 Black Ballad<br \/>\n9 Lu-Fuki<br \/>\n10 The Proverb<\/p>\n","protected":false},"excerpt":{"rendered":"<p>HYBRID\/C \u00e4r ett musikaliskt och kulturellt fusionprojekt med en gemensam n\u00e4mnare: afro-kubansk musik och europeisk jazz. Cippeletti har en kubansk far och en fransk mor, vilket speglar Carlos Cippellettis kompositioner. Jazz, kubansk musikkultur, neo-soul och klassisk musik kombineras f\u00f6r att skapa ett unikt sound. Detta album spelades in med fantastiska musiker i en traditionell afro-kubansk&#8230;<\/p>\n","protected":false},"featured_media":850,"template":"","meta":[],"product_brand":[250],"product_cat":[16],"product_tag":[18,19],"class_list":{"0":"post-849","1":"product","2":"type-product","3":"status-publish","4":"has-post-thumbnail","6":"product_brand-outnote","7":"product_cat-album","8":"product_tag-cd","9":"product_tag-jazz","11":"first","12":"instock","13":"shipping-taxable","14":"purchasable","15":"product-type-simple"},"_links":{"self":[{"href":"https:\/\/thomasaudio.se\/wp-json\/wp\/v2\/product\/849","targetHints":{"allow":["GET"]}}],"collection":[{"href":"https:\/\/thomasaudio.se\/wp-json\/wp\/v2\/product"}],"about":[{"href":"https:\/\/thomasaudio.se\/wp-json\/wp\/v2\/types\/product"}],"wp:featuredmedia":[{"embeddable":true,"href":"https:\/\/thomasaudio.se\/wp-json\/wp\/v2\/media\/850"}],"wp:attachment":[{"href":"https:\/\/thomasaudio.se\/wp-json\/wp\/v2\/media?parent=849"}],"wp:term":[{"taxonomy":"product_brand","embeddable":true,"href":"https:\/\/thomasaudio.se\/wp-json\/wp\/v2\/product_brand?post=849"},{"taxonomy":"product_cat","embeddable":true,"href":"https:\/\/thomasaudio.se\/wp-json\/wp\/v2\/product_cat?post=849"},{"taxonomy":"product_tag","embeddable":true,"href":"https:\/\/thomasaudio.se\/wp-json\/wp\/v2\/product_tag?post=849"}],"curies":[{"name":"wp","href":"https:\/\/api.w.org\/{rel}","templated":true}]}}