{"id":845,"date":"2026-03-10T19:34:46","date_gmt":"2026-03-10T19:34:46","guid":{"rendered":"https:\/\/thomasaudio.se\/?post_type=product&#038;p=845"},"modified":"2026-03-10T19:34:46","modified_gmt":"2026-03-10T19:34:46","slug":"kuniko-lannis-xenakis","status":"publish","type":"product","link":"https:\/\/thomasaudio.se\/?product=kuniko-lannis-xenakis","title":{"rendered":"Kuniko &#8211; Lannis Xenakis"},"content":{"rendered":"<p>KUNIKOs mycket efterl\u00e4ngtade tredje studioalbum. Iannis Xenakis verk har stor p\u00e5verkan inom musikv\u00e4rlden, s\u00e4rskilt p\u00e5 slagverksrepertoar.<br \/>\nFulla av utmaningar, fr\u00e5n banbrytande matematiska influenser till ovanlig notation och virtuos framf\u00f6rande, klassificerar m\u00e5nga Xenakis kompositioner som p\u00e5 gensen till ospelbara, men KUNIKOs o\u00f6vertr\u00e4ffade skicklighet g\u00f6r att hon perfekt f\u00f6rverkligar komposit\u00f6rens vision.<\/p>\n<p>1 Pleiades<br \/>\n2 Rebonds<\/p>\n","protected":false},"excerpt":{"rendered":"<p>KUNIKOs mycket efterl\u00e4ngtade tredje studioalbum. Iannis Xenakis verk har stor p\u00e5verkan inom musikv\u00e4rlden, s\u00e4rskilt p\u00e5 slagverksrepertoar. Fulla av utmaningar, fr\u00e5n banbrytande matematiska influenser till ovanlig notation och virtuos framf\u00f6rande, klassificerar m\u00e5nga Xenakis kompositioner som p\u00e5 gensen till ospelbara, men KUNIKOs o\u00f6vertr\u00e4ffade skicklighet g\u00f6r att hon perfekt f\u00f6rverkligar komposit\u00f6rens vision. 1 Pleiades 2 Rebonds<\/p>\n","protected":false},"featured_media":846,"template":"","meta":[],"product_brand":[33],"product_cat":[16],"product_tag":[18,39],"class_list":{"0":"post-845","1":"product","2":"type-product","3":"status-publish","4":"has-post-thumbnail","6":"product_brand-linn-records","7":"product_cat-album","8":"product_tag-cd","9":"product_tag-nutida-instrumentellt","11":"first","12":"instock","13":"shipping-taxable","14":"purchasable","15":"product-type-simple"},"_links":{"self":[{"href":"https:\/\/thomasaudio.se\/index.php?rest_route=\/wp\/v2\/product\/845","targetHints":{"allow":["GET"]}}],"collection":[{"href":"https:\/\/thomasaudio.se\/index.php?rest_route=\/wp\/v2\/product"}],"about":[{"href":"https:\/\/thomasaudio.se\/index.php?rest_route=\/wp\/v2\/types\/product"}],"wp:featuredmedia":[{"embeddable":true,"href":"https:\/\/thomasaudio.se\/index.php?rest_route=\/wp\/v2\/media\/846"}],"wp:attachment":[{"href":"https:\/\/thomasaudio.se\/index.php?rest_route=%2Fwp%2Fv2%2Fmedia&parent=845"}],"wp:term":[{"taxonomy":"product_brand","embeddable":true,"href":"https:\/\/thomasaudio.se\/index.php?rest_route=%2Fwp%2Fv2%2Fproduct_brand&post=845"},{"taxonomy":"product_cat","embeddable":true,"href":"https:\/\/thomasaudio.se\/index.php?rest_route=%2Fwp%2Fv2%2Fproduct_cat&post=845"},{"taxonomy":"product_tag","embeddable":true,"href":"https:\/\/thomasaudio.se\/index.php?rest_route=%2Fwp%2Fv2%2Fproduct_tag&post=845"}],"curies":[{"name":"wp","href":"https:\/\/api.w.org\/{rel}","templated":true}]}}