{"id":840,"date":"2026-03-10T16:53:31","date_gmt":"2026-03-10T16:53:31","guid":{"rendered":"https:\/\/thomasaudio.se\/?post_type=product&#038;p=840"},"modified":"2026-04-01T19:55:27","modified_gmt":"2026-04-01T19:55:27","slug":"kuniko-bach-solo-works-for-marimba","status":"publish","type":"product","link":"https:\/\/thomasaudio.se\/?product=kuniko-bach-solo-works-for-marimba","title":{"rendered":"Kuniko &#8211; Bach, Solo Works for Marimba"},"content":{"rendered":"<p>Hon v\u00e4nder sig till J.S. Bachs cellosviter och violinsonater f\u00f6r sin fj\u00e4rde studioinspelning med Linn, arrangerat f\u00f6r solomarimba. Kuniko ger ett unikt perspektiv p\u00e5 dessa mycket ber\u00f6mda och intellektuellt utmanande verk. Hennes k\u00e4nnetecken \u00e4r den mycket k\u00e4nsliga touch med tr\u00e4instrument som marimba, vilket ger dessa tolkningar en avskalad naturlig, organisk k\u00e4nsla.<\/p>\n<p>Kuniko \u00e4r en solist som \u00e4r erk\u00e4nd v\u00e4rlden \u00f6ver f\u00f6r sin h\u00e4pnadsv\u00e4ckande virtuositet, uts\u00f6kta musikaliska insikt och uttrycksfulla men \u00e4nd\u00e5 eleganta framf\u00f6randestil. Hon \u00e4r k\u00e4nd f\u00f6r sin felfria teknik n\u00e4r hon spelar b\u00e5de klaviatur- och slagverksinstrument, vilket sm\u00e4lter samman med hennes djupa musikaliska intelligens.<\/p>\n","protected":false},"excerpt":{"rendered":"<p>Dubbel-CD<\/p>\n","protected":false},"featured_media":841,"template":"","meta":[],"product_brand":[33],"product_cat":[16],"product_tag":[18,36,39],"class_list":{"0":"post-840","1":"product","2":"type-product","3":"status-publish","4":"has-post-thumbnail","6":"product_brand-linn-records","7":"product_cat-album","8":"product_tag-cd","9":"product_tag-klassiskt","10":"product_tag-nutida-instrumentellt","12":"first","13":"instock","14":"shipping-taxable","15":"purchasable","16":"product-type-simple"},"_links":{"self":[{"href":"https:\/\/thomasaudio.se\/index.php?rest_route=\/wp\/v2\/product\/840","targetHints":{"allow":["GET"]}}],"collection":[{"href":"https:\/\/thomasaudio.se\/index.php?rest_route=\/wp\/v2\/product"}],"about":[{"href":"https:\/\/thomasaudio.se\/index.php?rest_route=\/wp\/v2\/types\/product"}],"wp:featuredmedia":[{"embeddable":true,"href":"https:\/\/thomasaudio.se\/index.php?rest_route=\/wp\/v2\/media\/841"}],"wp:attachment":[{"href":"https:\/\/thomasaudio.se\/index.php?rest_route=%2Fwp%2Fv2%2Fmedia&parent=840"}],"wp:term":[{"taxonomy":"product_brand","embeddable":true,"href":"https:\/\/thomasaudio.se\/index.php?rest_route=%2Fwp%2Fv2%2Fproduct_brand&post=840"},{"taxonomy":"product_cat","embeddable":true,"href":"https:\/\/thomasaudio.se\/index.php?rest_route=%2Fwp%2Fv2%2Fproduct_cat&post=840"},{"taxonomy":"product_tag","embeddable":true,"href":"https:\/\/thomasaudio.se\/index.php?rest_route=%2Fwp%2Fv2%2Fproduct_tag&post=840"}],"curies":[{"name":"wp","href":"https:\/\/api.w.org\/{rel}","templated":true}]}}