{"id":835,"date":"2026-03-10T16:24:33","date_gmt":"2026-03-10T16:24:33","guid":{"rendered":"https:\/\/thomasaudio.se\/?post_type=product&#038;p=835"},"modified":"2026-04-01T19:59:32","modified_gmt":"2026-04-01T19:59:32","slug":"dave-arch-john-parricelli-true-colours","status":"publish","type":"product","link":"https:\/\/thomasaudio.se\/?product=dave-arch-john-parricelli-true-colours","title":{"rendered":"Dave Arch &#038; John Parricelli- True Colours"},"content":{"rendered":"<p>True Colours \u00e4r det nya albumet av den m\u00e5ngsidige pianisten Dave Arch och den hyllade gitarristen John Parricelli, tv\u00e5 musiker som har k\u00e4nt varandra och spelat tillsammans \u00e4nda sedan b\u00f6rjan av sina karri\u00e4rer. Individuellt har de arbetat med ett brett spektrum av artister fr\u00e5n hela musikaliska skalan.<\/p>\n<p>Genom att samarbeta med alla kompositioner blir resultatet en intim, organisk och atmosf\u00e4risk samling stycken som h\u00e4mtar inspiration fr\u00e5n en bredd av olika musikstilar, fint sammanfl\u00e4tade till en behaglig upplevelse. F\u00f6rutom att bjuda p\u00e5 dessa mycket personliga upplevelser finns \u00e4ven den prisbel\u00f6nta s\u00e5ngerskan Daisy Chute med i studion p\u00e5 tv\u00e5 l\u00e5tar. Denna kalejdoskopiska musik kommer utan tvekan att lbli som sk\u00f6n massage f\u00f6r din tr\u00f6tta sj\u00e4l.<\/p>\n<p>1 Oriel<br \/>\n2 Facing Both Ways<br \/>\n3 Man &amp; Boy<br \/>\n4 Sunshower<br \/>\n5 Coalescence<br \/>\n6 The Pilgrim\u2019s Way<br \/>\n7 Blink of an Eye<br \/>\n8 Veles<br \/>\n9 Mirage<br \/>\n10 Para Bellido<br \/>\n11 Coire a\u2019Ghrunnda<br \/>\n12 Elysian Fields<\/p>\n","protected":false},"excerpt":{"rendered":"<p>True Colours \u00e4r det nya albumet av den m\u00e5ngsidige pianisten Dave Arch och den hyllade gitarristen John Parricelli, tv\u00e5 musiker som har k\u00e4nt varandra och spelat tillsammans \u00e4nda sedan b\u00f6rjan av sina karri\u00e4rer. Individuellt har de arbetat med ett brett spektrum av artister fr\u00e5n hela musikaliska skalan. Genom att samarbeta med alla kompositioner blir resultatet&#8230;<\/p>\n","protected":false},"featured_media":836,"template":"","meta":[],"product_brand":[33],"product_cat":[16],"product_tag":[18,39],"class_list":{"0":"post-835","1":"product","2":"type-product","3":"status-publish","4":"has-post-thumbnail","6":"product_brand-linn-records","7":"product_cat-album","8":"product_tag-cd","9":"product_tag-nutida-instrumentellt","11":"first","12":"instock","13":"shipping-taxable","14":"purchasable","15":"product-type-simple"},"_links":{"self":[{"href":"https:\/\/thomasaudio.se\/index.php?rest_route=\/wp\/v2\/product\/835","targetHints":{"allow":["GET"]}}],"collection":[{"href":"https:\/\/thomasaudio.se\/index.php?rest_route=\/wp\/v2\/product"}],"about":[{"href":"https:\/\/thomasaudio.se\/index.php?rest_route=\/wp\/v2\/types\/product"}],"wp:featuredmedia":[{"embeddable":true,"href":"https:\/\/thomasaudio.se\/index.php?rest_route=\/wp\/v2\/media\/836"}],"wp:attachment":[{"href":"https:\/\/thomasaudio.se\/index.php?rest_route=%2Fwp%2Fv2%2Fmedia&parent=835"}],"wp:term":[{"taxonomy":"product_brand","embeddable":true,"href":"https:\/\/thomasaudio.se\/index.php?rest_route=%2Fwp%2Fv2%2Fproduct_brand&post=835"},{"taxonomy":"product_cat","embeddable":true,"href":"https:\/\/thomasaudio.se\/index.php?rest_route=%2Fwp%2Fv2%2Fproduct_cat&post=835"},{"taxonomy":"product_tag","embeddable":true,"href":"https:\/\/thomasaudio.se\/index.php?rest_route=%2Fwp%2Fv2%2Fproduct_tag&post=835"}],"curies":[{"name":"wp","href":"https:\/\/api.w.org\/{rel}","templated":true}]}}