{"id":824,"date":"2026-03-09T06:16:02","date_gmt":"2026-03-09T06:16:02","guid":{"rendered":"https:\/\/thomasaudio.se\/?post_type=product&#038;p=824"},"modified":"2026-04-01T20:02:16","modified_gmt":"2026-04-01T20:02:16","slug":"the-kings-singers-head-space-candlelight","status":"publish","type":"product","link":"https:\/\/thomasaudio.se\/?product=the-kings-singers-head-space-candlelight","title":{"rendered":"The King&#8217;s Singers &#8211; Head Space: Candlelight"},"content":{"rendered":"<p>Inspirerad av den katolska nattgudstj\u00e4nsten inneh\u00e5ller detta album bl.a. gregoriansk s\u00e5ng, inklusive <em>In manus tuas Domine<\/em> och <em>Salva nos Domine vigilantes<\/em>, med betoning p\u00e5 andningsdriven takt. Albumet inneh\u00e5ller ocks\u00e5 ordl\u00f6sa Orlando Gibbons Songs, samtida stycken av Anna Thorvaldsdottir, Judith Bingham och Arvo P\u00e4rt, samt det experimentella 4&#8217;33&#8221; av John Cage, som avslutas med Robert Parsons Ave Maria och Edvard Griegs Ave Maris Stella \u2013 allt utvalt f\u00f6r att skapa en avslappnande atmosf\u00e4r.<\/p>\n<p>1 In manus tuas Domine<br \/>\n2 Christe qui lux es et Dies I<br \/>\n3 Song 13 (Arr. Patrick Dunachie)<br \/>\n4 Heyr \u00feu oss himnum \u00e0<br \/>\n5 Song 1 (Arr. Patrick Dunachie)<br \/>\n6 Ave Virgo Sanctissima<br \/>\n7 Song 20 (Arr. Patrick Dunachie)<br \/>\n8 Zwei Beter<br \/>\n9 O Euchari<br \/>\n10 4\u2019 33\u201d<br \/>\n11 Ave Maria<br \/>\n12 Song 9 (Arr. Patrick Dunachie)<br \/>\n13 Ave Maris Stella (Arr. Christopher Bruerton)<br \/>\n14 Salva nos Domine<\/p>\n","protected":false},"excerpt":{"rendered":"<p>Inspirerad av den katolska nattgudstj\u00e4nsten inneh\u00e5ller detta album bl.a. gregoriansk s\u00e5ng, inklusive In manus tuas Domine och Salva nos Domine vigilantes, med betoning p\u00e5 andningsdriven takt. Albumet inneh\u00e5ller ocks\u00e5 ordl\u00f6sa Orlando Gibbons Songs, samtida stycken av Anna Thorvaldsdottir, Judith Bingham och Arvo P\u00e4rt, samt det experimentella 4&#8217;33&#8221; av John Cage, som avslutas med Robert Parsons&#8230;<\/p>\n","protected":false},"featured_media":825,"template":"","meta":[],"product_brand":[247],"product_cat":[16],"product_tag":[70,18],"class_list":{"0":"post-824","1":"product","2":"type-product","3":"status-publish","4":"has-post-thumbnail","6":"product_brand-signum","7":"product_cat-album","8":"product_tag-a-capella","9":"product_tag-cd","11":"first","12":"instock","13":"shipping-taxable","14":"purchasable","15":"product-type-simple"},"_links":{"self":[{"href":"https:\/\/thomasaudio.se\/index.php?rest_route=\/wp\/v2\/product\/824","targetHints":{"allow":["GET"]}}],"collection":[{"href":"https:\/\/thomasaudio.se\/index.php?rest_route=\/wp\/v2\/product"}],"about":[{"href":"https:\/\/thomasaudio.se\/index.php?rest_route=\/wp\/v2\/types\/product"}],"wp:featuredmedia":[{"embeddable":true,"href":"https:\/\/thomasaudio.se\/index.php?rest_route=\/wp\/v2\/media\/825"}],"wp:attachment":[{"href":"https:\/\/thomasaudio.se\/index.php?rest_route=%2Fwp%2Fv2%2Fmedia&parent=824"}],"wp:term":[{"taxonomy":"product_brand","embeddable":true,"href":"https:\/\/thomasaudio.se\/index.php?rest_route=%2Fwp%2Fv2%2Fproduct_brand&post=824"},{"taxonomy":"product_cat","embeddable":true,"href":"https:\/\/thomasaudio.se\/index.php?rest_route=%2Fwp%2Fv2%2Fproduct_cat&post=824"},{"taxonomy":"product_tag","embeddable":true,"href":"https:\/\/thomasaudio.se\/index.php?rest_route=%2Fwp%2Fv2%2Fproduct_tag&post=824"}],"curies":[{"name":"wp","href":"https:\/\/api.w.org\/{rel}","templated":true}]}}