{"id":813,"date":"2026-03-07T17:49:10","date_gmt":"2026-03-07T17:49:10","guid":{"rendered":"https:\/\/thomasaudio.se\/?post_type=product&#038;p=813"},"modified":"2026-04-25T12:26:54","modified_gmt":"2026-04-25T12:26:54","slug":"hana-sh-mkii-high-output","status":"publish","type":"product","link":"https:\/\/thomasaudio.se\/?product=hana-sh-mkii-high-output","title":{"rendered":"Hana SH MKII high output"},"content":{"rendered":"<p>M\u00e4stardesignern p\u00e5 Excel Sound, Masao Okada-san implementerar en avsmalnande aluminiumkonsol med \u00f6kad styvhet, vilket resulterar i en anm\u00e4rkningsv\u00e4rd detaljrik avl\u00e4sning av skivsp\u00e5ret. S MK II-pickuperna har h\u00f6gt specificerade delar, avancerade material genom unika tekniska processer.<br \/>\nMetalldelarna har behandlats kryogeniskt (extrem nedkylning) f\u00f6r ett mer naturligt ljud med f\u00e5 f\u00f6rluster i \u00e5tergivningen.<\/p>\n<p>Pickupen inneh\u00e5ller en Alnico-magnet och korsad spole med h\u00f6g renhet 30-mikron koppartr\u00e5d och en impedans p\u00e5 8 Ohm. Den handlindade spolen \u00e4r densamma som i toppmodellerna Umami Blue och ML.<\/p>\n<p>HIGH OUTPUT<br \/>\nN\u00e5l: Shibata<br \/>\nN\u00e5larm: Aluminum med avsmalnande profil<br \/>\nUtg\u00e5ngsniv\u00e5: 2 mV<br \/>\nN\u00e5ltryck: 2 gram<br \/>\nSp\u00e5rning: 70 \u00b5m<br \/>\nKanalseparation: 28 dB<br \/>\nImpedans130 Ohm<br \/>\nLaddningsimpedans: 47 kOhm<\/p>\n","protected":false},"excerpt":{"rendered":"<p>Skillnad mellan pickuperna i utg\u00e5ngsniv\u00e5.<\/p>\n","protected":false},"featured_media":814,"template":"","meta":[],"product_brand":[142],"product_cat":[56],"product_tag":[144,145],"class_list":{"0":"post-813","1":"product","2":"type-product","3":"status-publish","4":"has-post-thumbnail","6":"product_brand-hana","7":"product_cat-hifi","8":"product_tag-mc","9":"product_tag-pickuper","11":"first","12":"instock","13":"shipping-taxable","14":"purchasable","15":"product-type-simple"},"_links":{"self":[{"href":"https:\/\/thomasaudio.se\/index.php?rest_route=\/wp\/v2\/product\/813","targetHints":{"allow":["GET"]}}],"collection":[{"href":"https:\/\/thomasaudio.se\/index.php?rest_route=\/wp\/v2\/product"}],"about":[{"href":"https:\/\/thomasaudio.se\/index.php?rest_route=\/wp\/v2\/types\/product"}],"wp:featuredmedia":[{"embeddable":true,"href":"https:\/\/thomasaudio.se\/index.php?rest_route=\/wp\/v2\/media\/814"}],"wp:attachment":[{"href":"https:\/\/thomasaudio.se\/index.php?rest_route=%2Fwp%2Fv2%2Fmedia&parent=813"}],"wp:term":[{"taxonomy":"product_brand","embeddable":true,"href":"https:\/\/thomasaudio.se\/index.php?rest_route=%2Fwp%2Fv2%2Fproduct_brand&post=813"},{"taxonomy":"product_cat","embeddable":true,"href":"https:\/\/thomasaudio.se\/index.php?rest_route=%2Fwp%2Fv2%2Fproduct_cat&post=813"},{"taxonomy":"product_tag","embeddable":true,"href":"https:\/\/thomasaudio.se\/index.php?rest_route=%2Fwp%2Fv2%2Fproduct_tag&post=813"}],"curies":[{"name":"wp","href":"https:\/\/api.w.org\/{rel}","templated":true}]}}