{"id":809,"date":"2026-03-07T17:22:31","date_gmt":"2026-03-07T17:22:31","guid":{"rendered":"https:\/\/thomasaudio.se\/?post_type=product&#038;p=809"},"modified":"2026-04-01T20:04:54","modified_gmt":"2026-04-01T20:04:54","slug":"hana-el","status":"publish","type":"product","link":"https:\/\/thomasaudio.se\/?product=hana-el","title":{"rendered":"Hana EL (low output)"},"content":{"rendered":"<p>Med en vikt p\u00e5 endast 5 gram och stor sp\u00e5rningsf\u00f6rm\u00e5ga har Hana EH med sin karakteristiska mossgr\u00f6na kropp en speciell korsspole-konstruktion som har en ljud\u00e5tergivning med h\u00f6g dynamik fr\u00e5n 15 Hz och upp\u00e5t. Styrkan hos Hana EH \u00e4r dess prisv\u00e4rdhet. Den utmanar pickuper i den h\u00e4r prisniv\u00e5n med sin naturtrogna ljudkvalitet.<\/p>\n<p>N\u00e5l: Shibata<br \/>\nN\u00e5larm: Aluminum<br \/>\nOutput: 0.5 mv<br \/>\nN\u00e5ltryck 2 gram<br \/>\nSp\u00e5rning: 70 \u00b5m<br \/>\nKanalseparation: 25 dB<br \/>\nImpedans: 30 Ohm<br \/>\nRekommenderad impedans: &gt;300 Ohm<\/p>\n","protected":false},"excerpt":{"rendered":"<p>Med en vikt p\u00e5 endast 5 gram och stor sp\u00e5rningsf\u00f6rm\u00e5ga har Hana EH med sin karakteristiska mossgr\u00f6na kropp en speciell korsspole-konstruktion som har en ljud\u00e5tergivning med h\u00f6g dynamik fr\u00e5n 15 Hz och upp\u00e5t. Styrkan hos Hana EH \u00e4r dess prisv\u00e4rdhet. Den utmanar pickuper i den h\u00e4r prisniv\u00e5n med sin naturtrogna ljudkvalitet. N\u00e5l: Shibata N\u00e5larm: Aluminum&#8230;<\/p>\n","protected":false},"featured_media":810,"template":"","meta":[],"product_brand":[142],"product_cat":[56],"product_tag":[144,145],"class_list":{"0":"post-809","1":"product","2":"type-product","3":"status-publish","4":"has-post-thumbnail","6":"product_brand-hana","7":"product_cat-hifi","8":"product_tag-mc","9":"product_tag-pickuper","11":"first","12":"instock","13":"shipping-taxable","14":"purchasable","15":"product-type-simple"},"_links":{"self":[{"href":"https:\/\/thomasaudio.se\/index.php?rest_route=\/wp\/v2\/product\/809","targetHints":{"allow":["GET"]}}],"collection":[{"href":"https:\/\/thomasaudio.se\/index.php?rest_route=\/wp\/v2\/product"}],"about":[{"href":"https:\/\/thomasaudio.se\/index.php?rest_route=\/wp\/v2\/types\/product"}],"wp:featuredmedia":[{"embeddable":true,"href":"https:\/\/thomasaudio.se\/index.php?rest_route=\/wp\/v2\/media\/810"}],"wp:attachment":[{"href":"https:\/\/thomasaudio.se\/index.php?rest_route=%2Fwp%2Fv2%2Fmedia&parent=809"}],"wp:term":[{"taxonomy":"product_brand","embeddable":true,"href":"https:\/\/thomasaudio.se\/index.php?rest_route=%2Fwp%2Fv2%2Fproduct_brand&post=809"},{"taxonomy":"product_cat","embeddable":true,"href":"https:\/\/thomasaudio.se\/index.php?rest_route=%2Fwp%2Fv2%2Fproduct_cat&post=809"},{"taxonomy":"product_tag","embeddable":true,"href":"https:\/\/thomasaudio.se\/index.php?rest_route=%2Fwp%2Fv2%2Fproduct_tag&post=809"}],"curies":[{"name":"wp","href":"https:\/\/api.w.org\/{rel}","templated":true}]}}