{"id":807,"date":"2026-03-07T17:07:43","date_gmt":"2026-03-07T17:07:43","guid":{"rendered":"https:\/\/thomasaudio.se\/?post_type=product&#038;p=807"},"modified":"2026-04-01T20:07:14","modified_gmt":"2026-04-01T20:07:14","slug":"oulu-symphony-orchestra-ludvig-norman-symphony-no-3-overtures","status":"publish","type":"product","link":"https:\/\/thomasaudio.se\/?product=oulu-symphony-orchestra-ludvig-norman-symphony-no-3-overtures","title":{"rendered":"Oulu Symphony Orchestra &#8211; Ludvig Norman:  Symphony No. 3 &#038; Overtures"},"content":{"rendered":"<p>Oulu Symfoniorkester utvecklar en intressant specialitet att framf\u00f6ra underexponerade skandinaviska verk. H\u00e4r utforskar orkestern musik av komposit\u00f6ren Ludvig Norman, som p\u00e5 sin tid var k\u00e4nd som <em>den svenske Brahms<\/em> men som numera knappt spelas, \u00e5tminstone inte utanf\u00f6r Skandinavien. Orkestern spelar bortom sitt regionala rykte och g\u00f6r denna kraftfulla musik full r\u00e4ttvisa.<\/p>\n<p>Norman var f\u00f6rvisso Brahms n\u00e4stan samtida och utbildades i Leipzig, \u00a0Tyskland och fascinerades av dess musikaliska kultur. J\u00e4mf\u00f6relsen med Brahms \u00e4r tillr\u00e4ckligt tr\u00e4ffande. En attraktiv utg\u00e5va som borde ut\u00f6ka orkesterrepertoaren n\u00e5got.<\/p>\n<p>Concert Overture in E-flat major, Op. 21 (1856)<br \/>\nOverture to Shakespeare&#8217;s Antony and Cleopatra, Op. 57 (1881)<br \/>\nSymphony No. 3 in D minor, Op. 58 (1881)<\/p>\n","protected":false},"excerpt":{"rendered":"<p>Oulu Symfoniorkester utvecklar en intressant specialitet att framf\u00f6ra underexponerade skandinaviska verk. H\u00e4r utforskar orkestern musik av komposit\u00f6ren Ludvig Norman, som p\u00e5 sin tid var k\u00e4nd som den svenske Brahms men som numera knappt spelas, \u00e5tminstone inte utanf\u00f6r Skandinavien. Orkestern spelar bortom sitt regionala rykte och g\u00f6r denna kraftfulla musik full r\u00e4ttvisa. Norman var f\u00f6rvisso Brahms&#8230;<\/p>\n","protected":false},"featured_media":808,"template":"","meta":[],"product_brand":[242],"product_cat":[16],"product_tag":[18,36,244],"class_list":{"0":"post-807","1":"product","2":"type-product","3":"status-publish","4":"has-post-thumbnail","6":"product_brand-ondine","7":"product_cat-album","8":"product_tag-cd","9":"product_tag-klassiskt","10":"product_tag-oulu-symphony-orchestra","12":"first","13":"instock","14":"shipping-taxable","15":"purchasable","16":"product-type-simple"},"_links":{"self":[{"href":"https:\/\/thomasaudio.se\/index.php?rest_route=\/wp\/v2\/product\/807","targetHints":{"allow":["GET"]}}],"collection":[{"href":"https:\/\/thomasaudio.se\/index.php?rest_route=\/wp\/v2\/product"}],"about":[{"href":"https:\/\/thomasaudio.se\/index.php?rest_route=\/wp\/v2\/types\/product"}],"wp:featuredmedia":[{"embeddable":true,"href":"https:\/\/thomasaudio.se\/index.php?rest_route=\/wp\/v2\/media\/808"}],"wp:attachment":[{"href":"https:\/\/thomasaudio.se\/index.php?rest_route=%2Fwp%2Fv2%2Fmedia&parent=807"}],"wp:term":[{"taxonomy":"product_brand","embeddable":true,"href":"https:\/\/thomasaudio.se\/index.php?rest_route=%2Fwp%2Fv2%2Fproduct_brand&post=807"},{"taxonomy":"product_cat","embeddable":true,"href":"https:\/\/thomasaudio.se\/index.php?rest_route=%2Fwp%2Fv2%2Fproduct_cat&post=807"},{"taxonomy":"product_tag","embeddable":true,"href":"https:\/\/thomasaudio.se\/index.php?rest_route=%2Fwp%2Fv2%2Fproduct_tag&post=807"}],"curies":[{"name":"wp","href":"https:\/\/api.w.org\/{rel}","templated":true}]}}