{"id":805,"date":"2026-03-07T16:48:37","date_gmt":"2026-03-07T16:48:37","guid":{"rendered":"https:\/\/thomasaudio.se\/?post_type=product&#038;p=805"},"modified":"2026-03-07T16:48:37","modified_gmt":"2026-03-07T16:48:37","slug":"orchestra-nazionale-sinfonica-della-rai-ottroino-respighi-roman-trilogy","status":"publish","type":"product","link":"https:\/\/thomasaudio.se\/?product=orchestra-nazionale-sinfonica-della-rai-ottroino-respighi-roman-trilogy","title":{"rendered":"Orchestra Nazionale Sinfonica della RAI &#8211; Ottroino Respighi: Roman Trilogy"},"content":{"rendered":"<p>Dirigent: Robert Trevi\u00f1o<\/p>\n<p>Fountains of Rome (Fontane di Roma) (1916)<br \/>\nRoman Festivals (Feste Romane) (1928)<br \/>\nPines of Rome (Pini di Roma) (1924)<\/p>\n<p>Ottorino Respighis tre fyrsatsiga tondikter, tillsammans k\u00e4nda som &#8221;Romerska trilogin&#8221;, har varit popul\u00e4ra sedan uruppf\u00f6randet och det r\u00e5der d\u00e4rf\u00f6r ingen brist p\u00e5 inspelningar av dem. Men h\u00e4r \u00e4r en som \u00e4r v\u00e4rd att uppm\u00e4rksamma lite extra, musik f\u00f6r stor orkester som inte spelas in s\u00e5 ofta som den borde.<\/p>\n<p>Styckena \u00e4r rikt orkestrerade och m\u00e5nga orkestrar, italienska eller inte, klarar sig bra med den aspekten. Men det dirigenten Robert Trevi\u00f1o och orkestern Nazionale Sinfonica della RAI tillf\u00f6r verket \u00e4r en en m\u00e4ktig karakt\u00e4r i Fountains of Rome och en atmosf\u00e4r av oh\u00e4mmat gatuliv i &#8221;Epifani&#8221;-finalen av Roman Festivals med sina burdusa synkoper. Det h\u00e4r \u00e4r absolut underh\u00e5llning som engagerar. Ondine records levererar fint ljud vid inspelningen i Auditorium RAI i Torino.<\/p>\n","protected":false},"excerpt":{"rendered":"<p>Dirigent: Robert Trevi\u00f1o Fountains of Rome (Fontane di Roma) (1916) Roman Festivals (Feste Romane) (1928) Pines of Rome (Pini di Roma) (1924) Ottorino Respighis tre fyrsatsiga tondikter, tillsammans k\u00e4nda som &#8221;Romerska trilogin&#8221;, har varit popul\u00e4ra sedan uruppf\u00f6randet och det r\u00e5der d\u00e4rf\u00f6r ingen brist p\u00e5 inspelningar av dem. Men h\u00e4r \u00e4r en som \u00e4r v\u00e4rd att&#8230;<\/p>\n","protected":false},"featured_media":806,"template":"","meta":[],"product_brand":[242],"product_cat":[16],"product_tag":[18,36,243],"class_list":{"0":"post-805","1":"product","2":"type-product","3":"status-publish","4":"has-post-thumbnail","6":"product_brand-ondine","7":"product_cat-album","8":"product_tag-cd","9":"product_tag-klassiskt","10":"product_tag-orchestra-nazionale-sinfonica-della-rai","12":"first","13":"instock","14":"shipping-taxable","15":"purchasable","16":"product-type-simple"},"_links":{"self":[{"href":"https:\/\/thomasaudio.se\/index.php?rest_route=\/wp\/v2\/product\/805","targetHints":{"allow":["GET"]}}],"collection":[{"href":"https:\/\/thomasaudio.se\/index.php?rest_route=\/wp\/v2\/product"}],"about":[{"href":"https:\/\/thomasaudio.se\/index.php?rest_route=\/wp\/v2\/types\/product"}],"wp:featuredmedia":[{"embeddable":true,"href":"https:\/\/thomasaudio.se\/index.php?rest_route=\/wp\/v2\/media\/806"}],"wp:attachment":[{"href":"https:\/\/thomasaudio.se\/index.php?rest_route=%2Fwp%2Fv2%2Fmedia&parent=805"}],"wp:term":[{"taxonomy":"product_brand","embeddable":true,"href":"https:\/\/thomasaudio.se\/index.php?rest_route=%2Fwp%2Fv2%2Fproduct_brand&post=805"},{"taxonomy":"product_cat","embeddable":true,"href":"https:\/\/thomasaudio.se\/index.php?rest_route=%2Fwp%2Fv2%2Fproduct_cat&post=805"},{"taxonomy":"product_tag","embeddable":true,"href":"https:\/\/thomasaudio.se\/index.php?rest_route=%2Fwp%2Fv2%2Fproduct_tag&post=805"}],"curies":[{"name":"wp","href":"https:\/\/api.w.org\/{rel}","templated":true}]}}