{"id":803,"date":"2026-03-07T16:31:09","date_gmt":"2026-03-07T16:31:09","guid":{"rendered":"https:\/\/thomasaudio.se\/?post_type=product&#038;p=803"},"modified":"2026-04-01T20:09:24","modified_gmt":"2026-04-01T20:09:24","slug":"bo-linde-concert-for-violine-and-orchestra-op-18","status":"publish","type":"product","link":"https:\/\/thomasaudio.se\/?product=bo-linde-concert-for-violine-and-orchestra-op-18","title":{"rendered":"Bo Linde: Concert for Violine and Orchestra, Op.18"},"content":{"rendered":"<p>En av \u00e5rets album av Svenska Dagbladet d\u00e5 albumet kom ut 2005.2005<br \/>\nH\u00f6gsta betyg: CD-Revyn, Sveriges Radio<\/p>\n<p>BETYG: *****<br \/>\nLJUDKVALITET: *****<br \/>\n\/ Opus<\/p>\n<p>&#8221;&#8230;Den blott 21-\u00e5riga Gomyo spelar med stor k\u00e4nsla och uppenbar entusiasm&#8230;&#8221;<br \/>\n&#8221;&#8230;Kliegel griper tag i Lindes m\u00e4sterverk med huggt\u00e4nderna och sl\u00e4pper inte greppet f\u00f6rr\u00e4n varenda m\u00f6jlighet utt\u00f6mts. Precis s\u00e5 h\u00e4r reagerar en stor cellist p\u00e5 nyfunnen geni-musik. G\u00e4vle Symfoniorkester spelar f\u00f6rn\u00e4mligt under Petter Sundkvist. Jag v\u00e4ntar ivrigt p\u00e5 kommande volymer&#8230;&#8221;<br \/>\n\/ Svenska Dagbladet<\/p>\n<p>&#8221;&#8230;B\u00e5da solisterna&#8230;visar skicklighet och engagemang&#8230;&#8221;<br \/>\n\/ Sydsvenska Dagbladet<\/p>\n<p>&#8221;&#8230;Bo Linde, en av de stora melodiska beg\u00e5vningarna inom 1900-talsmusiken&#8230;&#8221;<br \/>\n&#8221;&#8230;Mycket v\u00e4l spelat, b\u00e5de av orkester och solister&#8230;&#8221;<br \/>\n\/ Norra V\u00e4sterbottenbladet<\/p>\n<p>&#8221;&#8230;Finalens (cellokonserten) ordl\u00f6sa s\u00e5ng \u00e4r n\u00e5got av det allra vackraste jag n\u00e5gonsin h\u00f6rt och d\u00e5 r\u00e4knar jag med Elgars och Dvoraks cellokonserter&#8230;&#8221;<br \/>\n\/ Helsingborgs Dagblad\/Nordv\u00e4stra Sk\u00e5nes Tidningar<\/p>\n<p>1. Concerto For violine And Orchestra, Op. 18<br \/>\n2. Concerto For Cello And Orchestra, Op.29<\/p>\n","protected":false},"excerpt":{"rendered":"<p>Concerto For violine And Orchestra, Op. 18<br \/>\nConcerto For Cello And Orchestra, Op.29<\/p>\n","protected":false},"featured_media":804,"template":"","meta":[],"product_brand":[238],"product_cat":[16],"product_tag":[18,241,36],"class_list":{"0":"post-803","1":"product","2":"type-product","3":"status-publish","4":"has-post-thumbnail","6":"product_brand-swedish-society","7":"product_cat-album","8":"product_tag-cd","9":"product_tag-gavle-symfoniorkester","10":"product_tag-klassiskt","12":"first","13":"instock","14":"shipping-taxable","15":"purchasable","16":"product-type-simple"},"_links":{"self":[{"href":"https:\/\/thomasaudio.se\/index.php?rest_route=\/wp\/v2\/product\/803","targetHints":{"allow":["GET"]}}],"collection":[{"href":"https:\/\/thomasaudio.se\/index.php?rest_route=\/wp\/v2\/product"}],"about":[{"href":"https:\/\/thomasaudio.se\/index.php?rest_route=\/wp\/v2\/types\/product"}],"wp:featuredmedia":[{"embeddable":true,"href":"https:\/\/thomasaudio.se\/index.php?rest_route=\/wp\/v2\/media\/804"}],"wp:attachment":[{"href":"https:\/\/thomasaudio.se\/index.php?rest_route=%2Fwp%2Fv2%2Fmedia&parent=803"}],"wp:term":[{"taxonomy":"product_brand","embeddable":true,"href":"https:\/\/thomasaudio.se\/index.php?rest_route=%2Fwp%2Fv2%2Fproduct_brand&post=803"},{"taxonomy":"product_cat","embeddable":true,"href":"https:\/\/thomasaudio.se\/index.php?rest_route=%2Fwp%2Fv2%2Fproduct_cat&post=803"},{"taxonomy":"product_tag","embeddable":true,"href":"https:\/\/thomasaudio.se\/index.php?rest_route=%2Fwp%2Fv2%2Fproduct_tag&post=803"}],"curies":[{"name":"wp","href":"https:\/\/api.w.org\/{rel}","templated":true}]}}