{"id":801,"date":"2026-03-07T12:33:37","date_gmt":"2026-03-07T12:33:37","guid":{"rendered":"https:\/\/thomasaudio.se\/?post_type=product&#038;p=801"},"modified":"2026-03-07T12:34:28","modified_gmt":"2026-03-07T12:34:28","slug":"jonkopings-sinnfonietta-kammarkor-between-always-and-forever","status":"publish","type":"product","link":"https:\/\/thomasaudio.se\/?product=jonkopings-sinnfonietta-kammarkor-between-always-and-forever","title":{"rendered":"J\u00f6nk\u00f6pings Sinfonietta &#038; kammark\u00f6r &#8211; Between Always And Forever"},"content":{"rendered":"<p>Lena Willemark, solos\u00e5ng<br \/>\nFredrik Burstedt, dirigent<\/p>\n<p>&#8221;Between always and Never&#8221; \u00e4r ett av den internationellt hyllade kontrabasisten och komposit\u00f6ren Anders Jormins mest omfattande verk, ett oratorie i form av en poetisk svit f\u00f6r k\u00f6r, orkester och solists\u00e5ng. CD:n \u00e4r ocks\u00e5 den f\u00f6rsta svenska utg\u00e5van av hans hyllade verk f\u00f6r symfoniorkester och k\u00f6r.<\/p>\n<p>Vokalsolisten Lena Willemark lyser h\u00e4r starkt med en stor n\u00e4rvaro och koncentration av uttryck. Den andra solodelen framf\u00f6rdes av virtuosen Anders Jormin sj\u00e4lv p\u00e5 bas.<br \/>\nMed texter av Shakespeare, Hemingway, Pia Tafdrup och komposit\u00f6rens egna korta dikter skapades en musik med stor karakt\u00e4r, en musik fylld b\u00e5de av reflektion och inre styrka.<\/p>\n<p>1 AVIAJA<br \/>\n2 HAIKU<br \/>\n3 K\u00c4RLEKSVISA<br \/>\n4 V\u00c4GEN \u00c4R \u00d6DE<br \/>\n5 SOL OCH M\u00c5NE<br \/>\n6 DANS- UR STENARS TYSTNAD<br \/>\nMELLAN ALLTID OCH ALDRIG (Between Always and Never)<br \/>\n8 SHAKESPEARE COGITATIO<br \/>\n9 K\u00c4RLEKSVISA- TRIPTYK<br \/>\n10 DANS- TILL SOLARS LEK<br \/>\n11 EVIGA TANKE<br \/>\n12 HEMINGWAY COGITATIO<br \/>\n13 M.<\/p>\n","protected":false},"excerpt":{"rendered":"<p>Lena Willemark, solos\u00e5ng Fredrik Burstedt, dirigent &#8221;Between always and Never&#8221; \u00e4r ett av den internationellt hyllade kontrabasisten och komposit\u00f6ren Anders Jormins mest omfattande verk, ett oratorie i form av en poetisk svit f\u00f6r k\u00f6r, orkester och solists\u00e5ng. CD:n \u00e4r ocks\u00e5 den f\u00f6rsta svenska utg\u00e5van av hans hyllade verk f\u00f6r symfoniorkester och k\u00f6r. Vokalsolisten Lena Willemark&#8230;<\/p>\n","protected":false},"featured_media":802,"template":"","meta":[],"product_brand":[238],"product_cat":[16],"product_tag":[240,18,239,36],"class_list":{"0":"post-801","1":"product","2":"type-product","3":"status-publish","4":"has-post-thumbnail","6":"product_brand-swedish-society","7":"product_cat-album","8":"product_tag-anders-jormin","9":"product_tag-cd","10":"product_tag-jonkopings-sinnfonietta-kammarkor","11":"product_tag-klassiskt","13":"first","14":"instock","15":"shipping-taxable","16":"purchasable","17":"product-type-simple"},"_links":{"self":[{"href":"https:\/\/thomasaudio.se\/index.php?rest_route=\/wp\/v2\/product\/801","targetHints":{"allow":["GET"]}}],"collection":[{"href":"https:\/\/thomasaudio.se\/index.php?rest_route=\/wp\/v2\/product"}],"about":[{"href":"https:\/\/thomasaudio.se\/index.php?rest_route=\/wp\/v2\/types\/product"}],"wp:featuredmedia":[{"embeddable":true,"href":"https:\/\/thomasaudio.se\/index.php?rest_route=\/wp\/v2\/media\/802"}],"wp:attachment":[{"href":"https:\/\/thomasaudio.se\/index.php?rest_route=%2Fwp%2Fv2%2Fmedia&parent=801"}],"wp:term":[{"taxonomy":"product_brand","embeddable":true,"href":"https:\/\/thomasaudio.se\/index.php?rest_route=%2Fwp%2Fv2%2Fproduct_brand&post=801"},{"taxonomy":"product_cat","embeddable":true,"href":"https:\/\/thomasaudio.se\/index.php?rest_route=%2Fwp%2Fv2%2Fproduct_cat&post=801"},{"taxonomy":"product_tag","embeddable":true,"href":"https:\/\/thomasaudio.se\/index.php?rest_route=%2Fwp%2Fv2%2Fproduct_tag&post=801"}],"curies":[{"name":"wp","href":"https:\/\/api.w.org\/{rel}","templated":true}]}}