{"id":799,"date":"2026-03-07T11:04:26","date_gmt":"2026-03-07T11:04:26","guid":{"rendered":"https:\/\/thomasaudio.se\/?post_type=product&#038;p=799"},"modified":"2026-03-07T11:06:29","modified_gmt":"2026-03-07T11:06:29","slug":"eldkvarn-karlekens-torst","status":"publish","type":"product","link":"https:\/\/thomasaudio.se\/butik\/album\/eldkvarn-karlekens-torst\/","title":{"rendered":"Eldkvarn &#8211; K\u00e4rlekens T\u00f6rst"},"content":{"rendered":"<p>En Konsert d\u00e4r deras tidigare l\u00e5tar blir till en sammansatt ber\u00e4ttelse om m\u00e4nskliga \u00f6nskningar och v\u00e4rderingar, om vardagslivets inneh\u00e5ll.<br \/>\nLivekonsert 16\/6 2000 i Annedalskyrkan, Stockholm.<\/p>\n<p>Tony Thor\u00e9n &#8211; elbas<br \/>\nWerner Modigg\u00e5rd &#8211; trummor<br \/>\nCarla Jonsson &#8211; gitarr<br \/>\nClaes Von Heijne &#8211; keyboards<\/p>\n<p>1 In fr\u00e5n regnet (S\u00e5nger fr\u00e5n Nederg\u00e5rden) 5:34<br \/>\n2 Vill inte f\u00f6rlora igen (Himmelska dagar) 4:32<br \/>\n3 Som om du var h\u00e4r (Limbo) 3:58<br \/>\n4 N\u00e5dens hand Limbo (4:31)<br \/>\n5 K\u00e4rlekens tunga (Kungarna fr\u00e5n Broadway) 5:39<br \/>\n6 Ett hus p\u00e5 stranden Utanf\u00f6r lagen (4:44)<br \/>\n7 N\u00e5nting m\u00e5ste g\u00e5 s\u00f6nder (Lyckliga tider) 10:19<br \/>\n8 Ikv\u00e4ll stannar jag hos dig (S\u00e5nger fr\u00e5n Nederg\u00e5rden) 4:54<br \/>\n9 Limbo (Limbo+) 4:43<\/p>\n","protected":false},"excerpt":{"rendered":"<p>En Konsert d\u00e4r deras tidigare l\u00e5tar blir till en sammansatt ber\u00e4ttelse om m\u00e4nskliga \u00f6nskningar och v\u00e4rderingar, om vardagslivets inneh\u00e5ll. Livekonsert 16\/6 2000 i Annedalskyrkan, Stockholm. Tony Thor\u00e9n &#8211; elbas Werner Modigg\u00e5rd &#8211; trummor Carla Jonsson &#8211; gitarr Claes Von Heijne &#8211; keyboards 1 In fr\u00e5n regnet (S\u00e5nger fr\u00e5n Nederg\u00e5rden) 5:34 2 Vill inte f\u00f6rlora igen&#8230;<\/p>\n","protected":false},"featured_media":800,"template":"","meta":[],"product_brand":[236],"product_cat":[16],"product_tag":[18,237,169],"class_list":{"0":"post-799","1":"product","2":"type-product","3":"status-publish","4":"has-post-thumbnail","6":"product_brand-zebra-art","7":"product_cat-album","8":"product_tag-cd","9":"product_tag-eldkvarn","10":"product_tag-pop-rock","12":"first","13":"instock","14":"shipping-taxable","15":"purchasable","16":"product-type-simple"},"_links":{"self":[{"href":"https:\/\/thomasaudio.se\/wp-json\/wp\/v2\/product\/799","targetHints":{"allow":["GET"]}}],"collection":[{"href":"https:\/\/thomasaudio.se\/wp-json\/wp\/v2\/product"}],"about":[{"href":"https:\/\/thomasaudio.se\/wp-json\/wp\/v2\/types\/product"}],"wp:featuredmedia":[{"embeddable":true,"href":"https:\/\/thomasaudio.se\/wp-json\/wp\/v2\/media\/800"}],"wp:attachment":[{"href":"https:\/\/thomasaudio.se\/wp-json\/wp\/v2\/media?parent=799"}],"wp:term":[{"taxonomy":"product_brand","embeddable":true,"href":"https:\/\/thomasaudio.se\/wp-json\/wp\/v2\/product_brand?post=799"},{"taxonomy":"product_cat","embeddable":true,"href":"https:\/\/thomasaudio.se\/wp-json\/wp\/v2\/product_cat?post=799"},{"taxonomy":"product_tag","embeddable":true,"href":"https:\/\/thomasaudio.se\/wp-json\/wp\/v2\/product_tag?post=799"}],"curies":[{"name":"wp","href":"https:\/\/api.w.org\/{rel}","templated":true}]}}