{"id":797,"date":"2026-03-06T21:04:29","date_gmt":"2026-03-06T21:04:29","guid":{"rendered":"https:\/\/thomasaudio.se\/?post_type=product&#038;p=797"},"modified":"2026-03-10T17:11:46","modified_gmt":"2026-03-10T17:11:46","slug":"larte-dellarco-frederico-lugdiermo-vivaldi-violin-concertos-13-cd-box","status":"publish","type":"product","link":"https:\/\/thomasaudio.se\/?product=larte-dellarco-frederico-lugdiermo-vivaldi-violin-concertos-13-cd-box","title":{"rendered":"L&#8217;Arte dell&#8217;Arco &#038; Frederico Lugdiermo &#8211; Vivaldi: Violin Concertos (13 CD-Box)"},"content":{"rendered":"<p>Vivaldis st\u00f6rsta arv ligger i hans instrumentala konserter, s\u00e4rskilt de f\u00f6r violin. Varje konsert visar hans anm\u00e4rkningsv\u00e4rda k\u00e4nsla f\u00f6r instrumentets uttrycksfullhet och tekniska kapacitet. Hans konserter f\u00f6ljer vanligtvis den tresatsiga strukturen (snabb\u2013l\u00e5ngsam\u2013snabb) som var en f\u00f6rv\u00e4ntad stil i senare klassisk musik. Hans verk k\u00e4nnetecknas av briljant virtuositet, rytmisk vitalitet och en tydlig k\u00e4nsla f\u00f6r form och kontrast.<\/p>\n<p>\u201ca definitive recording, bravo!\u201d<br \/>\n\/\/ Diapason<br \/>\n\u201cInfectious joy, improvisatory flair and instinct, this is music making minted in the moment\u201d<br \/>\n\/\/BBC 3<br \/>\n\u201cThey know the secret language of Vivaldi..\u201d<br \/>\n\/\/ Diapason<\/p>\n","protected":false},"excerpt":{"rendered":"<p>13 CD-Box<br \/>\n43 kr \/ CD<\/p>\n","protected":false},"featured_media":798,"template":"","meta":[],"product_brand":[171],"product_cat":[16],"product_tag":[18,36],"class_list":{"0":"post-797","1":"product","2":"type-product","3":"status-publish","4":"has-post-thumbnail","6":"product_brand-brilliant-classics","7":"product_cat-album","8":"product_tag-cd","9":"product_tag-klassiskt","11":"first","12":"instock","13":"shipping-taxable","14":"purchasable","15":"product-type-simple"},"_links":{"self":[{"href":"https:\/\/thomasaudio.se\/index.php?rest_route=\/wp\/v2\/product\/797","targetHints":{"allow":["GET"]}}],"collection":[{"href":"https:\/\/thomasaudio.se\/index.php?rest_route=\/wp\/v2\/product"}],"about":[{"href":"https:\/\/thomasaudio.se\/index.php?rest_route=\/wp\/v2\/types\/product"}],"wp:featuredmedia":[{"embeddable":true,"href":"https:\/\/thomasaudio.se\/index.php?rest_route=\/wp\/v2\/media\/798"}],"wp:attachment":[{"href":"https:\/\/thomasaudio.se\/index.php?rest_route=%2Fwp%2Fv2%2Fmedia&parent=797"}],"wp:term":[{"taxonomy":"product_brand","embeddable":true,"href":"https:\/\/thomasaudio.se\/index.php?rest_route=%2Fwp%2Fv2%2Fproduct_brand&post=797"},{"taxonomy":"product_cat","embeddable":true,"href":"https:\/\/thomasaudio.se\/index.php?rest_route=%2Fwp%2Fv2%2Fproduct_cat&post=797"},{"taxonomy":"product_tag","embeddable":true,"href":"https:\/\/thomasaudio.se\/index.php?rest_route=%2Fwp%2Fv2%2Fproduct_tag&post=797"}],"curies":[{"name":"wp","href":"https:\/\/api.w.org\/{rel}","templated":true}]}}