{"id":795,"date":"2026-03-06T20:55:22","date_gmt":"2026-03-06T20:55:22","guid":{"rendered":"https:\/\/thomasaudio.se\/?post_type=product&#038;p=795"},"modified":"2026-03-07T08:38:02","modified_gmt":"2026-03-07T08:38:02","slug":"aka-moon-the-scarlatti-book","status":"publish","type":"product","link":"https:\/\/thomasaudio.se\/?product=aka-moon-the-scarlatti-book","title":{"rendered":"Aka Moon &#8211; The Scarlatti Book"},"content":{"rendered":"<p>Gruppen \u00e4gnade sitt album \u00e5t den italienske komposit\u00f6ren Domenico Scarlatti (1685\u20131757). Tons\u00e4ttaren erbjuder i sin omfattande sonatrepertoar ett unikt musikaliskt material, fascinerande i sina rytmiska och harmoniska excentriciteter, vilket skapar en idealisk grund f\u00f6r att utvinna ett l\u00e4mpligt inneh\u00e5ll till det musikaliska spr\u00e5ket f\u00f6r Aka Moon. I studion finns ocks\u00e5 pianisten Fabian Fiorini.<br \/>\nAtt framf\u00f6ra denna barockmusik i nutid tid ger mycket utrymme f\u00f6r improvisation. Byggd p\u00e5 detta s\u00e4tt bjuder Aka Moon p\u00e5 ett musikaliskt \u00e4ventyr med m\u00e5nga \u00f6verraskningar.<\/p>\n<p>1 aKa 99<br \/>\n2 aKa 466<br \/>\n3 aKa141<br \/>\n4 aKa 87<br \/>\n5 aKa175<br \/>\n6 aKa 213<br \/>\n7 aKa 492<br \/>\n8 aKa 1<br \/>\n9 aKa 109<\/p>\n","protected":false},"excerpt":{"rendered":"<p>Gruppen \u00e4gnade sitt album \u00e5t den italienske komposit\u00f6ren Domenico Scarlatti (1685\u20131757). Tons\u00e4ttaren erbjuder i sin omfattande sonatrepertoar ett unikt musikaliskt material, fascinerande i sina rytmiska och harmoniska excentriciteter, vilket skapar en idealisk grund f\u00f6r att utvinna ett l\u00e4mpligt inneh\u00e5ll till det musikaliska spr\u00e5ket f\u00f6r Aka Moon. I studion finns ocks\u00e5 pianisten Fabian Fiorini. Att framf\u00f6ra&#8230;<\/p>\n","protected":false},"featured_media":796,"template":"","meta":[],"product_brand":[51],"product_cat":[16],"product_tag":[172,18,19],"class_list":{"0":"post-795","1":"product","2":"type-product","3":"status-publish","4":"has-post-thumbnail","6":"product_brand-outthere-music","7":"product_cat-album","8":"product_tag-aka-moon","9":"product_tag-cd","10":"product_tag-jazz","12":"first","13":"instock","14":"shipping-taxable","15":"purchasable","16":"product-type-simple"},"_links":{"self":[{"href":"https:\/\/thomasaudio.se\/index.php?rest_route=\/wp\/v2\/product\/795","targetHints":{"allow":["GET"]}}],"collection":[{"href":"https:\/\/thomasaudio.se\/index.php?rest_route=\/wp\/v2\/product"}],"about":[{"href":"https:\/\/thomasaudio.se\/index.php?rest_route=\/wp\/v2\/types\/product"}],"wp:featuredmedia":[{"embeddable":true,"href":"https:\/\/thomasaudio.se\/index.php?rest_route=\/wp\/v2\/media\/796"}],"wp:attachment":[{"href":"https:\/\/thomasaudio.se\/index.php?rest_route=%2Fwp%2Fv2%2Fmedia&parent=795"}],"wp:term":[{"taxonomy":"product_brand","embeddable":true,"href":"https:\/\/thomasaudio.se\/index.php?rest_route=%2Fwp%2Fv2%2Fproduct_brand&post=795"},{"taxonomy":"product_cat","embeddable":true,"href":"https:\/\/thomasaudio.se\/index.php?rest_route=%2Fwp%2Fv2%2Fproduct_cat&post=795"},{"taxonomy":"product_tag","embeddable":true,"href":"https:\/\/thomasaudio.se\/index.php?rest_route=%2Fwp%2Fv2%2Fproduct_tag&post=795"}],"curies":[{"name":"wp","href":"https:\/\/api.w.org\/{rel}","templated":true}]}}