{"id":793,"date":"2026-03-06T18:15:39","date_gmt":"2026-03-06T18:15:39","guid":{"rendered":"https:\/\/thomasaudio.se\/?post_type=product&#038;p=793"},"modified":"2026-03-10T17:13:16","modified_gmt":"2026-03-10T17:13:16","slug":"nasa-na-live-91","status":"publish","type":"product","link":"https:\/\/thomasaudio.se\/?product=nasa-na-live-91","title":{"rendered":"Nasa Na &#8211; Live &#8217;91"},"content":{"rendered":"<p>Gruppen NASA NA, best\u00e5ende av Pierre Van Dormael, Fabrizio Cassol, Michel Hatzigeorgiou och St\u00e9phane Galland, bildades 1989 i samband med \u00f6ppnandet av &#8217;De Kaai&#8217;, den legendariska jazzklubben i Bryssel. D\u00e4r till\u00e4ts allt och en rad musiker experimenterade tillsammans med en ny sorts musik. Initialt kallad NASA NA GROUP &#8211; vilket betyder &#8217;Jag har en grupp&#8217; &#8211; utvecklades NASA NA naturligt och skapade stor sammanh\u00e5llning.<\/p>\n<p>N\u00e4r gruppen splittrades 1992 bildade Fabrizio Cassol, Michel Hatzigeorgiou och St\u00e9phane Galland AKA MOON och Pierre Van Dormael ansl\u00f6t sig vid n\u00e5gra konserter och inspelningar.<\/p>\n<p>Trots publikens f\u00f6rv\u00e4ntningar vid den tiden ville denna laboratoriegrupp inte sl\u00e4ppa n\u00e5got album trots att alla, var och en, fick en gedigen karri\u00e4r. Denna fr\u00e5nvaro fick \u00e4ntligen kompensation tack vare utgivningen av detta album med en samling liveinspelningar. Ett m\u00e5ste-album f\u00f6r alla fans och en extraordin\u00e4r uppt\u00e4ckt f\u00f6r alla andra. Det \u00e4r ocks\u00e5 en hyllning till den bortg\u00e5ngne, store musikern och komposit\u00f6ren Pierre Van Dormael och ett unikt ljuddokument som vittnar om hans enast\u00e5ende genialitet.<\/p>\n<p>1 Qui est cette femme?<br \/>\n2 C\u00e9lestine et D\u00e9sir\u00e9<br \/>\n3 N.S.D. Carmen<br \/>\n4 Bruit<br \/>\n5 Destinations<br \/>\n6 Hi, I\u2019m from Mars<br \/>\n7 Nasa Na<br \/>\n8 Aka Dance<br \/>\n9 Inventory II<\/p>\n","protected":false},"excerpt":{"rendered":"<p>Gruppen NASA NA, best\u00e5ende av Pierre Van Dormael, Fabrizio Cassol, Michel Hatzigeorgiou och St\u00e9phane Galland, bildades 1989 i samband med \u00f6ppnandet av &#8217;De Kaai&#8217;, den legendariska jazzklubben i Bryssel. D\u00e4r till\u00e4ts allt och en rad musiker experimenterade tillsammans med en ny sorts musik. Initialt kallad NASA NA GROUP &#8211; vilket betyder &#8217;Jag har en grupp&#8217;&#8230;<\/p>\n","protected":false},"featured_media":794,"template":"","meta":[],"product_brand":[51],"product_cat":[16],"product_tag":[18,19,173],"class_list":{"0":"post-793","1":"product","2":"type-product","3":"status-publish","4":"has-post-thumbnail","6":"product_brand-outthere-music","7":"product_cat-album","8":"product_tag-cd","9":"product_tag-jazz","10":"product_tag-nasa-na","12":"first","13":"instock","14":"shipping-taxable","15":"purchasable","16":"product-type-simple"},"_links":{"self":[{"href":"https:\/\/thomasaudio.se\/index.php?rest_route=\/wp\/v2\/product\/793","targetHints":{"allow":["GET"]}}],"collection":[{"href":"https:\/\/thomasaudio.se\/index.php?rest_route=\/wp\/v2\/product"}],"about":[{"href":"https:\/\/thomasaudio.se\/index.php?rest_route=\/wp\/v2\/types\/product"}],"wp:featuredmedia":[{"embeddable":true,"href":"https:\/\/thomasaudio.se\/index.php?rest_route=\/wp\/v2\/media\/794"}],"wp:attachment":[{"href":"https:\/\/thomasaudio.se\/index.php?rest_route=%2Fwp%2Fv2%2Fmedia&parent=793"}],"wp:term":[{"taxonomy":"product_brand","embeddable":true,"href":"https:\/\/thomasaudio.se\/index.php?rest_route=%2Fwp%2Fv2%2Fproduct_brand&post=793"},{"taxonomy":"product_cat","embeddable":true,"href":"https:\/\/thomasaudio.se\/index.php?rest_route=%2Fwp%2Fv2%2Fproduct_cat&post=793"},{"taxonomy":"product_tag","embeddable":true,"href":"https:\/\/thomasaudio.se\/index.php?rest_route=%2Fwp%2Fv2%2Fproduct_tag&post=793"}],"curies":[{"name":"wp","href":"https:\/\/api.w.org\/{rel}","templated":true}]}}