{"id":789,"date":"2026-03-06T17:57:09","date_gmt":"2026-03-06T17:57:09","guid":{"rendered":"https:\/\/thomasaudio.se\/?post_type=product&#038;p=789"},"modified":"2026-03-07T08:39:41","modified_gmt":"2026-03-07T08:39:41","slug":"aka-moon-now","status":"publish","type":"product","link":"https:\/\/thomasaudio.se\/?product=aka-moon-now","title":{"rendered":"Aka Moon &#8211; Now"},"content":{"rendered":"<p>Parallellt med utgivningen av boxen med tjugo CD-skivor firade Aka Moon sitt tjugofem\u00e5rsjubileum med detta album &#8211; en genuin \u00e5terg\u00e5ng till deras r\u00f6tter f\u00f6r de tre f\u00f6ljeslagarna Fabrizio Cassol, Michel Hatzigeorgiou och St\u00e9phane Galland.<br \/>\nDe m\u00f6ten och v\u00e4nskaper som kn\u00f6ts genom experimenterande med musiker fr\u00e5n hela v\u00e4rlden har l\u00e4mnat ett djupt kulturellt intryck p\u00e5 deras spel, som n\u00e5r h\u00f6jder av virtuositet, klarhet. Inom denna &#8217;klassiska&#8217; jazzkombination av saxofon, bas och trummor kan vi ana inslag fr\u00e5n Orienten, Afrika och Indien. Det blir som att bli bjuda in p\u00e5 en resa genom den kryddning av kulturer som p\u00e5 ett musikaliskt, behagligt s\u00e4tt infinner sig.<\/p>\n<p>1 Persevering<br \/>\n2 The Visitor<br \/>\n3 Nomadism<br \/>\n4 Now<br \/>\n5 The Year of Fire Horse<br \/>\n6 2Moro or 2Day 5<br \/>\n7 Old and New Dreams<br \/>\n8 Spiritual Exile (for Ezgi)<\/p>\n","protected":false},"excerpt":{"rendered":"<p>Parallellt med utgivningen av boxen med tjugo CD-skivor firade Aka Moon sitt tjugofem\u00e5rsjubileum med detta album &#8211; en genuin \u00e5terg\u00e5ng till deras r\u00f6tter f\u00f6r de tre f\u00f6ljeslagarna Fabrizio Cassol, Michel Hatzigeorgiou och St\u00e9phane Galland. De m\u00f6ten och v\u00e4nskaper som kn\u00f6ts genom experimenterande med musiker fr\u00e5n hela v\u00e4rlden har l\u00e4mnat ett djupt kulturellt intryck p\u00e5 deras&#8230;<\/p>\n","protected":false},"featured_media":790,"template":"","meta":[],"product_brand":[51],"product_cat":[16],"product_tag":[172,18,19],"class_list":{"0":"post-789","1":"product","2":"type-product","3":"status-publish","4":"has-post-thumbnail","6":"product_brand-outthere-music","7":"product_cat-album","8":"product_tag-aka-moon","9":"product_tag-cd","10":"product_tag-jazz","12":"first","13":"instock","14":"shipping-taxable","15":"purchasable","16":"product-type-simple"},"_links":{"self":[{"href":"https:\/\/thomasaudio.se\/index.php?rest_route=\/wp\/v2\/product\/789","targetHints":{"allow":["GET"]}}],"collection":[{"href":"https:\/\/thomasaudio.se\/index.php?rest_route=\/wp\/v2\/product"}],"about":[{"href":"https:\/\/thomasaudio.se\/index.php?rest_route=\/wp\/v2\/types\/product"}],"wp:featuredmedia":[{"embeddable":true,"href":"https:\/\/thomasaudio.se\/index.php?rest_route=\/wp\/v2\/media\/790"}],"wp:attachment":[{"href":"https:\/\/thomasaudio.se\/index.php?rest_route=%2Fwp%2Fv2%2Fmedia&parent=789"}],"wp:term":[{"taxonomy":"product_brand","embeddable":true,"href":"https:\/\/thomasaudio.se\/index.php?rest_route=%2Fwp%2Fv2%2Fproduct_brand&post=789"},{"taxonomy":"product_cat","embeddable":true,"href":"https:\/\/thomasaudio.se\/index.php?rest_route=%2Fwp%2Fv2%2Fproduct_cat&post=789"},{"taxonomy":"product_tag","embeddable":true,"href":"https:\/\/thomasaudio.se\/index.php?rest_route=%2Fwp%2Fv2%2Fproduct_tag&post=789"}],"curies":[{"name":"wp","href":"https:\/\/api.w.org\/{rel}","templated":true}]}}