{"id":765,"date":"2026-03-05T21:49:21","date_gmt":"2026-03-05T21:49:21","guid":{"rendered":"https:\/\/thomasaudio.se\/?post_type=product&#038;p=765"},"modified":"2026-04-27T14:17:59","modified_gmt":"2026-04-27T14:17:59","slug":"hana-eh-mkii-high-outpur","status":"publish","type":"product","link":"https:\/\/thomasaudio.se\/?product=hana-eh-mkii-high-outpur","title":{"rendered":"Hana EH MkII (high output)"},"content":{"rendered":"<p>Med en vikt p\u00e5 endast 5 gram och stor sp\u00e5rningsf\u00f6rm\u00e5ga har Hana EH med sin karakteristiska mossgr\u00f6na kropp en speciell korsspole-konstruktion som har en ljud\u00e5tergivning med h\u00f6g dynamik fr\u00e5n 15 Hz och upp\u00e5t. Den elliptiska n\u00e5larmen extraherar noggrant musiken i sp\u00e5ret.<br \/>\nStyrkan hos Hana EH \u00e4r dess prisv\u00e4rdhet. Den utmanar pickuper i den h\u00e4r prisniv\u00e5n med sin naturtrogna ljudkvalitet.<\/p>\n<p>Output: 2 mv<br \/>\nRekommenderat n\u00e5ltryck: 2 gram<br \/>\nSp\u00e5rning: 70 \u00b5m<br \/>\nKanalseparation: 25 dB<br \/>\nImpedans: 130 Ohm<br \/>\nRekommenderad laddningsimpedans: &gt;47 kOhm<\/p>\n","protected":false},"excerpt":{"rendered":"<p>Med en vikt p\u00e5 endast 5 gram och stor sp\u00e5rningsf\u00f6rm\u00e5ga har Hana EH med sin karakteristiska mossgr\u00f6na kropp en speciell korsspole-konstruktion som har en ljud\u00e5tergivning med h\u00f6g dynamik fr\u00e5n 15 Hz och upp\u00e5t. Den elliptiska n\u00e5larmen extraherar noggrant musiken i sp\u00e5ret. Styrkan hos Hana EH \u00e4r dess prisv\u00e4rdhet. Den utmanar pickuper i den h\u00e4r prisniv\u00e5n&#8230;<\/p>\n","protected":false},"featured_media":820,"template":"","meta":[],"product_brand":[142],"product_cat":[56],"product_tag":[149,145],"class_list":{"0":"post-765","1":"product","2":"type-product","3":"status-publish","4":"has-post-thumbnail","6":"product_brand-hana","7":"product_cat-hifi","8":"product_tag-mm","9":"product_tag-pickuper","11":"first","12":"instock","13":"shipping-taxable","14":"purchasable","15":"product-type-simple"},"_links":{"self":[{"href":"https:\/\/thomasaudio.se\/index.php?rest_route=\/wp\/v2\/product\/765","targetHints":{"allow":["GET"]}}],"collection":[{"href":"https:\/\/thomasaudio.se\/index.php?rest_route=\/wp\/v2\/product"}],"about":[{"href":"https:\/\/thomasaudio.se\/index.php?rest_route=\/wp\/v2\/types\/product"}],"wp:featuredmedia":[{"embeddable":true,"href":"https:\/\/thomasaudio.se\/index.php?rest_route=\/wp\/v2\/media\/820"}],"wp:attachment":[{"href":"https:\/\/thomasaudio.se\/index.php?rest_route=%2Fwp%2Fv2%2Fmedia&parent=765"}],"wp:term":[{"taxonomy":"product_brand","embeddable":true,"href":"https:\/\/thomasaudio.se\/index.php?rest_route=%2Fwp%2Fv2%2Fproduct_brand&post=765"},{"taxonomy":"product_cat","embeddable":true,"href":"https:\/\/thomasaudio.se\/index.php?rest_route=%2Fwp%2Fv2%2Fproduct_cat&post=765"},{"taxonomy":"product_tag","embeddable":true,"href":"https:\/\/thomasaudio.se\/index.php?rest_route=%2Fwp%2Fv2%2Fproduct_tag&post=765"}],"curies":[{"name":"wp","href":"https:\/\/api.w.org\/{rel}","templated":true}]}}