{"id":761,"date":"2026-03-05T09:43:12","date_gmt":"2026-03-05T09:43:12","guid":{"rendered":"https:\/\/thomasaudio.se\/?post_type=product&#038;p=761"},"modified":"2026-03-14T09:34:54","modified_gmt":"2026-03-14T09:34:54","slug":"audio-technica-at33sa","status":"publish","type":"product","link":"https:\/\/thomasaudio.se\/?product=audio-technica-at33sa","title":{"rendered":"audio-technica AT33Sa"},"content":{"rendered":"<p>Audio-Technicas f\u00f6rsta r\u00f6rliga spolpickup med en Shibata-linjekontaktn\u00e5l, k\u00e4nd f\u00f6r sin \u00f6verl\u00e4gsna prestanda i h\u00f6ga frekvenser och starka mellanregister och bas\u00e5tergivning. N\u00e5len \u00e4r monterad p\u00e5 en avsmalnande n\u00e5larm av bor med dubbel d\u00e4mpare f\u00f6r minskad vikt och b\u00e4ttre ljudkvalitet. Pickupens dubbla r\u00f6rliga spolar ger utm\u00e4rkt kanalseparation. Pickupen anv\u00e4nder en neodymmagnet och ett permendur-ok f\u00f6r dramatiskt f\u00f6rb\u00e4ttrad magnetisk energi. PCOCC*-spolarna s\u00e4kerst\u00e4ller excellent ljudkvalitet.<\/p>\n<p>15 &#8211; 50,000 Hz<br \/>\nKanalseparation: 30dB (1kHz)<br \/>\nN\u00e5ltyck: 1.8 till 2.2 gram (standard 2.0 gram)<br \/>\nN\u00e5l: Heldiamant med Chibata-slipning<br \/>\nRekommenderad belastningsimpedans: 100 Ohm<br \/>\nN\u00e5lens induktans: 22 \u00b5m<br \/>\nUtg\u00e5ngssp\u00e4nning\t0.4mV<br \/>\nN\u00e5larm: Naken avsmalnande bor<br \/>\nDimensions\tH16\u00d7B16,6\u00d7D26,5 mm<br \/>\nBody Material\tAluminium\/syntetisk harts<br \/>\nTonviktstyp\tDubbel r\u00f6rlig spole<\/p>\n<p>* Koppar som i en s\u00e4rskild gjutningsform f\u00e5r en struktur best\u00e5ende av endast en cell i j\u00e4mf\u00f6relse med syrefri koppar som har flera hundra celler per en engelsk fot. V\u00e4rdet m\u00e4ts i fot. Den h\u00e4r kopparn har en cell oberoende av l\u00e4ngd. Det spelar d\u00e4rf\u00f6r inte n\u00e5gon roll om ledaren skulle vara en km l\u00e5ng. Resultatet inneb\u00e4r att elektronerna r\u00f6r sig utan friktion, dvs perfekt timing i ljud\u00e5tergivningen.<\/p>\n","protected":false},"excerpt":{"rendered":"<p>Chibata<\/p>\n","protected":false},"featured_media":759,"template":"","meta":[],"product_brand":[148],"product_cat":[56],"product_tag":[149,145],"class_list":{"0":"post-761","1":"product","2":"type-product","3":"status-publish","4":"has-post-thumbnail","6":"product_brand-audio-technica","7":"product_cat-hifi","8":"product_tag-mm","9":"product_tag-pickuper","11":"first","12":"instock","13":"shipping-taxable","14":"purchasable","15":"product-type-simple"},"_links":{"self":[{"href":"https:\/\/thomasaudio.se\/index.php?rest_route=\/wp\/v2\/product\/761","targetHints":{"allow":["GET"]}}],"collection":[{"href":"https:\/\/thomasaudio.se\/index.php?rest_route=\/wp\/v2\/product"}],"about":[{"href":"https:\/\/thomasaudio.se\/index.php?rest_route=\/wp\/v2\/types\/product"}],"wp:featuredmedia":[{"embeddable":true,"href":"https:\/\/thomasaudio.se\/index.php?rest_route=\/wp\/v2\/media\/759"}],"wp:attachment":[{"href":"https:\/\/thomasaudio.se\/index.php?rest_route=%2Fwp%2Fv2%2Fmedia&parent=761"}],"wp:term":[{"taxonomy":"product_brand","embeddable":true,"href":"https:\/\/thomasaudio.se\/index.php?rest_route=%2Fwp%2Fv2%2Fproduct_brand&post=761"},{"taxonomy":"product_cat","embeddable":true,"href":"https:\/\/thomasaudio.se\/index.php?rest_route=%2Fwp%2Fv2%2Fproduct_cat&post=761"},{"taxonomy":"product_tag","embeddable":true,"href":"https:\/\/thomasaudio.se\/index.php?rest_route=%2Fwp%2Fv2%2Fproduct_tag&post=761"}],"curies":[{"name":"wp","href":"https:\/\/api.w.org\/{rel}","templated":true}]}}