{"id":732,"date":"2026-03-04T13:30:49","date_gmt":"2026-03-04T13:30:49","guid":{"rendered":"https:\/\/thomasaudio.se\/?post_type=product&#038;p=732"},"modified":"2026-03-04T13:31:13","modified_gmt":"2026-03-04T13:31:13","slug":"omega-horlursstall-med-mjukt-skyddsoverdrag","status":"publish","type":"product","link":"https:\/\/thomasaudio.se\/?product=omega-horlursstall-med-mjukt-skyddsoverdrag","title":{"rendered":"Omega h\u00f6rlursst\u00e4ll med mjukt skydds\u00f6verdrag"},"content":{"rendered":"<p>H\u00f6rlurst\u00e4ll, tillverkade av fanerat b\u00f6jtr\u00e4 lackade med giftfri lack..<br \/>\nSmakfull design i en stadig, enkel form. Levereras med ett mjukt skyffande tyg\u00f6verdrag. Skydd mot sol, kattklor och nyfikna barnfingrar.<\/p>\n","protected":false},"excerpt":{"rendered":"<p>H\u00f6rlurst\u00e4ll, tillverkade av fanerat b\u00f6jtr\u00e4 lackade med giftfri lack.. Smakfull design i en stadig, enkel form. Levereras med ett mjukt skyffande tyg\u00f6verdrag. Skydd mot sol, kattklor och nyfikna barnfingrar.<\/p>\n","protected":false},"featured_media":733,"template":"","meta":[],"product_brand":[162],"product_cat":[56],"product_tag":[124,166,60],"class_list":{"0":"post-732","1":"product","2":"type-product","3":"status-publish","4":"has-post-thumbnail","6":"product_brand-omega","7":"product_cat-hifi","8":"product_tag-horlurar","9":"product_tag-horlursstall","10":"product_tag-kringutrustning","12":"first","13":"instock","14":"shipping-taxable","15":"purchasable","16":"product-type-variable"},"_links":{"self":[{"href":"https:\/\/thomasaudio.se\/index.php?rest_route=\/wp\/v2\/product\/732","targetHints":{"allow":["GET"]}}],"collection":[{"href":"https:\/\/thomasaudio.se\/index.php?rest_route=\/wp\/v2\/product"}],"about":[{"href":"https:\/\/thomasaudio.se\/index.php?rest_route=\/wp\/v2\/types\/product"}],"wp:featuredmedia":[{"embeddable":true,"href":"https:\/\/thomasaudio.se\/index.php?rest_route=\/wp\/v2\/media\/733"}],"wp:attachment":[{"href":"https:\/\/thomasaudio.se\/index.php?rest_route=%2Fwp%2Fv2%2Fmedia&parent=732"}],"wp:term":[{"taxonomy":"product_brand","embeddable":true,"href":"https:\/\/thomasaudio.se\/index.php?rest_route=%2Fwp%2Fv2%2Fproduct_brand&post=732"},{"taxonomy":"product_cat","embeddable":true,"href":"https:\/\/thomasaudio.se\/index.php?rest_route=%2Fwp%2Fv2%2Fproduct_cat&post=732"},{"taxonomy":"product_tag","embeddable":true,"href":"https:\/\/thomasaudio.se\/index.php?rest_route=%2Fwp%2Fv2%2Fproduct_tag&post=732"}],"curies":[{"name":"wp","href":"https:\/\/api.w.org\/{rel}","templated":true}]}}