{"id":705,"date":"2026-03-03T17:51:37","date_gmt":"2026-03-03T17:51:37","guid":{"rendered":"https:\/\/thomasaudio.se\/?post_type=product&#038;p=705"},"modified":"2026-03-04T14:04:20","modified_gmt":"2026-03-04T14:04:20","slug":"novus-vinylpolish","status":"publish","type":"product","link":"https:\/\/thomasaudio.se\/?product=novus-vinylpolish","title":{"rendered":"Novus Vinylpolish"},"content":{"rendered":"<p>&#8221;F\u00f6r ett tag sedan fick jag tag p\u00e5 en alldeles s\u00e4rskild, klassisk inspelning p\u00e5 CD f\u00f6r 10 kr p\u00e5 second hand. Tr\u00e5kigt nog s\u00e5 gick den inte att spela upp i CD-spelaren. Jag provade med Novus flaska no.2, l\u00e4t det torka och str\u00f6kden ren. Jag tog sedan novus No.1 , l\u00e4t det torka och skickade in CD:n i CD-spelaren igen och musiken d\u00f6k upp i h\u00f6gtalarna. Fantastiskt sk\u00f6n upplevelse!&#8221;<br \/>\n\/ Thomas<\/p>\n<hr \/>\n<p>Novus 1 &#8211; Reng\u00f6r ytan som f\u00e5r en glans som skyddar mot smuts och motverkar statisk laddning.<br \/>\nNovus 2 &#8211; Fint polermedel som tar bort mindre repor, oklarhet och missf\u00e4rgning p\u00e5 de flesta plaster.<br \/>\nNovus 3 &#8211; Polermedel som tar bort djupare repor och skador fr\u00e5n de flesta akrylytor.<\/p>\n<p>Poleringsmedlet kan anv\u00e4ndas b\u00e5de f\u00f6r hand eller s\u00e5 anv\u00e4nder man det s\u00e4rskilda polerings-setet.<br \/>\nN\u00e5gra exempel p\u00e5 anv\u00e4ndningsomr\u00e5den:<br \/>\nDigitalskivor<br \/>\nSkivspelarlock<br \/>\nFrontpaneler<br \/>\nStr\u00e5lkastare<br \/>\nKromlister, bilinredning<br \/>\nAkrylf\u00f6nster<br \/>\nHj\u00e4lmvisir<br \/>\nSkyddsglas\u00f6gon<br \/>\nallt \u00f6vrigt i akryl.<\/p>\n","protected":false},"excerpt":{"rendered":"<p>&#8221;F\u00f6r ett tag sedan fick jag tag p\u00e5 en alldeles s\u00e4rskild, klassisk inspelning p\u00e5 CD f\u00f6r 10 kr p\u00e5 second hand. Tr\u00e5kigt nog s\u00e5 gick den inte att spela upp i CD-spelaren. Jag provade med Novus flaska no.2, l\u00e4t det torka och str\u00f6kden ren. Jag tog sedan novus No.1 , l\u00e4t det torka och skickade&#8230;<\/p>\n","protected":false},"featured_media":706,"template":"","meta":[],"product_brand":[150],"product_cat":[56],"product_tag":[60,168],"class_list":{"0":"post-705","1":"product","2":"type-product","3":"status-publish","4":"has-post-thumbnail","6":"product_brand-novus","7":"product_cat-hifi","8":"product_tag-kringutrustning","9":"product_tag-vinylpolish","11":"first","12":"instock","13":"shipping-taxable","14":"purchasable","15":"product-type-variable"},"_links":{"self":[{"href":"https:\/\/thomasaudio.se\/index.php?rest_route=\/wp\/v2\/product\/705","targetHints":{"allow":["GET"]}}],"collection":[{"href":"https:\/\/thomasaudio.se\/index.php?rest_route=\/wp\/v2\/product"}],"about":[{"href":"https:\/\/thomasaudio.se\/index.php?rest_route=\/wp\/v2\/types\/product"}],"wp:featuredmedia":[{"embeddable":true,"href":"https:\/\/thomasaudio.se\/index.php?rest_route=\/wp\/v2\/media\/706"}],"wp:attachment":[{"href":"https:\/\/thomasaudio.se\/index.php?rest_route=%2Fwp%2Fv2%2Fmedia&parent=705"}],"wp:term":[{"taxonomy":"product_brand","embeddable":true,"href":"https:\/\/thomasaudio.se\/index.php?rest_route=%2Fwp%2Fv2%2Fproduct_brand&post=705"},{"taxonomy":"product_cat","embeddable":true,"href":"https:\/\/thomasaudio.se\/index.php?rest_route=%2Fwp%2Fv2%2Fproduct_cat&post=705"},{"taxonomy":"product_tag","embeddable":true,"href":"https:\/\/thomasaudio.se\/index.php?rest_route=%2Fwp%2Fv2%2Fproduct_tag&post=705"}],"curies":[{"name":"wp","href":"https:\/\/api.w.org\/{rel}","templated":true}]}}