{"id":704,"date":"2026-03-03T20:13:05","date_gmt":"2026-03-03T20:13:05","guid":{"rendered":"https:\/\/thomasaudio.se\/?post_type=product&#038;p=704"},"modified":"2026-04-10T15:46:33","modified_gmt":"2026-04-10T15:46:33","slug":"panasonic-dp-ub9000-multispelare","status":"publish","type":"product","link":"https:\/\/thomasaudio.se\/butik\/hifi\/panasonic-dp-ub9000-multispelare\/","title":{"rendered":"Panasonic DP-UB9000-multispelare"},"content":{"rendered":"<p>En videospelare och samtidigt en CD-spelare.<br \/>\nUB9000 \u00e4r en Ultra HD Bluray-spelare i referensklass som bygger p\u00e5 Panasonics unika Chroma- och HDR-teknik och \u00e5terskapar en bildkvalitet p\u00e5 samma niv\u00e5 som p\u00e5 en biograf. Den \u00e4r dessutom utrustad med komponenter som tillsammans \u00e5terskapar en ljudkvalitet i absolut toppklass.<br \/>\nEn fantastisk filmupplevelse med en ljud\u00e5tergivning p\u00e5 referensniv\u00e5.<\/p>\n<p>En s\u00e4rskild HCX-processor f\u00f6r Ultra HD Blu-ray med unik bildteknik f\u00f6r en bild\u00e5tergivning i toppklass. Den exakta f\u00e4rg- och HDR-\u00e5tergivningen k\u00e4nnetecknar Ultra HD-formatet, samtidigt som det \u00e4r avg\u00f6rande f\u00f6r h\u00f6guppl\u00f6st bild\u00e5tergivning.<br \/>\nSt\u00f6d f\u00f6r uppspelning av HDR10+\u2122, som \u00e4r n\u00e4sta generations standard f\u00f6r dynamiska metadata. Och de \u00e4r kompatibla med Dolby Vision\u2122<br \/>\nPanasonics unika <em>4K High-Precision Chroma Processing<\/em>. 4K-bildens f\u00e4rgsignaler (4:2:0) interpoleras till 4K (4:4:4) genom en flerstegs chroma-process som bidrar till naturlig textur och djup.<br \/>\nEn basplatta av kraftigt st\u00e5l fixerar den optiska skivmekaniken i mitten av chassit, som \u00e4r byggt i tv\u00e5 lager f\u00f6r att eliminera vibrationer och st\u00f6rningar fr\u00e5n skivans rotation. Front- och sidopanelerna \u00e4r tillverkade i tjock aluminium. Det bidrar till \u00f6kad stabilitet i chassit och reducerar vibrationerna.<\/p>\n<p>Nedan en high-lite p\u00e5 en gedigen lista full med kvalitetsgodis.<br \/>\nBD-ROM<br \/>\nUltra HD Blu-ray\/ FULL HD 3D\/ BD-Video<br \/>\nBD-RE\/ BD-RE DL (Ver.3)<br \/>\nBDAV\/ BDMV\/ JPEG\/ MPO<br \/>\nBD-R (Ver.1.3) \/ BD-R DL (Ver.2)<br \/>\nBDAV\/ BDMV\/ MKV\/ JPEG\/ MPO<\/p>\n<p>DVD<br \/>\nDVD-R\/ DVD-R DL\/ DVD-RW<br \/>\nDVD-Video\/ DVD Video Recording<br \/>\nAVCHD\/ MKV(H.264\/ HEVC)<br \/>\nDVD-R\/ DVD-R DL<\/p>\n<p>AUDIO SYSTEM<br \/>\nDolby Audio (Dolby Digital\/ Dolby Digital Plus\/ Dolby True HD)<br \/>\nDecode and Bitstream Output<br \/>\nDTS-HD Master Audio\/ DTS-HD High Resolution Audio<br \/>\nDolby Atmos\/ DTS:X<br \/>\nUSB 3.0<br \/>\nWiFi \/ LAN<br \/>\nPlayback\u2028: FLAC\/ WAV\/ ALAC\/ AIFF\/ DSD (via DFF, DSF)\/ WMA\/ AAC\/ MP3<br \/>\nGapless Playback: FLAC\/ WAV\/ AIFF\/ DSD (DFF)<\/p>\n<p>HIGH QUALITY PICTURE<br \/>\nHDR10+\u2028, Dolby Vision, Hybrid Log Gamma (HLG), HDR Optimiser\u2028, 4K Up-scaling<br \/>\nTHX Certified<br \/>\nHIGH QUALITY MOVIE SOUND<br \/>\nHigh Clarity Sound Premium<br \/>\nSurround Re-Master<\/p>\n<p>SMART FEATURE<br \/>\nControl4 Linking<br \/>\nMirroring with Smartphone\/ Tablet*12<br \/>\nWeb Browser<\/p>\n<p><span class=\"data-value\">30 x <\/span><span class=\"data-value\">300 x 81 <\/span><span class=\"data-unit\">mm<br \/>\n<\/span><span class=\"data-value\">7.8 <\/span><span class=\"data-unit\">kg<\/span><\/p>\n<dl class=\"data-item\">\n<dt class=\"data-item__type typ-body-1\">*HCX st\u00e5r f\u00f6r Hollywood Cinema Experience.<\/dt>\n<\/dl>\n","protected":false},"excerpt":{"rendered":"<p>Ultra HD Blu-rayspelare<br \/>\nCD-spelare<\/p>\n","protected":false},"featured_media":763,"template":"","meta":[],"product_brand":[160],"product_cat":[56],"product_tag":[161,80],"class_list":{"0":"post-704","1":"product","2":"type-product","3":"status-publish","4":"has-post-thumbnail","6":"product_brand-panasonic","7":"product_cat-hifi","8":"product_tag-blu-rayspelare","9":"product_tag-spelare","11":"first","12":"instock","13":"shipping-taxable","14":"purchasable","15":"product-type-simple"},"_links":{"self":[{"href":"https:\/\/thomasaudio.se\/wp-json\/wp\/v2\/product\/704","targetHints":{"allow":["GET"]}}],"collection":[{"href":"https:\/\/thomasaudio.se\/wp-json\/wp\/v2\/product"}],"about":[{"href":"https:\/\/thomasaudio.se\/wp-json\/wp\/v2\/types\/product"}],"wp:featuredmedia":[{"embeddable":true,"href":"https:\/\/thomasaudio.se\/wp-json\/wp\/v2\/media\/763"}],"wp:attachment":[{"href":"https:\/\/thomasaudio.se\/wp-json\/wp\/v2\/media?parent=704"}],"wp:term":[{"taxonomy":"product_brand","embeddable":true,"href":"https:\/\/thomasaudio.se\/wp-json\/wp\/v2\/product_brand?post=704"},{"taxonomy":"product_cat","embeddable":true,"href":"https:\/\/thomasaudio.se\/wp-json\/wp\/v2\/product_cat?post=704"},{"taxonomy":"product_tag","embeddable":true,"href":"https:\/\/thomasaudio.se\/wp-json\/wp\/v2\/product_tag?post=704"}],"curies":[{"name":"wp","href":"https:\/\/api.w.org\/{rel}","templated":true}]}}