{"id":684,"date":"2026-03-02T16:31:05","date_gmt":"2026-03-02T16:31:05","guid":{"rendered":"https:\/\/thomasaudio.se\/?post_type=product&#038;p=684"},"modified":"2026-03-08T17:51:21","modified_gmt":"2026-03-08T17:51:21","slug":"excel-sound-hana-umami-red","status":"publish","type":"product","link":"https:\/\/thomasaudio.se\/?product=excel-sound-hana-umami-red","title":{"rendered":"Excel Sound Hana &#8211; Umami Red"},"content":{"rendered":"<p>\u201c\u201cThe Umami Red is not just the most engaging cartridge I\u2019ve had in my system, but it\u2019s one of the most engaging cartridges I\u2019ve ever heard&#8230;\u201d<br \/>\n\u201d&#8230;the Umami Red represents one of the smartest \u201csteps up\u201d to the high end you can make in my opinion\u201d<br \/>\n\/ Michael Johnson, Audiophilia.com<\/p>\n<p>\u201c\u201cSimply put, the Umami Red is superb and fully deserving of our highest accolade!<br \/>\n\u201dWhat you get is a beautifully crafted and wonderfully engineered cartridge that allows you to forget the gear you are listening to and thoroughly get into the music.\u201d<br \/>\n\/Stuart Smith, HiFi PiG Magazine<\/p>\n<p>HANA-Umami Red h\u00f6gpresterande pickup med r\u00f6rlig spole kombinerar briljanta material och klassiska japanska tekniker med modern ljudteknik.<br \/>\nEbenholtstr\u00e4, s\u00e4llsynta jordartsmagneter, precisionsskuren diamant, koppartr\u00e5dar av den renaste kopparn, Urushi*-lack och CNC-bearbetad duralumin.<\/p>\n<p>N\u00e5lslipning: Microline<br \/>\nMagnet:\tSamarium Cobalt<br \/>\nN\u00e5larm: Boron<br \/>\nMagnet: Pure Iron \/ Cryo-behandling (uts\u00e4tts f\u00f6r extrem kyla d\u00e4r materialet f\u00f6r\u00e4ndras p\u00e5 atomniv\u00e5)<br \/>\nUtg\u00e5ngsniv\u00e5: 0.4 mv<br \/>\nKanalseparation: 30 dB<br \/>\nSpolens impedans: 6 Ohm<br \/>\nRekommenderad n\u00e5lvikt: 2,0 gram<br \/>\nMaterial: Duraluminium, Ebenholts<\/p>\n<p>* Urushi: traditionellt, h\u00e5llbar lack utvunnet ur saften fr\u00e5n lacktr\u00e4det (Toxicodendron vernicifluum). Den appliceras i m\u00e5nga tunna lager f\u00f6r att skapa en extremt t\u00e5lig och blank yta.<\/p>\n","protected":false},"excerpt":{"rendered":"<p>\u201c\u201cThe Umami Red is not just the most engaging cartridge I\u2019ve had in my system, but it\u2019s one of the most engaging cartridges I\u2019ve ever heard&#8230;\u201d \u201d&#8230;the Umami Red represents one of the smartest \u201csteps up\u201d to the high end you can make in my opinion\u201d \/ Michael Johnson, Audiophilia.com \u201c\u201cSimply put, the Umami Red&#8230;<\/p>\n","protected":false},"featured_media":685,"template":"","meta":[],"product_brand":[142],"product_cat":[56],"product_tag":[144,145],"class_list":{"0":"post-684","1":"product","2":"type-product","3":"status-publish","4":"has-post-thumbnail","6":"product_brand-hana","7":"product_cat-hifi","8":"product_tag-mc","9":"product_tag-pickuper","11":"first","12":"instock","13":"shipping-taxable","14":"purchasable","15":"product-type-simple"},"_links":{"self":[{"href":"https:\/\/thomasaudio.se\/index.php?rest_route=\/wp\/v2\/product\/684","targetHints":{"allow":["GET"]}}],"collection":[{"href":"https:\/\/thomasaudio.se\/index.php?rest_route=\/wp\/v2\/product"}],"about":[{"href":"https:\/\/thomasaudio.se\/index.php?rest_route=\/wp\/v2\/types\/product"}],"wp:featuredmedia":[{"embeddable":true,"href":"https:\/\/thomasaudio.se\/index.php?rest_route=\/wp\/v2\/media\/685"}],"wp:attachment":[{"href":"https:\/\/thomasaudio.se\/index.php?rest_route=%2Fwp%2Fv2%2Fmedia&parent=684"}],"wp:term":[{"taxonomy":"product_brand","embeddable":true,"href":"https:\/\/thomasaudio.se\/index.php?rest_route=%2Fwp%2Fv2%2Fproduct_brand&post=684"},{"taxonomy":"product_cat","embeddable":true,"href":"https:\/\/thomasaudio.se\/index.php?rest_route=%2Fwp%2Fv2%2Fproduct_cat&post=684"},{"taxonomy":"product_tag","embeddable":true,"href":"https:\/\/thomasaudio.se\/index.php?rest_route=%2Fwp%2Fv2%2Fproduct_tag&post=684"}],"curies":[{"name":"wp","href":"https:\/\/api.w.org\/{rel}","templated":true}]}}