{"id":677,"date":"2026-03-02T15:46:00","date_gmt":"2026-03-02T15:46:00","guid":{"rendered":"https:\/\/thomasaudio.se\/?post_type=product&#038;p=677"},"modified":"2026-04-10T15:47:36","modified_gmt":"2026-04-10T15:47:36","slug":"vincent-cd-s7-dac-cd-spelare","status":"publish","type":"product","link":"https:\/\/thomasaudio.se\/?product=vincent-cd-s7-dac-cd-spelare","title":{"rendered":"Vincent CD-S7 DAC-CD-spelare"},"content":{"rendered":"<p>CD-S7 DAC anv\u00e4nder en hybridf\u00f6rst\u00e4rkare. Burr-Brown D\/A-omvandlaren PCM 1796 \u00e4r k\u00e4nd f\u00f6r sin fina ljud\u00e5tergivning. Den analoga signalen skickas ut helt symmetriskt och behandlas l\u00e4ngs signalv\u00e4gen av ett par trioder. D\u00e4rav den varma karakt\u00e4ren i ljud\u00e5tergivningen.<\/p>\n<p>DAC Burr Brown 24 bit \/ 192 kHz<br \/>\nHarmonisk Distortion: < 0.005 %\nSNR: > 94 dB<br \/>\nDynamik: > 100 dB<br \/>\nKanalseparation: > 90 dB<br \/>\nTubes: 2 st. 6922, 1 st. 6Z4, 1 st. 12AX7<br \/>\nFormat: WAV, FLAC, APE, LPCM, MP3, ACC, AC3, WMA<br \/>\n430 x 132 x 356 mm<br \/>\n9 kg<\/p>\n","protected":false},"excerpt":{"rendered":"<p>CD-S7 DAC anv\u00e4nder en hybridf\u00f6rst\u00e4rkare. Burr-Brown D\/A-omvandlaren PCM 1796 \u00e4r k\u00e4nd f\u00f6r sin fina ljud\u00e5tergivning. Den analoga signalen skickas ut helt symmetriskt och behandlas l\u00e4ngs signalv\u00e4gen av ett par trioder. D\u00e4rav den varma karakt\u00e4ren i ljud\u00e5tergivningen. DAC Burr Brown 24 bit \/ 192 kHz Harmonisk Distortion: < 0.005 % SNR: > 94 dB Dynamik: >&#8230;<\/p>\n","protected":false},"featured_media":678,"template":"","meta":[],"product_brand":[141],"product_cat":[56],"product_tag":[139,80],"class_list":{"0":"post-677","1":"product","2":"type-product","3":"status-publish","4":"has-post-thumbnail","6":"product_brand-vincent","7":"product_cat-hifi","8":"product_tag-cd-spelare","9":"product_tag-spelare","11":"first","12":"instock","13":"shipping-taxable","14":"purchasable","15":"product-type-simple"},"_links":{"self":[{"href":"https:\/\/thomasaudio.se\/index.php?rest_route=\/wp\/v2\/product\/677","targetHints":{"allow":["GET"]}}],"collection":[{"href":"https:\/\/thomasaudio.se\/index.php?rest_route=\/wp\/v2\/product"}],"about":[{"href":"https:\/\/thomasaudio.se\/index.php?rest_route=\/wp\/v2\/types\/product"}],"wp:featuredmedia":[{"embeddable":true,"href":"https:\/\/thomasaudio.se\/index.php?rest_route=\/wp\/v2\/media\/678"}],"wp:attachment":[{"href":"https:\/\/thomasaudio.se\/index.php?rest_route=%2Fwp%2Fv2%2Fmedia&parent=677"}],"wp:term":[{"taxonomy":"product_brand","embeddable":true,"href":"https:\/\/thomasaudio.se\/index.php?rest_route=%2Fwp%2Fv2%2Fproduct_brand&post=677"},{"taxonomy":"product_cat","embeddable":true,"href":"https:\/\/thomasaudio.se\/index.php?rest_route=%2Fwp%2Fv2%2Fproduct_cat&post=677"},{"taxonomy":"product_tag","embeddable":true,"href":"https:\/\/thomasaudio.se\/index.php?rest_route=%2Fwp%2Fv2%2Fproduct_tag&post=677"}],"curies":[{"name":"wp","href":"https:\/\/api.w.org\/{rel}","templated":true}]}}