{"id":669,"date":"2026-03-02T15:09:38","date_gmt":"2026-03-02T15:09:38","guid":{"rendered":"https:\/\/thomasaudio.se\/?post_type=product&#038;p=669"},"modified":"2026-04-10T15:47:59","modified_gmt":"2026-04-10T15:47:59","slug":"t-a-c-c-35-cd-spelare","status":"publish","type":"product","link":"https:\/\/thomasaudio.se\/?product=t-a-c-c-35-cd-spelare","title":{"rendered":"T.A.C. C-35 CD-spelare"},"content":{"rendered":"<p>T.A.C. K-35-r\u00f6rf\u00f6rst\u00e4rkaren ligger p\u00e5 en prism\u00e4ssigt l\u00e5g i j\u00e4mf\u00f6relse med dess fina prestanda.<br \/>\nCD-spelaren har skapats med ljudkvalitet i f\u00f6rsta rum, en produkt som inte bara uppfyller de h\u00f6gsta externa standarderna. Inuti aluminiumkonstruktionen finns elektronik med ingredienser, utvalda genom \u00f6ver 15 \u00e5rs erfarenhet av produktutveckling. Eftersom Tube Amp Company T.A.C. st\u00e5r f\u00f6r konsekvent r\u00f6ranv\u00e4ndning i signalv\u00e4gen s\u00e5 behandlar en 6N10 ljudet s\u00e4rskillt f\u00f6r h\u00f6rlurslyssning. De tv\u00e5 12AX7:orna \u00e4r placerade i ljudutg\u00e5ngen men finns \u00e4ven till f\u00f6r en del sp\u00e4nningsstabilisering.<\/p>\n<p>En h\u00f6gpresterande PCM1732 DAC fr\u00e5n Burr Brown med inbyggd HDCD-avkodare (<strong>H<\/strong>igh <strong>D<\/strong>efinition <strong>C<\/strong>ompatible<strong> D<\/strong>igita) behandlar ljudet i den digitala delen, vilket m\u00f6jligg\u00f6r avkodning av HDCD-CD-hybridalbum. Sedan bearbetas musiken av de analoga signalerna via r\u00f6rdrift. Resultatet \u00e4r en mycket fin diskantuppl\u00f6sning och rumsinformation.<\/p>\n<p>DAC: 24 bit \/ 96 kHz<br \/>\nTHD: &lt; 0,003 %<br \/>\nSNR &gt; 95 dB<br \/>\nDynamik &gt; 100 dB<br \/>\nKanalseparation: &gt; 90 dB<br \/>\nUtg\u00e5ngar: 2 st. RCA, 1 st. Coax<br \/>\nR\u00f6r: 1 st. 6N10, 2 st. 12AX7<br \/>\n430 x 132 x 355 mm<br \/>\n10 kg<\/p>\n","protected":false},"excerpt":{"rendered":"<p>HDCD-avkodare<\/p>\n","protected":false},"featured_media":670,"template":"","meta":[],"product_brand":[137],"product_cat":[56],"product_tag":[139,167,80],"class_list":{"0":"post-669","1":"product","2":"type-product","3":"status-publish","4":"has-post-thumbnail","6":"product_brand-t-a-c","7":"product_cat-hifi","8":"product_tag-cd-spelare","9":"product_tag-hdcd-cd-spelare","10":"product_tag-spelare","12":"first","13":"instock","14":"shipping-taxable","15":"purchasable","16":"product-type-variable"},"_links":{"self":[{"href":"https:\/\/thomasaudio.se\/index.php?rest_route=\/wp\/v2\/product\/669","targetHints":{"allow":["GET"]}}],"collection":[{"href":"https:\/\/thomasaudio.se\/index.php?rest_route=\/wp\/v2\/product"}],"about":[{"href":"https:\/\/thomasaudio.se\/index.php?rest_route=\/wp\/v2\/types\/product"}],"wp:featuredmedia":[{"embeddable":true,"href":"https:\/\/thomasaudio.se\/index.php?rest_route=\/wp\/v2\/media\/670"}],"wp:attachment":[{"href":"https:\/\/thomasaudio.se\/index.php?rest_route=%2Fwp%2Fv2%2Fmedia&parent=669"}],"wp:term":[{"taxonomy":"product_brand","embeddable":true,"href":"https:\/\/thomasaudio.se\/index.php?rest_route=%2Fwp%2Fv2%2Fproduct_brand&post=669"},{"taxonomy":"product_cat","embeddable":true,"href":"https:\/\/thomasaudio.se\/index.php?rest_route=%2Fwp%2Fv2%2Fproduct_cat&post=669"},{"taxonomy":"product_tag","embeddable":true,"href":"https:\/\/thomasaudio.se\/index.php?rest_route=%2Fwp%2Fv2%2Fproduct_tag&post=669"}],"curies":[{"name":"wp","href":"https:\/\/api.w.org\/{rel}","templated":true}]}}