{"id":660,"date":"2026-03-02T14:20:18","date_gmt":"2026-03-02T14:20:18","guid":{"rendered":"https:\/\/thomasaudio.se\/?post_type=product&#038;p=660"},"modified":"2026-03-02T15:49:18","modified_gmt":"2026-03-02T15:49:18","slug":"yamaha-musiccast-vinyl","status":"publish","type":"product","link":"https:\/\/thomasaudio.se\/?product=yamaha-musiccast-vinyl","title":{"rendered":"Yamaha MusicCast Vinyl"},"content":{"rendered":"<p>Lyssna p\u00e5 en vinylskiva eller anslut skivspelaren tr\u00e5dl\u00f6st till ditt n\u00e4tverk.<br \/>\nMusikstreaming via mobilappen<br \/>\nWiFi 5 GHz, alternativt via n\u00e4tverkskabel<br \/>\nFormat MP3, WMA, MPEG-4 AAC: (upp till 48 kHz\/16 bit), ALAC: (upp till 96 kHz\/24-bit), FLAC, WAV och AIFF (192 kHz\/24-bit), DSD: 11,2 MHz<br \/>\nVoice controll<\/p>\n<hr \/>\n<p>Remdrift<br \/>\nRak tonarm: 223,5 mm, \u00d6verh\u00e4ng 19 mm<br \/>\nFabriksmonterad pickup: MM<br \/>\nUtg\u00e5ngsterminal RCA: 2 via inbyggd pickupf\u00f6rst\u00e4rkare eller ordin\u00e4r Line Out<br \/>\nWow And Flutter 0,2 %<br \/>\nSNR: 110 dB<br \/>\nHarmonisk distortion: 0.003 %<br \/>\nUtg\u00e5ngsniv\u00e5 450 mV<br \/>\n450 x 136 x 368 mm<br \/>\n5.7 kg<\/p>\n","protected":false},"excerpt":{"rendered":"<p>Inbyggd Streamer: WiFi \/ Bluetooth<br \/>\n<img loading=\"lazy\" decoding=\"async\" class=\"alignnone size-full wp-image-665\" src=\"https:\/\/thomasaudio.se\/wp-content\/uploads\/2026\/03\/2_tcm128-1689314.png\" alt=\"\" width=\"380\" height=\"61\" srcset=\"https:\/\/thomasaudio.se\/wp-content\/uploads\/2026\/03\/2_tcm128-1689314.png 380w, https:\/\/thomasaudio.se\/wp-content\/uploads\/2026\/03\/2_tcm128-1689314-64x10.png 64w, https:\/\/thomasaudio.se\/wp-content\/uploads\/2026\/03\/2_tcm128-1689314-300x48.png 300w\" sizes=\"auto, (max-width: 380px) 100vw, 380px\" \/><\/p>\n","protected":false},"featured_media":661,"template":"","meta":[],"product_brand":[135],"product_cat":[56],"product_tag":[136,80],"class_list":{"0":"post-660","1":"product","2":"type-product","3":"status-publish","4":"has-post-thumbnail","6":"product_brand-yamaha","7":"product_cat-hifi","8":"product_tag-skivspelare","9":"product_tag-spelare","11":"first","12":"instock","13":"shipping-taxable","14":"purchasable","15":"product-type-variable"},"_links":{"self":[{"href":"https:\/\/thomasaudio.se\/index.php?rest_route=\/wp\/v2\/product\/660","targetHints":{"allow":["GET"]}}],"collection":[{"href":"https:\/\/thomasaudio.se\/index.php?rest_route=\/wp\/v2\/product"}],"about":[{"href":"https:\/\/thomasaudio.se\/index.php?rest_route=\/wp\/v2\/types\/product"}],"wp:featuredmedia":[{"embeddable":true,"href":"https:\/\/thomasaudio.se\/index.php?rest_route=\/wp\/v2\/media\/661"}],"wp:attachment":[{"href":"https:\/\/thomasaudio.se\/index.php?rest_route=%2Fwp%2Fv2%2Fmedia&parent=660"}],"wp:term":[{"taxonomy":"product_brand","embeddable":true,"href":"https:\/\/thomasaudio.se\/index.php?rest_route=%2Fwp%2Fv2%2Fproduct_brand&post=660"},{"taxonomy":"product_cat","embeddable":true,"href":"https:\/\/thomasaudio.se\/index.php?rest_route=%2Fwp%2Fv2%2Fproduct_cat&post=660"},{"taxonomy":"product_tag","embeddable":true,"href":"https:\/\/thomasaudio.se\/index.php?rest_route=%2Fwp%2Fv2%2Fproduct_tag&post=660"}],"curies":[{"name":"wp","href":"https:\/\/api.w.org\/{rel}","templated":true}]}}