{"id":656,"date":"2026-03-02T12:39:18","date_gmt":"2026-03-02T12:39:18","guid":{"rendered":"https:\/\/thomasaudio.se\/?post_type=product&#038;p=656"},"modified":"2026-04-27T14:21:24","modified_gmt":"2026-04-27T14:21:24","slug":"bellari-bt587-streamer","status":"publish","type":"product","link":"https:\/\/thomasaudio.se\/?product=bellari-bt587-streamer","title":{"rendered":"Bellari BT587 Streamer"},"content":{"rendered":"<p>Att streama musik via Bluetooth kanske inte har samma vintage-k\u00e4nsla eller ljudrenhet som fr\u00e5n en bra skivspelare, men \u00e4r bekv\u00e4mt och l\u00e4tt att anv\u00e4nda.<br \/>\nDet \u00e4r precis d\u00e4r Bellari BT587 kommer in. Detta lilla kraftpaket \u00e4r en Bluetooth-ljudmottagare designad f\u00f6r streaming av musik p\u00e5 h\u00f6g niv\u00e5. S\u00e5 vad \u00e4r det egentligen som skiljer den \u00e5t? Dess EQ \u00e4r inte en typisk, vanlig tonkontroll. Den g\u00f6r mycket mer \u00e4n bara att f\u00f6rst\u00e4rka eller sk\u00e4ra bort n\u00e5gra frekvenser. Oavsett om du vill l\u00e4gga till mer nyanser i basen, j\u00e4mna ut mellanregistret eller ljusa upp diskanten ger BT587:s Equalizer dig djup kontroll att ta fram ljudet n\u00e4stan perfekt. Eller s\u00e5 kan signalen passera utan p\u00e5verkan.<\/p>\n","protected":false},"excerpt":{"rendered":"<p>Att streama musik via Bluetooth kanske inte har samma vintage-k\u00e4nsla eller ljudrenhet som fr\u00e5n en bra skivspelare, men \u00e4r bekv\u00e4mt och l\u00e4tt att anv\u00e4nda. Det \u00e4r precis d\u00e4r Bellari BT587 kommer in. Detta lilla kraftpaket \u00e4r en Bluetooth-ljudmottagare designad f\u00f6r streaming av musik p\u00e5 h\u00f6g niv\u00e5. S\u00e5 vad \u00e4r det egentligen som skiljer den \u00e5t?&#8230;<\/p>\n","protected":false},"featured_media":657,"template":"","meta":[],"product_brand":[116],"product_cat":[56],"product_tag":[76],"class_list":{"0":"post-656","1":"product","2":"type-product","3":"status-publish","4":"has-post-thumbnail","6":"product_brand-bellari","7":"product_cat-hifi","8":"product_tag-streamer","10":"first","11":"instock","12":"shipping-taxable","13":"purchasable","14":"product-type-simple"},"_links":{"self":[{"href":"https:\/\/thomasaudio.se\/index.php?rest_route=\/wp\/v2\/product\/656","targetHints":{"allow":["GET"]}}],"collection":[{"href":"https:\/\/thomasaudio.se\/index.php?rest_route=\/wp\/v2\/product"}],"about":[{"href":"https:\/\/thomasaudio.se\/index.php?rest_route=\/wp\/v2\/types\/product"}],"wp:featuredmedia":[{"embeddable":true,"href":"https:\/\/thomasaudio.se\/index.php?rest_route=\/wp\/v2\/media\/657"}],"wp:attachment":[{"href":"https:\/\/thomasaudio.se\/index.php?rest_route=%2Fwp%2Fv2%2Fmedia&parent=656"}],"wp:term":[{"taxonomy":"product_brand","embeddable":true,"href":"https:\/\/thomasaudio.se\/index.php?rest_route=%2Fwp%2Fv2%2Fproduct_brand&post=656"},{"taxonomy":"product_cat","embeddable":true,"href":"https:\/\/thomasaudio.se\/index.php?rest_route=%2Fwp%2Fv2%2Fproduct_cat&post=656"},{"taxonomy":"product_tag","embeddable":true,"href":"https:\/\/thomasaudio.se\/index.php?rest_route=%2Fwp%2Fv2%2Fproduct_tag&post=656"}],"curies":[{"name":"wp","href":"https:\/\/api.w.org\/{rel}","templated":true}]}}