{"id":644,"date":"2026-03-01T17:31:58","date_gmt":"2026-03-01T17:31:58","guid":{"rendered":"https:\/\/thomasaudio.se\/?post_type=product&#038;p=644"},"modified":"2026-03-02T10:06:39","modified_gmt":"2026-03-02T10:06:39","slug":"tonar-skivtallriksplatta","status":"publish","type":"product","link":"https:\/\/thomasaudio.se\/?product=tonar-skivtallriksplatta","title":{"rendered":"Tonar Skivtallriksplatta"},"content":{"rendered":"<p>En gummimatta eller en mjuk d\u00e4mpduk p\u00e5 skivtallriken ger en mikrof\u00f6rdr\u00f6jning i skivn\u00e5lens respons. Det inneb\u00e4r en f\u00f6rlust i upplevelsen av timing. Den h\u00e5rda akrylplattan ger en precis timing utan f\u00f6rdr\u00f6jning i n\u00e5lens r\u00f6relser. Ljud\u00e5tergivningen blir mer exakt och d\u00e4rmed f\u00f6rb\u00e4ttrat fokus p\u00e5 detalj\u00e5tergivningen. Skillnaden i upplevelsen av musiken \u00e4r p\u00e5tagligt stor.<br \/>\nF\u00f6rslag: prova att lyfta bort gummiplattan f\u00f6r att sedan placera akrylplattan p\u00e5 skivtallriken. Lyssna.<\/p>\n","protected":false},"excerpt":{"rendered":"<p>Tydligare transienter genom hela frekvensomf\u00e5nget.<\/p>\n","protected":false},"featured_media":646,"template":"","meta":[],"product_brand":[132],"product_cat":[56],"product_tag":[60,67,133],"class_list":{"0":"post-644","1":"product","2":"type-product","3":"status-publish","4":"has-post-thumbnail","6":"product_brand-tonar","7":"product_cat-hifi","8":"product_tag-kringutrustning","9":"product_tag-ljudforbattring","10":"product_tag-skivtallriksplatta","12":"first","13":"instock","14":"shipping-taxable","15":"purchasable","16":"product-type-simple"},"_links":{"self":[{"href":"https:\/\/thomasaudio.se\/index.php?rest_route=\/wp\/v2\/product\/644","targetHints":{"allow":["GET"]}}],"collection":[{"href":"https:\/\/thomasaudio.se\/index.php?rest_route=\/wp\/v2\/product"}],"about":[{"href":"https:\/\/thomasaudio.se\/index.php?rest_route=\/wp\/v2\/types\/product"}],"wp:featuredmedia":[{"embeddable":true,"href":"https:\/\/thomasaudio.se\/index.php?rest_route=\/wp\/v2\/media\/646"}],"wp:attachment":[{"href":"https:\/\/thomasaudio.se\/index.php?rest_route=%2Fwp%2Fv2%2Fmedia&parent=644"}],"wp:term":[{"taxonomy":"product_brand","embeddable":true,"href":"https:\/\/thomasaudio.se\/index.php?rest_route=%2Fwp%2Fv2%2Fproduct_brand&post=644"},{"taxonomy":"product_cat","embeddable":true,"href":"https:\/\/thomasaudio.se\/index.php?rest_route=%2Fwp%2Fv2%2Fproduct_cat&post=644"},{"taxonomy":"product_tag","embeddable":true,"href":"https:\/\/thomasaudio.se\/index.php?rest_route=%2Fwp%2Fv2%2Fproduct_tag&post=644"}],"curies":[{"name":"wp","href":"https:\/\/api.w.org\/{rel}","templated":true}]}}