{"id":64,"date":"2026-02-16T15:42:37","date_gmt":"2026-02-16T15:42:37","guid":{"rendered":"https:\/\/thomasaudio.se\/?post_type=product&#038;p=64"},"modified":"2026-03-07T09:03:46","modified_gmt":"2026-03-07T09:03:46","slug":"wolfgang-muthspiel-dance-of-the-elders","status":"publish","type":"product","link":"https:\/\/thomasaudio.se\/?product=wolfgang-muthspiel-dance-of-the-elders","title":{"rendered":"Wolfgang Muthspiel &#8211; Dance of the elders"},"content":{"rendered":"<p>Wolfgang Muthspiel och hans trio med Scott Colley p\u00e5 bas och Brian Blade p\u00e5 trummor n\u00e5r h\u00e4r en ny kreativ niv\u00e5. Dance of the elders \u00e4r en stark\u00a0 uppf\u00f6ljare till det mycket hyllade Angular Blues, som The Times kallade ett &#8221;tyst imponerande album&#8221;.<\/p>\n<p>Ett fint album med\u00a0 livfulla utbyten mellan sina triokollegor. Gitarristens tillv\u00e4gag\u00e5ngss\u00e4tt med sina\u00a0 jazzkompositioner \u00e4r tydligt folkinspirerade men lika inspirerat av klassisk musik \u2013 b\u00e5da aspekterna presenteras tydligt genom hela albumet.<\/p>\n<p>Brians Blades flytande percussiva kryddning och Scotts smidiga markeringar p\u00e5 sin kontra bas kompletterar Wolfgangs akustiska och elektriska spel i ett flytande samspel.<\/p>\n<p>1 Invocation<br \/>\n2 Prelude To Bach<br \/>\n3 Dance Of The Elders<br \/>\n4 Liebeslied<br \/>\n5 Folksong<br \/>\n6 Cantus Bradus<br \/>\n7 Amelia (Joni Mitchell)<\/p>\n","protected":false},"excerpt":{"rendered":"<p>Vinyl<br \/>\nCD<\/p>\n","protected":false},"featured_media":65,"template":"","meta":[],"product_brand":[26],"product_cat":[16],"product_tag":[18,19,23,195],"class_list":{"0":"post-64","1":"product","2":"type-product","3":"status-publish","4":"has-post-thumbnail","6":"product_brand-ecm","7":"product_cat-album","8":"product_tag-cd","9":"product_tag-jazz","10":"product_tag-vinyl","11":"product_tag-wolfgang-muthspiel","13":"first","14":"instock","15":"shipping-taxable","16":"purchasable","17":"product-type-variable"},"_links":{"self":[{"href":"https:\/\/thomasaudio.se\/index.php?rest_route=\/wp\/v2\/product\/64","targetHints":{"allow":["GET"]}}],"collection":[{"href":"https:\/\/thomasaudio.se\/index.php?rest_route=\/wp\/v2\/product"}],"about":[{"href":"https:\/\/thomasaudio.se\/index.php?rest_route=\/wp\/v2\/types\/product"}],"wp:featuredmedia":[{"embeddable":true,"href":"https:\/\/thomasaudio.se\/index.php?rest_route=\/wp\/v2\/media\/65"}],"wp:attachment":[{"href":"https:\/\/thomasaudio.se\/index.php?rest_route=%2Fwp%2Fv2%2Fmedia&parent=64"}],"wp:term":[{"taxonomy":"product_brand","embeddable":true,"href":"https:\/\/thomasaudio.se\/index.php?rest_route=%2Fwp%2Fv2%2Fproduct_brand&post=64"},{"taxonomy":"product_cat","embeddable":true,"href":"https:\/\/thomasaudio.se\/index.php?rest_route=%2Fwp%2Fv2%2Fproduct_cat&post=64"},{"taxonomy":"product_tag","embeddable":true,"href":"https:\/\/thomasaudio.se\/index.php?rest_route=%2Fwp%2Fv2%2Fproduct_tag&post=64"}],"curies":[{"name":"wp","href":"https:\/\/api.w.org\/{rel}","templated":true}]}}